{"id":995,"date":"2025-07-01T12:41:28","date_gmt":"2025-07-01T11:41:28","guid":{"rendered":"https:\/\/ecoinnovate.eu\/?page_id=995"},"modified":"2026-01-02T18:21:03","modified_gmt":"2026-01-02T17:21:03","slug":"impressum","status":"publish","type":"page","link":"https:\/\/ecoinnovate.eu\/index.php\/de\/impressum\/","title":{"rendered":"Impressum"},"content":{"rendered":"\t\t<div data-elementor-type=\"wp-page\" data-elementor-id=\"995\" class=\"elementor elementor-995\" data-elementor-post-type=\"page\">\n\t\t\t\t<div class=\"elementor-element elementor-element-a64e887 e-flex e-con-boxed e-con e-parent\" data-id=\"a64e887\" data-element_type=\"container\" data-e-type=\"container\">\n\t\t\t\t\t<div class=\"e-con-inner\">\n\t\t\t\t<div class=\"elementor-element elementor-element-02e3694 elementor-widget elementor-widget-heading\" data-id=\"02e3694\" data-element_type=\"widget\" data-e-type=\"widget\" data-widget_type=\"heading.default\">\n\t\t\t\t<div class=\"elementor-widget-container\">\n\t\t\t\t\t<h2 class=\"elementor-heading-title elementor-size-default\">Impressum<\/h2>\t\t\t\t<\/div>\n\t\t\t\t<\/div>\n\t\t\t\t\t<\/div>\n\t\t\t\t<\/div>\n\t\t<div class=\"elementor-element elementor-element-9b12da0 e-flex e-con-boxed e-con e-parent\" data-id=\"9b12da0\" data-element_type=\"container\" data-e-type=\"container\">\n\t\t\t\t\t<div class=\"e-con-inner\">\n\t\t\t\t<div class=\"elementor-element elementor-element-01ec134 elementor-widget elementor-widget-text-editor\" data-id=\"01ec134\" data-element_type=\"widget\" data-e-type=\"widget\" data-widget_type=\"text-editor.default\">\n\t\t\t\t<div class=\"elementor-widget-container\">\n\t\t\t\t\t\t\t\t\t<p><strong>EcoInnovate AI+<\/strong><br \/>Bef\u00e4higung der beruflichen Aus- und Weiterbildung mit KI-gesteuerten Product-to-Service-F\u00e4higkeiten f\u00fcr eine nachhaltige Zukunft<br \/>Erasmus+ KA210-VET Kleinpartnerschaftsprojekt<\/p><p><strong data-start=\"268\" data-end=\"283\">KI-Hinweis:<\/strong><br data-start=\"283\" data-end=\"286\" \/>Auf dieser Website werden KI-gest\u00fctzte Chatbots (EduBots) sowie teilweise KI-generierte Inhalte eingesetzt.<br data-start=\"395\" data-end=\"398\" \/>Die KI-Anwendungen dienen ausschlie\u00dflich Bildungs- und Lernzwecken und ersetzen keine fachliche, rechtliche oder berufliche Beratung.<\/p><p><strong>Projektkoordination \/\u00a0<\/strong><em>Inhaltlich<br \/>Verantwortlicher (gem. \u00a75 TMG und Art. 4 DSGVO):<\/em><\/p><p><strong>The Critical<\/strong><br \/>Vilnius, Litauen<br \/>Website:\u00a0<a href=\"https:\/\/thecritical.lt\/\">https:\/\/thecritical.lt<\/a><br \/>E-Mail:\u00a0info@thecritical.lt<br \/>Institutionscode: 304562858<br \/>Gesch\u00e4ftsf\u00fchrer:\u00a0<em>Zemartas Budrys<\/em><\/p><p><strong>Projektpartner:<\/strong><br \/><strong>Hafelekar Unternehmensberatung Schober GmbH<\/strong><br \/>Eschenbachgasse 14, A-3040 Neulengbach, \u00d6sterreich<br \/>Website:\u00a0<a href=\"http:\/\/www.hafelekar.at\/\">www.hafelekar.at<\/a><br \/>E-Mail:\u00a0office@hafelekar.at<br \/>Handelsregisternummer: 251806d<br \/>Gesch\u00e4ftsf\u00fchrer:\u00a0<em>Dr. Paul Schober<\/em><\/p><p><strong>Haftungsausschluss:<\/strong><br \/>Diese Website ist Teil einer Erasmus+-Bildungsinitiative und dient nur zu Informationszwecken. Die Inhalte wurden mit gr\u00f6\u00dftm\u00f6glicher Sorgfalt erstellt. Wir \u00fcbernehmen jedoch keine Gew\u00e4hr f\u00fcr die Richtigkeit, Vollst\u00e4ndigkeit oder Aktualit\u00e4t der Inhalte. Als Diensteanbieter sind wir f\u00fcr eigene Inhalte auf diesen Seiten nach den allgemeinen Gesetzen verantwortlich.<\/p><p>Trotz sorgf\u00e4ltiger inhaltlicher Kontrolle \u00fcbernehmen wir keine Haftung f\u00fcr die Inhalte externer Links. F\u00fcr den Inhalt der verlinkten Seiten sind ausschlie\u00dflich deren Betreiber verantwortlich.<\/p><p><strong data-start=\"128\" data-end=\"163\">Urheberrecht und Lizenzhinweis:<\/strong><br data-start=\"163\" data-end=\"166\" \/>Sofern nicht anders angegeben, stehen alle Inhalte dieser Website unter der\u00a0<strong data-start=\"242\" data-end=\"285\">Creative Commons Lizenz CC BY-NC-ND 4.0<\/strong>\u00a0(Namensnennung \u2013 Nicht kommerziell \u2013 Keine Bearbeitungen).<br data-start=\"344\" data-end=\"347\" \/>Das bedeutet: Sie d\u00fcrfen die Inhalte\u00a0<strong data-start=\"384\" data-end=\"424\">vervielf\u00e4ltigen und weiterverbreiten<\/strong>, jedoch\u00a0<strong data-start=\"433\" data-end=\"453\">nicht bearbeiten<\/strong>\u00a0und\u00a0<strong data-start=\"458\" data-end=\"486\">nicht kommerziell nutzen<\/strong>. Die Namensnennung des urspr\u00fcnglichen Urhebers ist erforderlich.<\/p><p><br data-start=\"551\" data-end=\"554\" \/>Weitere Informationen:\u00a0<a class=\"decorated-link\" href=\"https:\/\/creativecommons.org\/licenses\/by-nc-nd\/4.0\/deed.de\" target=\"_new\" rel=\"noopener\" data-start=\"577\" data-end=\"695\" data-is-last-node=\"\">https:\/\/creativecommons.org\/licenses\/by-nc-nd\/4.0\/deed.de<\/a><\/p>\t\t\t\t\t\t\t\t<\/div>\n\t\t\t\t<\/div>\n\t\t\t\t\t<\/div>\n\t\t\t\t<\/div>\n\t\t\t\t<\/div>\n\t\t","protected":false},"excerpt":{"rendered":"<p>Impressum EcoInnovate AI+Bef\u00e4higung der beruflichen Aus- und Weiterbildung mit KI-gesteuerten Product-to-Service-F\u00e4higkeiten f\u00fcr eine nachhaltige ZukunftErasmus+ KA210-VET Kleinpartnerschaftsprojekt KI-Hinweis:Auf dieser Website [&hellip;]<\/p>\n","protected":false},"author":1,"featured_media":0,"parent":0,"menu_order":0,"comment_status":"closed","ping_status":"closed","template":"","meta":{"footnotes":""},"class_list":["post-995","page","type-page","status-publish","hentry"],"_links":{"self":[{"href":"https:\/\/ecoinnovate.eu\/index.php\/wp-json\/wp\/v2\/pages\/995","targetHints":{"allow":["GET"]}}],"collection":[{"href":"https:\/\/ecoinnovate.eu\/index.php\/wp-json\/wp\/v2\/pages"}],"about":[{"href":"https:\/\/ecoinnovate.eu\/index.php\/wp-json\/wp\/v2\/types\/page"}],"author":[{"embeddable":true,"href":"https:\/\/ecoinnovate.eu\/index.php\/wp-json\/wp\/v2\/users\/1"}],"replies":[{"embeddable":true,"href":"https:\/\/ecoinnovate.eu\/index.php\/wp-json\/wp\/v2\/comments?post=995"}],"version-history":[{"count":19,"href":"https:\/\/ecoinnovate.eu\/index.php\/wp-json\/wp\/v2\/pages\/995\/revisions"}],"predecessor-version":[{"id":3138,"href":"https:\/\/ecoinnovate.eu\/index.php\/wp-json\/wp\/v2\/pages\/995\/revisions\/3138"}],"wp:attachment":[{"href":"https:\/\/ecoinnovate.eu\/index.php\/wp-json\/wp\/v2\/media?parent=995"}],"curies":[{"name":"wp","href":"https:\/\/api.w.org\/{rel}","templated":true}]}}