{"id":993,"date":"2025-07-01T12:40:09","date_gmt":"2025-07-01T11:40:09","guid":{"rendered":"https:\/\/ecoinnovate.eu\/?page_id=993"},"modified":"2025-09-01T09:12:08","modified_gmt":"2025-09-01T08:12:08","slug":"projekt","status":"publish","type":"page","link":"https:\/\/ecoinnovate.eu\/index.php\/de\/ueber-uns\/projekt\/","title":{"rendered":"Projekt Deutsch"},"content":{"rendered":"\t\t<div data-elementor-type=\"wp-page\" data-elementor-id=\"993\" class=\"elementor elementor-993\" data-elementor-post-type=\"page\">\n\t\t\t\t<div class=\"elementor-element elementor-element-ae93b41 e-flex e-con-boxed e-con e-parent\" data-id=\"ae93b41\" data-element_type=\"container\" data-e-type=\"container\">\n\t\t\t\t\t<div class=\"e-con-inner\">\n\t\t\t\t<div class=\"elementor-element elementor-element-b35e149 elementor-widget elementor-widget-text-editor\" data-id=\"b35e149\" data-element_type=\"widget\" data-e-type=\"widget\" data-widget_type=\"text-editor.default\">\n\t\t\t\t<div class=\"elementor-widget-container\">\n\t\t\t\t\t\t\t\t\t<h2><strong>EcoInnovate AI+<\/strong> unterst\u00fctzt die berufliche Bildung mit innovativen KI-gesteuerten Lerntools und gr\u00fcnen Gesch\u00e4ftsmodellen.<\/h2><p>Unser Ziel ist es, Lernende und Lehrkr\u00e4fte in der beruflichen Aus- und Weiterbildung mit dauerhaften F\u00e4higkeiten auszustatten \u2013 indem wir k\u00fcnstliche Intelligenz mit nachhaltigem Denken kombinieren, um Branchen zu gestalten, die Menschen, Planeten und Fortschritt respektieren.<\/p>\t\t\t\t\t\t\t\t<\/div>\n\t\t\t\t<\/div>\n\t\t\t\t\t<\/div>\n\t\t\t\t<\/div>\n\t\t<div class=\"elementor-element elementor-element-643d0d4 e-flex e-con-boxed e-con e-parent\" data-id=\"643d0d4\" data-element_type=\"container\" data-e-type=\"container\">\n\t\t\t\t\t<div class=\"e-con-inner\">\n\t\t<div class=\"elementor-element elementor-element-8d8e273 e-con-full e-flex e-con e-child\" data-id=\"8d8e273\" data-element_type=\"container\" data-e-type=\"container\">\n\t\t\t\t<div class=\"elementor-element elementor-element-751eed8 elementor-widget__width-initial elementor-widget elementor-widget-image\" data-id=\"751eed8\" data-element_type=\"widget\" data-e-type=\"widget\" data-widget_type=\"image.default\">\n\t\t\t\t<div class=\"elementor-widget-container\">\n\t\t\t\t\t\t\t\t\t\t\t\t\t\t\t<img fetchpriority=\"high\" decoding=\"async\" width=\"800\" height=\"530\" src=\"https:\/\/ecoinnovate.eu\/wp-content\/uploads\/2025\/05\/beekeeping-4232534-1024x678.jpg\" class=\"attachment-large size-large wp-image-19\" alt=\"\" srcset=\"https:\/\/ecoinnovate.eu\/wp-content\/uploads\/2025\/05\/beekeeping-4232534-1024x678.jpg 1024w, https:\/\/ecoinnovate.eu\/wp-content\/uploads\/2025\/05\/beekeeping-4232534-300x199.jpg 300w, https:\/\/ecoinnovate.eu\/wp-content\/uploads\/2025\/05\/beekeeping-4232534-768x509.jpg 768w, https:\/\/ecoinnovate.eu\/wp-content\/uploads\/2025\/05\/beekeeping-4232534-1536x1017.jpg 1536w, https:\/\/ecoinnovate.eu\/wp-content\/uploads\/2025\/05\/beekeeping-4232534-2048x1356.jpg 2048w\" sizes=\"(max-width: 800px) 100vw, 800px\" \/>\t\t\t\t\t\t\t\t\t\t\t\t\t\t\t<\/div>\n\t\t\t\t<\/div>\n\t\t\t\t<\/div>\n\t\t<div class=\"elementor-element elementor-element-3cb123a e-con-full e-flex e-con e-child\" data-id=\"3cb123a\" data-element_type=\"container\" data-e-type=\"container\">\n\t\t\t\t<div class=\"elementor-element elementor-element-3cf26f2 elementor-widget elementor-widget-text-editor\" data-id=\"3cf26f2\" data-element_type=\"widget\" data-e-type=\"widget\" data-widget_type=\"text-editor.default\">\n\t\t\t\t<div class=\"elementor-widget-container\">\n\t\t\t\t\t\t\t\t\t<p>EcoInnovate AI+ transformiert das Lernen in Wirtschaft, Nachhaltigkeit und Innovation, indem es den Lernenden die Kontrolle gibt.<\/p><p>Unsere Plattform verwendet KI-gest\u00fctzte EduBots, um reale, servicebasierte Gesch\u00e4ftsherausforderungen zu simulieren und komplexe Konzepte ansprechend und praktisch zu gestalten. Die Lernenden interagieren mit dynamischen Fallstudien, erforschen den Wandel von Produkten zu Dienstleistungen und entwickeln F\u00e4higkeiten zum kritischen Denken, die f\u00fcr die sich entwickelnde Wirtschaft von heute erforderlich sind.<\/p><p>Mit einem starken Fokus auf Nachhaltigkeit und digitale Innovation bereitet EcoInnovate AI+ Sch\u00fcler und Lehrkr\u00e4fte darauf vor, positive Ver\u00e4nderungen in der Welt voranzutreiben<\/p>\t\t\t\t\t\t\t\t<\/div>\n\t\t\t\t<\/div>\n\t\t\t\t<\/div>\n\t\t\t\t\t<\/div>\n\t\t\t\t<\/div>\n\t\t<div class=\"elementor-element elementor-element-6a0c078 e-flex e-con-boxed e-con e-parent\" data-id=\"6a0c078\" data-element_type=\"container\" data-e-type=\"container\">\n\t\t\t\t\t<div class=\"e-con-inner\">\n\t\t\t\t<div class=\"elementor-element elementor-element-c3bf2a7 elementor-widget elementor-widget-text-editor\" data-id=\"c3bf2a7\" data-element_type=\"widget\" data-e-type=\"widget\" data-widget_type=\"text-editor.default\">\n\t\t\t\t<div class=\"elementor-widget-container\">\n\t\t\t\t\t\t\t\t\t<h3 data-start=\"906\" data-end=\"935\">Was wir bieten<\/h3><ul data-start=\"999\" data-end=\"1636\"><li data-start=\"999\" data-end=\"1141\"><p><strong>KI-gest\u00fctzte EduBots:<\/strong> Interaktive Lernbegleiter, die Lernende durch die Erstellung nachhaltiger Product-to-Service (P2S)-Modelle f\u00fchren.<\/p><\/li><li data-start=\"1142\" data-end=\"1261\"><p><strong>Blended Training f\u00fcr P\u00e4dagogen: Ein modulares<\/strong> Programm, das P2S-Denken und KI-Tools in der beruflichen Bildung einf\u00fchrt.<\/p><\/li><li data-start=\"1262\" data-end=\"1390\"><p><strong>Open Educational Resources: Kostenlose Toolkits<\/strong>, Vorlagen und Lernmodule, die auf digitale und gr\u00fcne Kompetenzen ausgerichtet sind.<\/p><\/li><li data-start=\"1391\" data-end=\"1524\"><p><strong>Fallstudien<\/strong> aus der Praxis: In Zusammenarbeit mit Lernenden gezeigt, wie nachhaltige Gesch\u00e4ftsideen in der Praxis entwickelt werden.<\/p><\/li><li data-start=\"1525\" data-end=\"1636\"><p><strong>Virtuelle Community of Practice<\/strong>\u00a0\u2013 Ein Netzwerk f\u00fcr Berufsbildungsfachleute, um Tools, Feedback und Erfahrungen auszutauschen.<\/p><\/li><\/ul>\t\t\t\t\t\t\t\t<\/div>\n\t\t\t\t<\/div>\n\t\t\t\t\t<\/div>\n\t\t\t\t<\/div>\n\t\t<div class=\"elementor-element elementor-element-f4b11d6 e-flex e-con-boxed e-con e-parent\" data-id=\"f4b11d6\" data-element_type=\"container\" data-e-type=\"container\">\n\t\t\t\t\t<div class=\"e-con-inner\">\n\t\t\t\t<div class=\"elementor-element elementor-element-ed68884 elementor-widget elementor-widget-spacer\" data-id=\"ed68884\" data-element_type=\"widget\" data-e-type=\"widget\" data-widget_type=\"spacer.default\">\n\t\t\t\t<div class=\"elementor-widget-container\">\n\t\t\t\t\t\t\t<div class=\"elementor-spacer\">\n\t\t\t<div class=\"elementor-spacer-inner\"><\/div>\n\t\t<\/div>\n\t\t\t\t\t\t<\/div>\n\t\t\t\t<\/div>\n\t\t\t\t\t<\/div>\n\t\t\t\t<\/div>\n\t\t<div class=\"elementor-element elementor-element-90386c3 e-flex e-con-boxed e-con e-parent\" data-id=\"90386c3\" data-element_type=\"container\" data-e-type=\"container\">\n\t\t\t\t\t<div class=\"e-con-inner\">\n\t\t<div class=\"elementor-element elementor-element-8d3798a e-con-full e-flex e-con e-child\" data-id=\"8d3798a\" data-element_type=\"container\" data-e-type=\"container\">\n\t\t\t\t<div class=\"elementor-element elementor-element-bf0014c elementor-widget elementor-widget-text-editor\" data-id=\"bf0014c\" data-element_type=\"widget\" data-e-type=\"widget\" data-widget_type=\"text-editor.default\">\n\t\t\t\t<div class=\"elementor-widget-container\">\n\t\t\t\t\t\t\t\t\t<h3 data-start=\"1770\" data-end=\"1798\">F\u00fcr Wen ist Es<\/h3><ul><li>Lernende in der beruflichen Aus- und Weiterbildung (16\u201325 Jahre)<\/li><li>P\u00e4dagoginnen und P\u00e4dagogen sowie Ausbilderinnen und Ausbilder in der beruflichen Bildung<\/li><li>Berufsschulen und Einrichtungen, die sich modernisieren wollen<\/li><li>KMU, die an Nachhaltigkeit und Innovation interessiert sind<\/li><\/ul>\t\t\t\t\t\t\t\t<\/div>\n\t\t\t\t<\/div>\n\t\t\t\t<\/div>\n\t\t<div class=\"elementor-element elementor-element-2a4b5c6 e-con-full e-flex e-con e-child\" data-id=\"2a4b5c6\" data-element_type=\"container\" data-e-type=\"container\">\n\t\t\t\t<div class=\"elementor-element elementor-element-86192c4 elementor-widget__width-initial elementor-widget elementor-widget-image\" data-id=\"86192c4\" data-element_type=\"widget\" data-e-type=\"widget\" data-widget_type=\"image.default\">\n\t\t\t\t<div class=\"elementor-widget-container\">\n\t\t\t\t\t\t\t\t\t\t\t\t\t\t\t<img decoding=\"async\" width=\"800\" height=\"534\" src=\"https:\/\/ecoinnovate.eu\/wp-content\/uploads\/2025\/05\/notebook-405755-1024x683.jpg\" class=\"attachment-large size-large wp-image-39\" alt=\"\" srcset=\"https:\/\/ecoinnovate.eu\/wp-content\/uploads\/2025\/05\/notebook-405755-1024x683.jpg 1024w, https:\/\/ecoinnovate.eu\/wp-content\/uploads\/2025\/05\/notebook-405755-300x200.jpg 300w, https:\/\/ecoinnovate.eu\/wp-content\/uploads\/2025\/05\/notebook-405755-768x512.jpg 768w, https:\/\/ecoinnovate.eu\/wp-content\/uploads\/2025\/05\/notebook-405755-1536x1024.jpg 1536w, https:\/\/ecoinnovate.eu\/wp-content\/uploads\/2025\/05\/notebook-405755-2048x1365.jpg 2048w\" sizes=\"(max-width: 800px) 100vw, 800px\" \/>\t\t\t\t\t\t\t\t\t\t\t\t\t\t\t<\/div>\n\t\t\t\t<\/div>\n\t\t\t\t<\/div>\n\t\t\t\t\t<\/div>\n\t\t\t\t<\/div>\n\t\t<div class=\"elementor-element elementor-element-eb45a0c e-flex e-con-boxed e-con e-parent\" data-id=\"eb45a0c\" data-element_type=\"container\" data-e-type=\"container\">\n\t\t\t\t\t<div class=\"e-con-inner\">\n\t\t\t\t<div class=\"elementor-element elementor-element-b9a51a6 elementor-widget elementor-widget-spacer\" data-id=\"b9a51a6\" data-element_type=\"widget\" data-e-type=\"widget\" data-widget_type=\"spacer.default\">\n\t\t\t\t<div class=\"elementor-widget-container\">\n\t\t\t\t\t\t\t<div class=\"elementor-spacer\">\n\t\t\t<div class=\"elementor-spacer-inner\"><\/div>\n\t\t<\/div>\n\t\t\t\t\t\t<\/div>\n\t\t\t\t<\/div>\n\t\t\t\t\t<\/div>\n\t\t\t\t<\/div>\n\t\t<div class=\"elementor-element elementor-element-5151b0c e-flex e-con-boxed e-con e-parent\" data-id=\"5151b0c\" data-element_type=\"container\" data-e-type=\"container\">\n\t\t\t\t\t<div class=\"e-con-inner\">\n\t\t\t\t<div class=\"elementor-element elementor-element-d3b6276 elementor-widget elementor-widget-heading\" data-id=\"d3b6276\" data-element_type=\"widget\" data-e-type=\"widget\" data-widget_type=\"heading.default\">\n\t\t\t\t<div class=\"elementor-widget-container\">\n\t\t\t\t\t<h2 class=\"elementor-heading-title elementor-size-default\">FAQ<\/h2>\t\t\t\t<\/div>\n\t\t\t\t<\/div>\n\t\t\t\t\t<\/div>\n\t\t\t\t<\/div>\n\t\t<div class=\"elementor-element elementor-element-c72ed41 e-flex e-con-boxed e-con e-parent\" data-id=\"c72ed41\" data-element_type=\"container\" data-e-type=\"container\">\n\t\t\t\t\t<div class=\"e-con-inner\">\n\t\t\t\t<div class=\"elementor-element elementor-element-20c2892 elementor-widget elementor-widget-spacer\" data-id=\"20c2892\" data-element_type=\"widget\" data-e-type=\"widget\" data-widget_type=\"spacer.default\">\n\t\t\t\t<div class=\"elementor-widget-container\">\n\t\t\t\t\t\t\t<div class=\"elementor-spacer\">\n\t\t\t<div class=\"elementor-spacer-inner\"><\/div>\n\t\t<\/div>\n\t\t\t\t\t\t<\/div>\n\t\t\t\t<\/div>\n\t\t\t\t\t<\/div>\n\t\t\t\t<\/div>\n\t\t<div class=\"elementor-element elementor-element-4f0c379 e-flex e-con-boxed e-con e-parent\" data-id=\"4f0c379\" data-element_type=\"container\" data-e-type=\"container\">\n\t\t\t\t\t<div class=\"e-con-inner\">\n\t\t\t\t<div class=\"elementor-element elementor-element-848c503 elementor-widget elementor-widget-text-editor\" data-id=\"848c503\" data-element_type=\"widget\" data-e-type=\"widget\" data-widget_type=\"text-editor.default\">\n\t\t\t\t<div class=\"elementor-widget-container\">\n\t\t\t\t\t\t\t\t\t<p><strong>Was ist das Product-to-Service (P2S)-Modell?<\/strong><br>Ein Modell, das Produkte in Dienstleistungen umwandelt und dabei den Schwerpunkt auf zirkul\u00e4rem Wert, Kundenbindung und Nachhaltigkeit legt.<\/p>\n<p><strong>Was sind EduBots und wie funktionieren sie?<\/strong><br>Dabei handelt es sich um KI-Chatbots, die mit den Lernenden interagieren, um sie anhand realer Szenarien durch die nachhaltige Gesch\u00e4ftsmodellentwicklung zu f\u00fchren.<\/p>\n<p><strong style=\"font-family: -apple-system, BlinkMacSystemFont, &quot;Segoe UI&quot;, Roboto, &quot;Helvetica Neue&quot;, Arial, &quot;Noto Sans&quot;, sans-serif, &quot;Apple Color Emoji&quot;, &quot;Segoe UI Emoji&quot;, &quot;Segoe UI Symbol&quot;, &quot;Noto Color Emoji&quot;; font-size: 1rem;\">Sind Ihre Tools kostenlos zu verwenden?<\/strong><\/p><p>Ja. Alle EduBots, Vorlagen und Materialien werden als Open Educational Resources (OER) ver\u00f6ffentlicht und k\u00f6nnen kostenlos heruntergeladen und angepasst werden.<\/p>\n<p><strong>Wie kann meine Institution oder mein Unternehmen am Projekt teilnehmen?<\/strong><br>Kontaktieren Sie uns \u00fcber unsere Kontaktseite. Wir sind auf der Suche nach Schulen und KMUs, die an Pilotversuchen und Co-Creation-Aktivit\u00e4ten teilnehmen m\u00f6chten.<\/p>\t\t\t\t\t\t\t\t<\/div>\n\t\t\t\t<\/div>\n\t\t\t\t\t<\/div>\n\t\t\t\t<\/div>\n\t\t\t\t<\/div>\n\t\t","protected":false},"excerpt":{"rendered":"<p>EcoInnovate AI+ unterst\u00fctzt die berufliche Bildung mit innovativen KI-gesteuerten Lerntools und gr\u00fcnen Gesch\u00e4ftsmodellen. Unser Ziel ist es, Lernende und Lehrkr\u00e4fte [&hellip;]<\/p>\n","protected":false},"author":1,"featured_media":0,"parent":907,"menu_order":0,"comment_status":"closed","ping_status":"closed","template":"","meta":{"footnotes":""},"class_list":["post-993","page","type-page","status-publish","hentry"],"_links":{"self":[{"href":"https:\/\/ecoinnovate.eu\/index.php\/wp-json\/wp\/v2\/pages\/993","targetHints":{"allow":["GET"]}}],"collection":[{"href":"https:\/\/ecoinnovate.eu\/index.php\/wp-json\/wp\/v2\/pages"}],"about":[{"href":"https:\/\/ecoinnovate.eu\/index.php\/wp-json\/wp\/v2\/types\/page"}],"author":[{"embeddable":true,"href":"https:\/\/ecoinnovate.eu\/index.php\/wp-json\/wp\/v2\/users\/1"}],"replies":[{"embeddable":true,"href":"https:\/\/ecoinnovate.eu\/index.php\/wp-json\/wp\/v2\/comments?post=993"}],"version-history":[{"count":28,"href":"https:\/\/ecoinnovate.eu\/index.php\/wp-json\/wp\/v2\/pages\/993\/revisions"}],"predecessor-version":[{"id":1652,"href":"https:\/\/ecoinnovate.eu\/index.php\/wp-json\/wp\/v2\/pages\/993\/revisions\/1652"}],"up":[{"embeddable":true,"href":"https:\/\/ecoinnovate.eu\/index.php\/wp-json\/wp\/v2\/pages\/907"}],"wp:attachment":[{"href":"https:\/\/ecoinnovate.eu\/index.php\/wp-json\/wp\/v2\/media?parent=993"}],"curies":[{"name":"wp","href":"https:\/\/api.w.org\/{rel}","templated":true}]}}