{"id":989,"date":"2025-07-01T12:37:39","date_gmt":"2025-07-01T11:37:39","guid":{"rendered":"https:\/\/ecoinnovate.eu\/?page_id=989"},"modified":"2025-09-13T12:54:06","modified_gmt":"2025-09-13T11:54:06","slug":"kontakt","status":"publish","type":"page","link":"https:\/\/ecoinnovate.eu\/index.php\/de\/ueber-uns\/kontakt\/","title":{"rendered":"Kontakt"},"content":{"rendered":"\t\t<div data-elementor-type=\"wp-page\" data-elementor-id=\"989\" class=\"elementor elementor-989\" data-elementor-post-type=\"page\">\n\t\t\t\t<div class=\"elementor-element elementor-element-a93bad4 e-flex e-con-boxed e-con e-parent\" data-id=\"a93bad4\" data-element_type=\"container\" data-e-type=\"container\">\n\t\t\t\t\t<div class=\"e-con-inner\">\n\t\t\t\t<div class=\"elementor-element elementor-element-26b2421 elementor-widget elementor-widget-heading\" data-id=\"26b2421\" data-element_type=\"widget\" data-e-type=\"widget\" data-widget_type=\"heading.default\">\n\t\t\t\t<div class=\"elementor-widget-container\">\n\t\t\t\t\t<h2 class=\"elementor-heading-title elementor-size-default\">Lassen Sie uns in Kontakt treten<\/h2>\t\t\t\t<\/div>\n\t\t\t\t<\/div>\n\t\t\t\t\t<\/div>\n\t\t\t\t<\/div>\n\t\t<div class=\"elementor-element elementor-element-26c64e0 e-flex e-con-boxed e-con e-parent\" data-id=\"26c64e0\" data-element_type=\"container\" data-e-type=\"container\">\n\t\t\t\t\t<div class=\"e-con-inner\">\n\t\t\t\t<div class=\"elementor-element elementor-element-23abd16 elementor-widget elementor-widget-text-editor\" data-id=\"23abd16\" data-element_type=\"widget\" data-e-type=\"widget\" data-widget_type=\"text-editor.default\">\n\t\t\t\t<div class=\"elementor-widget-container\">\n\t\t\t\t\t\t\t\t\t<p><strong>EcoInnovate AI+<\/strong>\u00a0wird durch eine Zusammenarbeit zwischen zwei Organisationen aus Litauen und \u00d6sterreich umgesetzt. Jeder Partner bringt unterschiedliche Fachkenntnisse in den Bereichen Nachhaltigkeit, Bildung und Technologie mit, um den digitalen und gr\u00fcnen Wandel in der beruflichen Aus- und Weiterbildung zu unterst\u00fctzen.<\/p>\t\t\t\t\t\t\t\t<\/div>\n\t\t\t\t<\/div>\n\t\t\t\t\t<\/div>\n\t\t\t\t<\/div>\n\t\t<div class=\"elementor-element elementor-element-8f88c77 e-flex e-con-boxed e-con e-parent\" data-id=\"8f88c77\" data-element_type=\"container\" data-e-type=\"container\">\n\t\t\t\t\t<div class=\"e-con-inner\">\n\t\t\t\t<div class=\"elementor-element elementor-element-1a016d6 elementor-widget elementor-widget-spacer\" data-id=\"1a016d6\" data-element_type=\"widget\" data-e-type=\"widget\" data-widget_type=\"spacer.default\">\n\t\t\t\t<div class=\"elementor-widget-container\">\n\t\t\t\t\t\t\t<div class=\"elementor-spacer\">\n\t\t\t<div class=\"elementor-spacer-inner\"><\/div>\n\t\t<\/div>\n\t\t\t\t\t\t<\/div>\n\t\t\t\t<\/div>\n\t\t\t\t\t<\/div>\n\t\t\t\t<\/div>\n\t\t<div class=\"elementor-element elementor-element-302499b e-flex e-con-boxed e-con e-parent\" data-id=\"302499b\" data-element_type=\"container\" data-e-type=\"container\">\n\t\t\t\t\t<div class=\"e-con-inner\">\n\t\t<div class=\"elementor-element elementor-element-e1289a4 e-con-full e-flex e-con e-child\" data-id=\"e1289a4\" data-element_type=\"container\" data-e-type=\"container\">\n\t\t\t\t<\/div>\n\t\t<div class=\"elementor-element elementor-element-d1cdc80 e-con-full e-flex e-con e-child\" data-id=\"d1cdc80\" data-element_type=\"container\" data-e-type=\"container\">\n\t\t\t\t<div class=\"elementor-element elementor-element-8772016 elementor-widget__width-initial elementor-widget elementor-widget-image\" data-id=\"8772016\" data-element_type=\"widget\" data-e-type=\"widget\" data-widget_type=\"image.default\">\n\t\t\t\t<div class=\"elementor-widget-container\">\n\t\t\t\t\t\t\t\t\t\t\t\t<figure class=\"wp-caption\">\n\t\t\t\t\t\t\t\t\t\t<img fetchpriority=\"high\" decoding=\"async\" width=\"800\" height=\"298\" src=\"https:\/\/ecoinnovate.eu\/wp-content\/uploads\/2025\/05\/THECRITICAL_2_BLACK-1024x381.png\" class=\"attachment-large size-large wp-image-58\" alt=\"\" srcset=\"https:\/\/ecoinnovate.eu\/wp-content\/uploads\/2025\/05\/THECRITICAL_2_BLACK-1024x381.png 1024w, https:\/\/ecoinnovate.eu\/wp-content\/uploads\/2025\/05\/THECRITICAL_2_BLACK-300x112.png 300w, https:\/\/ecoinnovate.eu\/wp-content\/uploads\/2025\/05\/THECRITICAL_2_BLACK-768x286.png 768w, https:\/\/ecoinnovate.eu\/wp-content\/uploads\/2025\/05\/THECRITICAL_2_BLACK-1536x572.png 1536w, https:\/\/ecoinnovate.eu\/wp-content\/uploads\/2025\/05\/THECRITICAL_2_BLACK-2048x762.png 2048w\" sizes=\"(max-width: 800px) 100vw, 800px\" \/>\t\t\t\t\t\t\t\t\t\t\t<figcaption class=\"widget-image-caption wp-caption-text\"><\/figcaption>\n\t\t\t\t\t\t\t\t\t\t<\/figure>\n\t\t\t\t\t\t\t\t\t<\/div>\n\t\t\t\t<\/div>\n\t\t\t\t<div class=\"elementor-element elementor-element-4f350e3 elementor-widget elementor-widget-text-editor\" data-id=\"4f350e3\" data-element_type=\"widget\" data-e-type=\"widget\" data-widget_type=\"text-editor.default\">\n\t\t\t\t<div class=\"elementor-widget-container\">\n\t\t\t\t\t\t\t\t\t<p data-start=\"604\" data-end=\"633\"><strong>Rolle: Projektkoordinator<\/strong><\/p><p><strong>UAB, The Critical<\/strong>\u00a0ist eine Design- und Forschungsagentur mit Sitz in Vilnius, Litauen, die sich auf Kreislaufwirtschaftsstrategien, Dienstleistungsdesign und Bildungsinnovation spezialisiert hat. Die Organisation bringt viel Erfahrung in partizipativem Lernen und nachhaltigkeitsorientierter Gesch\u00e4ftsmodellierung mit.<\/p><p>Innerhalb von EcoInnovate AI+ leitet Theoria den p\u00e4dagogischen Rahmen, die gemeinsame Erstellung von Inhalten und das gesamte Projektmanagement und stellt sicher, dass die entwickelten Tools und Schulungsmaterialien relevant, zug\u00e4nglich und auf die sich entwickelnden Bed\u00fcrfnisse des Berufsbildungssektors abgestimmt sind.<\/p>\t\t\t\t\t\t\t\t<\/div>\n\t\t\t\t<\/div>\n\t\t\t\t<\/div>\n\t\t\t\t\t<\/div>\n\t\t\t\t<\/div>\n\t\t<div class=\"elementor-element elementor-element-b70ef6f e-flex e-con-boxed e-con e-parent\" data-id=\"b70ef6f\" data-element_type=\"container\" data-e-type=\"container\">\n\t\t\t\t\t<div class=\"e-con-inner\">\n\t\t\t\t<div class=\"elementor-element elementor-element-23adc62 elementor-widget-divider--view-line elementor-widget elementor-widget-divider\" data-id=\"23adc62\" data-element_type=\"widget\" data-e-type=\"widget\" data-widget_type=\"divider.default\">\n\t\t\t\t<div class=\"elementor-widget-container\">\n\t\t\t\t\t\t\t<div class=\"elementor-divider\">\n\t\t\t<span class=\"elementor-divider-separator\">\n\t\t\t\t\t\t<\/span>\n\t\t<\/div>\n\t\t\t\t\t\t<\/div>\n\t\t\t\t<\/div>\n\t\t\t\t\t<\/div>\n\t\t\t\t<\/div>\n\t\t<div class=\"elementor-element elementor-element-56da20d e-flex e-con-boxed e-con e-parent\" data-id=\"56da20d\" data-element_type=\"container\" data-e-type=\"container\">\n\t\t\t\t\t<div class=\"e-con-inner\">\n\t\t<div class=\"elementor-element elementor-element-5c239a2 e-con-full e-flex e-con e-child\" data-id=\"5c239a2\" data-element_type=\"container\" data-e-type=\"container\">\n\t\t\t\t<\/div>\n\t\t<div class=\"elementor-element elementor-element-afc24f4 e-con-full e-flex e-con e-child\" data-id=\"afc24f4\" data-element_type=\"container\" data-e-type=\"container\">\n\t\t\t\t<div class=\"elementor-element elementor-element-df259a5 elementor-widget__width-initial elementor-widget elementor-widget-image\" data-id=\"df259a5\" data-element_type=\"widget\" data-e-type=\"widget\" data-widget_type=\"image.default\">\n\t\t\t\t<div class=\"elementor-widget-container\">\n\t\t\t\t\t\t\t\t\t\t\t\t\t\t\t<img decoding=\"async\" width=\"591\" height=\"105\" src=\"https:\/\/ecoinnovate.eu\/wp-content\/uploads\/2025\/05\/HAFELEKAR_RGB.jpg\" class=\"attachment-large size-large wp-image-57\" alt=\"\" srcset=\"https:\/\/ecoinnovate.eu\/wp-content\/uploads\/2025\/05\/HAFELEKAR_RGB.jpg 591w, https:\/\/ecoinnovate.eu\/wp-content\/uploads\/2025\/05\/HAFELEKAR_RGB-300x53.jpg 300w\" sizes=\"(max-width: 591px) 100vw, 591px\" \/>\t\t\t\t\t\t\t\t\t\t\t\t\t\t\t<\/div>\n\t\t\t\t<\/div>\n\t\t\t\t<div class=\"elementor-element elementor-element-98000dd elementor-widget elementor-widget-text-editor\" data-id=\"98000dd\" data-element_type=\"widget\" data-e-type=\"widget\" data-widget_type=\"text-editor.default\">\n\t\t\t\t<div class=\"elementor-widget-container\">\n\t\t\t\t\t\t\t\t\t<p data-start=\"1312\" data-end=\"1355\"><strong data-start=\"1312\" data-end=\"1355\">Rolle: Leitung der technischen- und KI-Entwicklung<\/strong><\/p><p><strong>Hafelekar<\/strong>\u00a0ist ein Beratungs- und angewandtes Forschungsunternehmen mit Sitz in Neulengbach, \u00d6sterreich. Sie verf\u00fcgt \u00fcber umfangreiche Erfahrung in den Bereichen berufliche Bildung, digitale Lernumgebungen und KI-gest\u00fctzte Ausbildungssysteme.<\/p><p>In EcoInnovate AI+ ist Hafelekar f\u00fcr die Entwicklung der KI-gest\u00fctzten EduBots verantwortlich und unterst\u00fctzt bei der Gestaltung von digitalen Tools und Blended-Learning-Modulen. Ihre Rolle gew\u00e4hrleistet die technische Solidit\u00e4t, Benutzerfreundlichkeit und Innovation in allen Projektergebnissen.<\/p><p>\u00a0<\/p>\t\t\t\t\t\t\t\t<\/div>\n\t\t\t\t<\/div>\n\t\t\t\t<\/div>\n\t\t\t\t\t<\/div>\n\t\t\t\t<\/div>\n\t\t<div class=\"elementor-element elementor-element-9ba84e1 e-flex e-con-boxed e-con e-parent\" data-id=\"9ba84e1\" data-element_type=\"container\" data-e-type=\"container\">\n\t\t\t\t\t<div class=\"e-con-inner\">\n\t\t<div class=\"elementor-element elementor-element-16815ad e-con-full e-flex e-con e-child\" data-id=\"16815ad\" data-element_type=\"container\" data-e-type=\"container\">\n\t\t\t\t<div class=\"elementor-element elementor-element-0a8da7a elementor-widget__width-initial elementor-widget elementor-widget-text-editor\" data-id=\"0a8da7a\" data-element_type=\"widget\" data-e-type=\"widget\" data-widget_type=\"text-editor.default\">\n\t\t\t\t<div class=\"elementor-widget-container\">\n\t\t\t\t\t\t\t\t\t<p data-start=\"338\" data-end=\"493\"><img decoding=\"async\" class=\"wp-image-49 size-medium alignleft\" src=\"https:\/\/ecoinnovate.eu\/wp-content\/uploads\/2025\/05\/mailbox-55464-300x218.jpg\" alt=\"\" width=\"300\" height=\"218\" srcset=\"https:\/\/ecoinnovate.eu\/wp-content\/uploads\/2025\/05\/mailbox-55464-300x218.jpg 300w, https:\/\/ecoinnovate.eu\/wp-content\/uploads\/2025\/05\/mailbox-55464-1024x743.jpg 1024w, https:\/\/ecoinnovate.eu\/wp-content\/uploads\/2025\/05\/mailbox-55464-768x557.jpg 768w, https:\/\/ecoinnovate.eu\/wp-content\/uploads\/2025\/05\/mailbox-55464-1536x1114.jpg 1536w, https:\/\/ecoinnovate.eu\/wp-content\/uploads\/2025\/05\/mailbox-55464-2048x1486.jpg 2048w\" sizes=\"(max-width: 300px) 100vw, 300px\" \/><\/p>\t\t\t\t\t\t\t\t<\/div>\n\t\t\t\t<\/div>\n\t\t\t\t<\/div>\n\t\t<div class=\"elementor-element elementor-element-43b0239 e-con-full e-flex e-con e-child\" data-id=\"43b0239\" data-element_type=\"container\" data-e-type=\"container\">\n\t\t\t\t<div class=\"elementor-element elementor-element-890b7d2 elementor-widget elementor-widget-text-editor\" data-id=\"890b7d2\" data-element_type=\"widget\" data-e-type=\"widget\" data-widget_type=\"text-editor.default\">\n\t\t\t\t<div class=\"elementor-widget-container\">\n\t\t\t\t\t\t\t\t\t<p>Wir freuen uns \u00fcber Fragen, Vorschl\u00e4ge zur Zusammenarbeit, Medienanfragen und Ideen von allen Akteuren aus den Bereichen berufliche Bildung, Nachhaltigkeit und KI-Innovation.<\/p><p>Ob Sie:<\/p><ul><li>Ein Berufsbildungsp\u00e4dagoge, der KI und Nachhaltigkeit in Ihren Lehrplan integrieren m\u00f6chte,<\/li><li>Lernende oder Praktikanten, die praktische Innovationserfahrungen suchen,<\/li><li>Ein Unternehmen, das an P2S-Zusammenarbeit interessiert ist,<\/li><li>Oder eine politische Entscheidungstr\u00e4gerin, die Strategien f\u00fcr gr\u00fcne Bildung entwickelt.<\/li><\/ul><p>wir m\u00f6chten von Ihnen h\u00f6ren.<\/p>\t\t\t\t\t\t\t\t<\/div>\n\t\t\t\t<\/div>\n\t\t\t\t<\/div>\n\t\t\t\t\t<\/div>\n\t\t\t\t<\/div>\n\t\t<div class=\"elementor-element elementor-element-2d0ee40 e-flex e-con-boxed e-con e-parent\" data-id=\"2d0ee40\" data-element_type=\"container\" data-e-type=\"container\">\n\t\t\t\t\t<div class=\"e-con-inner\">\n\t\t\t\t<div class=\"elementor-element elementor-element-67a38f6 elementor-widget elementor-widget-heading\" data-id=\"67a38f6\" data-element_type=\"widget\" data-e-type=\"widget\" data-widget_type=\"heading.default\">\n\t\t\t\t<div class=\"elementor-widget-container\">\n\t\t\t\t\t<h2 class=\"elementor-heading-title elementor-size-default\">Projekt-Ansprechpartner<\/h2>\t\t\t\t<\/div>\n\t\t\t\t<\/div>\n\t\t\t\t\t<\/div>\n\t\t\t\t<\/div>\n\t\t<div class=\"elementor-element elementor-element-653cba5 e-flex e-con-boxed e-con e-parent\" data-id=\"653cba5\" data-element_type=\"container\" data-e-type=\"container\">\n\t\t\t\t\t<div class=\"e-con-inner\">\n\t\t<div class=\"elementor-element elementor-element-d14f6da e-con-full e-flex e-con e-child\" data-id=\"d14f6da\" data-element_type=\"container\" data-e-type=\"container\">\n\t\t\t\t<div class=\"elementor-element elementor-element-ed4ccda elementor-widget__width-initial elementor-widget elementor-widget-text-editor\" data-id=\"ed4ccda\" data-element_type=\"widget\" data-e-type=\"widget\" data-widget_type=\"text-editor.default\">\n\t\t\t\t<div class=\"elementor-widget-container\">\n\t\t\t\t\t\t\t\t\t<p><strong>Projektleitung \u2013 Litauen<\/strong><br data-start=\"878\" data-end=\"881\" \/>UAB, The Critical<br data-start=\"892\" data-end=\"895\" \/>Vilnius, Litauen<\/p><p><a class=\"cursor-pointer\" rel=\"noopener\" data-start=\"1176\" data-end=\"1195\"><strong>Email:<\/strong> info@thecritical.lt<\/a><br data-start=\"1195\" data-end=\"1198\" \/><strong>Web:<\/strong> <a class=\"\" href=\"https:\/\/thecritical.lt\" target=\"_new\" rel=\"noopener\" data-start=\"1201\" data-end=\"1248\">https:\/\/thecritical.lt<\/a><\/p>\t\t\t\t\t\t\t\t<\/div>\n\t\t\t\t<\/div>\n\t\t\t\t<\/div>\n\t\t<div class=\"elementor-element elementor-element-ec3270b e-con-full e-flex e-con e-child\" data-id=\"ec3270b\" data-element_type=\"container\" data-e-type=\"container\">\n\t\t\t\t<div class=\"elementor-element elementor-element-904c428 elementor-widget elementor-widget-text-editor\" data-id=\"904c428\" data-element_type=\"widget\" data-e-type=\"widget\" data-widget_type=\"text-editor.default\">\n\t\t\t\t<div class=\"elementor-widget-container\">\n\t\t\t\t\t\t\t\t\t<p><strong data-start=\"998\" data-end=\"1024\">Partner \u2013 \u00d6sterreich<\/strong><br data-start=\"1024\" data-end=\"1027\" \/>HAFELEKAR Unternehmensberatung GmbH<br data-start=\"1070\" data-end=\"1073\" \/>Neulengbach, Austria<\/p><p><a class=\"cursor-pointer\" rel=\"noopener\" data-start=\"1176\" data-end=\"1195\"><strong>Email: <\/strong><\/a><a class=\"cursor-pointer\" rel=\"noopener\" data-start=\"1833\" data-end=\"1852\">office@hafelekar.at<\/a><br data-start=\"1852\" data-end=\"1855\" \/><strong>Web:<\/strong> <a class=\"\" href=\"http:\/\/www.hafelekar.at\" target=\"_new\" rel=\"noopener\" data-start=\"1858\" data-end=\"1901\">www.hafelekar.at<\/a><\/p><p>\u00a0<\/p>\t\t\t\t\t\t\t\t<\/div>\n\t\t\t\t<\/div>\n\t\t\t\t<\/div>\n\t\t\t\t\t<\/div>\n\t\t\t\t<\/div>\n\t\t<div class=\"elementor-element elementor-element-6442c8b e-flex e-con-boxed e-con e-parent\" data-id=\"6442c8b\" data-element_type=\"container\" data-e-type=\"container\">\n\t\t\t\t\t<div class=\"e-con-inner\">\n\t\t\t\t<div class=\"elementor-element elementor-element-508887b elementor-widget elementor-widget-spacer\" data-id=\"508887b\" data-element_type=\"widget\" data-e-type=\"widget\" data-widget_type=\"spacer.default\">\n\t\t\t\t<div class=\"elementor-widget-container\">\n\t\t\t\t\t\t\t<div class=\"elementor-spacer\">\n\t\t\t<div class=\"elementor-spacer-inner\"><\/div>\n\t\t<\/div>\n\t\t\t\t\t\t<\/div>\n\t\t\t\t<\/div>\n\t\t\t\t\t<\/div>\n\t\t\t\t<\/div>\n\t\t<div class=\"elementor-element elementor-element-050811a e-flex e-con-boxed e-con e-parent\" data-id=\"050811a\" data-element_type=\"container\" data-e-type=\"container\">\n\t\t\t\t\t<div class=\"e-con-inner\">\n\t\t\t\t<div class=\"elementor-element elementor-element-d796074 elementor-widget elementor-widget-heading\" data-id=\"d796074\" data-element_type=\"widget\" data-e-type=\"widget\" data-widget_type=\"heading.default\">\n\t\t\t\t<div class=\"elementor-widget-container\">\n\t\t\t\t\t<h2 class=\"elementor-heading-title elementor-size-default\">Bleiben Wir in Verbindung<\/h2>\t\t\t\t<\/div>\n\t\t\t\t<\/div>\n\t\t\t\t\t<\/div>\n\t\t\t\t<\/div>\n\t\t<div class=\"elementor-element elementor-element-72cfcc5 e-flex e-con-boxed e-con e-parent\" data-id=\"72cfcc5\" data-element_type=\"container\" data-e-type=\"container\">\n\t\t\t\t\t<div class=\"e-con-inner\">\n\t\t<div class=\"elementor-element elementor-element-9d2554a e-con-full e-flex e-con e-child\" data-id=\"9d2554a\" data-element_type=\"container\" data-e-type=\"container\">\n\t\t\t\t<div class=\"elementor-element elementor-element-8b26123 elementor-widget__width-initial elementor-widget elementor-widget-text-editor\" data-id=\"8b26123\" data-element_type=\"widget\" data-e-type=\"widget\" data-widget_type=\"text-editor.default\">\n\t\t\t\t<div class=\"elementor-widget-container\">\n\t\t\t\t\t\t\t\t\t<p>Wir teilen Updates, Ressourcen und M\u00f6glichkeiten \u00fcber:<\/p><ul><li>Virtuelle Berufsbildungs-Community of Practice\u00a0<em>(in K\u00fcrze)<\/em><\/li><li>Herunterladbare Lernmaterialien und EduBots<\/li><\/ul><p><strong>Lassen Sie uns gemeinsam die Zukunft der beruflichen Bildung gestalten.<\/strong><\/p>\t\t\t\t\t\t\t\t<\/div>\n\t\t\t\t<\/div>\n\t\t\t\t<\/div>\n\t\t<div class=\"elementor-element elementor-element-61dc4d1 e-flex e-con-boxed e-con e-child\" data-id=\"61dc4d1\" data-element_type=\"container\" data-e-type=\"container\">\n\t\t\t\t\t<div class=\"e-con-inner\">\n\t\t\t\t<div class=\"elementor-element elementor-element-b57e300 elementor-widget elementor-widget-image\" data-id=\"b57e300\" data-element_type=\"widget\" data-e-type=\"widget\" data-widget_type=\"image.default\">\n\t\t\t\t<div class=\"elementor-widget-container\">\n\t\t\t\t\t\t\t\t\t\t\t\t\t\t\t<img loading=\"lazy\" decoding=\"async\" width=\"800\" height=\"534\" src=\"https:\/\/ecoinnovate.eu\/wp-content\/uploads\/2025\/05\/chain-218900_1920-1024x683.jpg\" class=\"attachment-large size-large wp-image-21\" alt=\"\" srcset=\"https:\/\/ecoinnovate.eu\/wp-content\/uploads\/2025\/05\/chain-218900_1920-1024x683.jpg 1024w, https:\/\/ecoinnovate.eu\/wp-content\/uploads\/2025\/05\/chain-218900_1920-300x200.jpg 300w, https:\/\/ecoinnovate.eu\/wp-content\/uploads\/2025\/05\/chain-218900_1920-768x512.jpg 768w, https:\/\/ecoinnovate.eu\/wp-content\/uploads\/2025\/05\/chain-218900_1920-1536x1025.jpg 1536w, https:\/\/ecoinnovate.eu\/wp-content\/uploads\/2025\/05\/chain-218900_1920.jpg 1920w\" sizes=\"(max-width: 800px) 100vw, 800px\" \/>\t\t\t\t\t\t\t\t\t\t\t\t\t\t\t<\/div>\n\t\t\t\t<\/div>\n\t\t\t\t\t<\/div>\n\t\t\t\t<\/div>\n\t\t\t\t\t<\/div>\n\t\t\t\t<\/div>\n\t\t<div class=\"elementor-element elementor-element-b5bc5e7 e-flex e-con-boxed e-con e-parent\" data-id=\"b5bc5e7\" data-element_type=\"container\" data-e-type=\"container\">\n\t\t\t\t\t<div class=\"e-con-inner\">\n\t\t\t\t\t<\/div>\n\t\t\t\t<\/div>\n\t\t\t\t<\/div>\n\t\t","protected":false},"excerpt":{"rendered":"<p>Lassen Sie uns in Kontakt treten EcoInnovate AI+\u00a0wird durch eine Zusammenarbeit zwischen zwei Organisationen aus Litauen und \u00d6sterreich umgesetzt. Jeder [&hellip;]<\/p>\n","protected":false},"author":1,"featured_media":49,"parent":907,"menu_order":0,"comment_status":"closed","ping_status":"closed","template":"","meta":{"footnotes":""},"class_list":["post-989","page","type-page","status-publish","has-post-thumbnail","hentry"],"_links":{"self":[{"href":"https:\/\/ecoinnovate.eu\/index.php\/wp-json\/wp\/v2\/pages\/989","targetHints":{"allow":["GET"]}}],"collection":[{"href":"https:\/\/ecoinnovate.eu\/index.php\/wp-json\/wp\/v2\/pages"}],"about":[{"href":"https:\/\/ecoinnovate.eu\/index.php\/wp-json\/wp\/v2\/types\/page"}],"author":[{"embeddable":true,"href":"https:\/\/ecoinnovate.eu\/index.php\/wp-json\/wp\/v2\/users\/1"}],"replies":[{"embeddable":true,"href":"https:\/\/ecoinnovate.eu\/index.php\/wp-json\/wp\/v2\/comments?post=989"}],"version-history":[{"count":46,"href":"https:\/\/ecoinnovate.eu\/index.php\/wp-json\/wp\/v2\/pages\/989\/revisions"}],"predecessor-version":[{"id":1759,"href":"https:\/\/ecoinnovate.eu\/index.php\/wp-json\/wp\/v2\/pages\/989\/revisions\/1759"}],"up":[{"embeddable":true,"href":"https:\/\/ecoinnovate.eu\/index.php\/wp-json\/wp\/v2\/pages\/907"}],"wp:featuredmedia":[{"embeddable":true,"href":"https:\/\/ecoinnovate.eu\/index.php\/wp-json\/wp\/v2\/media\/49"}],"wp:attachment":[{"href":"https:\/\/ecoinnovate.eu\/index.php\/wp-json\/wp\/v2\/media?parent=989"}],"curies":[{"name":"wp","href":"https:\/\/api.w.org\/{rel}","templated":true}]}}