{"id":907,"date":"2025-06-30T14:19:00","date_gmt":"2025-06-30T13:19:00","guid":{"rendered":"https:\/\/ecoinnovate.eu\/?page_id=907"},"modified":"2025-07-04T10:55:11","modified_gmt":"2025-07-04T09:55:11","slug":"ueber-uns","status":"publish","type":"page","link":"https:\/\/ecoinnovate.eu\/index.php\/de\/ueber-uns\/","title":{"rendered":"\u00dcber uns"},"content":{"rendered":"\t\t<div data-elementor-type=\"wp-page\" data-elementor-id=\"907\" class=\"elementor elementor-907\" data-elementor-post-type=\"page\">\n\t\t\t\t<div class=\"elementor-element elementor-element-3d336eb e-flex e-con-boxed e-con e-parent\" data-id=\"3d336eb\" data-element_type=\"container\" data-e-type=\"container\">\n\t\t\t\t\t<div class=\"e-con-inner\">\n\t\t\t\t<div class=\"elementor-element elementor-element-4a55101 elementor-widget elementor-widget-heading\" data-id=\"4a55101\" data-element_type=\"widget\" data-e-type=\"widget\" data-widget_type=\"heading.default\">\n\t\t\t\t<div class=\"elementor-widget-container\">\n\t\t\t\t\t<h2 class=\"elementor-heading-title elementor-size-default\">Unsere Vision<\/h2>\t\t\t\t<\/div>\n\t\t\t\t<\/div>\n\t\t\t\t\t<\/div>\n\t\t\t\t<\/div>\n\t\t<div class=\"elementor-element elementor-element-2160279 e-flex e-con-boxed e-con e-parent\" data-id=\"2160279\" data-element_type=\"container\" data-e-type=\"container\">\n\t\t\t\t\t<div class=\"e-con-inner\">\n\t\t<div class=\"elementor-element elementor-element-54d764a e-con-full e-flex e-con e-child\" data-id=\"54d764a\" data-element_type=\"container\" data-e-type=\"container\">\n\t\t\t\t<div class=\"elementor-element elementor-element-3aba3bc elementor-widget__width-initial elementor-widget elementor-widget-image\" data-id=\"3aba3bc\" data-element_type=\"widget\" data-e-type=\"widget\" data-widget_type=\"image.default\">\n\t\t\t\t<div class=\"elementor-widget-container\">\n\t\t\t\t\t\t\t\t\t\t\t\t\t\t\t<img fetchpriority=\"high\" decoding=\"async\" width=\"800\" height=\"498\" src=\"https:\/\/ecoinnovate.eu\/wp-content\/uploads\/2025\/05\/lightbulb-2631864-1024x637.jpg\" class=\"attachment-large size-large wp-image-37\" alt=\"\" srcset=\"https:\/\/ecoinnovate.eu\/wp-content\/uploads\/2025\/05\/lightbulb-2631864-1024x637.jpg 1024w, https:\/\/ecoinnovate.eu\/wp-content\/uploads\/2025\/05\/lightbulb-2631864-300x187.jpg 300w, https:\/\/ecoinnovate.eu\/wp-content\/uploads\/2025\/05\/lightbulb-2631864-768x477.jpg 768w, https:\/\/ecoinnovate.eu\/wp-content\/uploads\/2025\/05\/lightbulb-2631864-1536x955.jpg 1536w, https:\/\/ecoinnovate.eu\/wp-content\/uploads\/2025\/05\/lightbulb-2631864-2048x1273.jpg 2048w\" sizes=\"(max-width: 800px) 100vw, 800px\" \/>\t\t\t\t\t\t\t\t\t\t\t\t\t\t\t<\/div>\n\t\t\t\t<\/div>\n\t\t\t\t<\/div>\n\t\t<div class=\"elementor-element elementor-element-d07d0d4 e-con-full e-flex e-con e-child\" data-id=\"d07d0d4\" data-element_type=\"container\" data-e-type=\"container\">\n\t\t\t\t<div class=\"elementor-element elementor-element-fb3c62e elementor-widget__width-initial elementor-widget elementor-widget-text-editor\" data-id=\"fb3c62e\" data-element_type=\"widget\" data-e-type=\"widget\" data-widget_type=\"text-editor.default\">\n\t\t\t\t<div class=\"elementor-widget-container\">\n\t\t\t\t\t\t\t\t\t<p>Unser Ziel ist es, die berufliche Aus- und Weiterbildung durch die Integration von Nachhaltigkeitsprinzipien mit k\u00fcnstlicher Intelligenz zu transformieren. Durch das Product-to-Service (P2S)-Modell und KI-gest\u00fctzte Bildungstools bereiten wir Lernende auf zukunftssichere Karrieren in der gr\u00fcnen und digitalen Wirtschaft vor.<\/p>\t\t\t\t\t\t\t\t<\/div>\n\t\t\t\t<\/div>\n\t\t\t\t<\/div>\n\t\t\t\t\t<\/div>\n\t\t\t\t<\/div>\n\t\t<div class=\"elementor-element elementor-element-51b8cf1 e-flex e-con-boxed e-con e-parent\" data-id=\"51b8cf1\" data-element_type=\"container\" data-e-type=\"container\">\n\t\t\t\t\t<div class=\"e-con-inner\">\n\t\t\t\t<div class=\"elementor-element elementor-element-e74ed77 elementor-widget elementor-widget-heading\" data-id=\"e74ed77\" data-element_type=\"widget\" data-e-type=\"widget\" data-widget_type=\"heading.default\">\n\t\t\t\t<div class=\"elementor-widget-container\">\n\t\t\t\t\t<h2 class=\"elementor-heading-title elementor-size-default\">Unsere Mission<\/h2>\t\t\t\t<\/div>\n\t\t\t\t<\/div>\n\t\t\t\t\t<\/div>\n\t\t\t\t<\/div>\n\t\t<div class=\"elementor-element elementor-element-979c41e e-flex e-con-boxed e-con e-parent\" data-id=\"979c41e\" data-element_type=\"container\" data-e-type=\"container\">\n\t\t\t\t\t<div class=\"e-con-inner\">\n\t\t\t\t<div class=\"elementor-element elementor-element-5f4e947 elementor-widget__width-initial elementor-widget elementor-widget-text-editor\" data-id=\"5f4e947\" data-element_type=\"widget\" data-e-type=\"widget\" data-widget_type=\"text-editor.default\">\n\t\t\t\t<div class=\"elementor-widget-container\">\n\t\t\t\t\t\t\t\t\t<p>Lernende und P\u00e4dagogen in der beruflichen Aus- und Weiterbildung mit den F\u00e4higkeiten, Werkzeugen und Denkweisen auszustatten, die erforderlich sind, um den Wandel von traditionellen produktbasierten Modellen hin zu nachhaltiger serviceorientierter Innovation anzuf\u00fchren.<\/p><p>Wir tun dies durch:<\/p><ul><li>Entwicklung von KI-gest\u00fctzten EduBots, um P2S-Denken zu lehren.<\/li><li>Gezielte Schulung von Ausbildern in der beruflichen Bildung.<\/li><li>Zusammenarbeit mit Unternehmen, um Bildung mit realen Innovationen zu verbinden.<\/li><li>F\u00f6rderung von systemischem Denken, digitalen Kompetenzen und Unternehmergeist in der beruflichen Bildung.<\/li><\/ul><h3 data-start=\"1201\" data-end=\"1229\">\u00a0<\/h3>\t\t\t\t\t\t\t\t<\/div>\n\t\t\t\t<\/div>\n\t\t\t\t\t<\/div>\n\t\t\t\t<\/div>\n\t\t<div class=\"elementor-element elementor-element-5bb42ad e-flex e-con-boxed e-con e-parent\" data-id=\"5bb42ad\" data-element_type=\"container\" data-e-type=\"container\">\n\t\t\t\t\t<div class=\"e-con-inner\">\n\t\t\t\t<div class=\"elementor-element elementor-element-ea14abb elementor-widget elementor-widget-heading\" data-id=\"ea14abb\" data-element_type=\"widget\" data-e-type=\"widget\" data-widget_type=\"heading.default\">\n\t\t\t\t<div class=\"elementor-widget-container\">\n\t\t\t\t\t<h2 class=\"elementor-heading-title elementor-size-default\">Unsere Zusammenarbeit<\/h2>\t\t\t\t<\/div>\n\t\t\t\t<\/div>\n\t\t\t\t\t<\/div>\n\t\t\t\t<\/div>\n\t\t<div class=\"elementor-element elementor-element-1b49f9d e-flex e-con-boxed e-con e-parent\" data-id=\"1b49f9d\" data-element_type=\"container\" data-e-type=\"container\">\n\t\t\t\t\t<div class=\"e-con-inner\">\n\t\t\t\t<div class=\"elementor-element elementor-element-19752c3 elementor-widget__width-initial elementor-widget elementor-widget-text-editor\" data-id=\"19752c3\" data-element_type=\"widget\" data-e-type=\"widget\" data-widget_type=\"text-editor.default\">\n\t\t\t\t<div class=\"elementor-widget-container\">\n\t\t\t\t\t\t\t\t\t<p>EcoInnovate AI+ ist ein transnationales Erasmus+-Projekt zwischen Litauen und \u00d6sterreich. Es kombiniert Nachhaltigkeitsexpertise mit KI-Innovationen, um einen gr\u00fcnen Wandel im Berufsbildungssektor zu unterst\u00fctzen.<\/p><blockquote data-start=\"1420\" data-end=\"1528\"><p data-start=\"1422\" data-end=\"1528\">Erfahren Sie mehr \u00fcber unsere Partner und ihre Rollen im Projekt:<br data-start=\"1483\" data-end=\"1486\" \/><a href=\"https:\/\/ecoinnovate.eu\/index.php\/de\/ueber-uns\/partner-2\/\"><strong data-start=\"1490\" data-end=\"1511\">Lernen Sie unsere Partner kennen<\/strong><\/a><\/p><\/blockquote>\t\t\t\t\t\t\t\t<\/div>\n\t\t\t\t<\/div>\n\t\t\t\t\t<\/div>\n\t\t\t\t<\/div>\n\t\t<div class=\"elementor-element elementor-element-470b015 e-flex e-con-boxed e-con e-parent\" data-id=\"470b015\" data-element_type=\"container\" data-e-type=\"container\">\n\t\t\t\t\t<div class=\"e-con-inner\">\n\t\t\t\t<div class=\"elementor-element elementor-element-f68bfe8 elementor-widget elementor-widget-heading\" data-id=\"f68bfe8\" data-element_type=\"widget\" data-e-type=\"widget\" data-widget_type=\"heading.default\">\n\t\t\t\t<div class=\"elementor-widget-container\">\n\t\t\t\t\t<h2 class=\"elementor-heading-title elementor-size-default\">Entdecken Sie das Projekt<\/h2>\t\t\t\t<\/div>\n\t\t\t\t<\/div>\n\t\t\t\t\t<\/div>\n\t\t\t\t<\/div>\n\t\t<div class=\"elementor-element elementor-element-f22f7ab e-flex e-con-boxed e-con e-parent\" data-id=\"f22f7ab\" data-element_type=\"container\" data-e-type=\"container\">\n\t\t\t\t\t<div class=\"e-con-inner\">\n\t\t\t\t<div class=\"elementor-element elementor-element-7b0505a elementor-widget__width-initial elementor-widget elementor-widget-text-editor\" data-id=\"7b0505a\" data-element_type=\"widget\" data-e-type=\"widget\" data-widget_type=\"text-editor.default\">\n\t\t\t\t<div class=\"elementor-widget-container\">\n\t\t\t\t\t\t\t\t\t<p data-start=\"1567\" data-end=\"1732\">Neugierig auf unsere Ziele, Aktivit\u00e4ten und erwarteten Ergebnisse? Erfahren Sie, wie EcoInnovate AI+ die n\u00e4chste Generation nachhaltiger Denker durch <b>bahnbrechende Bildungs-Innovationen<\/b> f\u00f6rdert. Unser Projekt vereint <b>praktische Herausforderungen, interaktive digitale Tools<\/b> und <b>reale Gesch\u00e4ftsszenarien<\/b>, um Lernenden und Lehrenden die notwendigen F\u00e4higkeiten f\u00fcr eine sich schnell ver\u00e4ndernde Welt zu vermitteln. Von <b>fesselnden Edubots<\/b> bis hin zu <b>praxisnahen Fallstudien<\/b> bauen wir eine Lerngemeinschaft auf, die sich auf <b>Kreativit\u00e4t, kritisches Denken und echte Wirkung<\/b> konzentriert und alle Beteiligten darauf vorbereitet, im Bereich <b>nachhaltiger Wirtschaft und Innovation<\/b> f\u00fchrend zu sein.<\/p><p data-start=\"1734\" data-end=\"1776\"><a class=\"cursor-pointer\" href=\"https:\/\/ecoinnovate.eu\/index.php\/de\/ueber-uns\/projekt\/\" rel=\"noopener\" data-start=\"1737\" data-end=\"1776\"><strong data-start=\"1738\" data-end=\"1759\">\u00dcber das Projekt<\/strong><\/a><\/p>\t\t\t\t\t\t\t\t<\/div>\n\t\t\t\t<\/div>\n\t\t\t\t\t<\/div>\n\t\t\t\t<\/div>\n\t\t<div class=\"elementor-element elementor-element-def6c41 e-flex e-con-boxed e-con e-parent\" data-id=\"def6c41\" data-element_type=\"container\" data-e-type=\"container\">\n\t\t\t\t\t<div class=\"e-con-inner\">\n\t\t\t\t<div class=\"elementor-element elementor-element-b717f98 elementor-widget elementor-widget-heading\" data-id=\"b717f98\" data-element_type=\"widget\" data-e-type=\"widget\" data-widget_type=\"heading.default\">\n\t\t\t\t<div class=\"elementor-widget-container\">\n\t\t\t\t\t<h2 class=\"elementor-heading-title elementor-size-default\">Kontaktieren Sie uns<\/h2>\t\t\t\t<\/div>\n\t\t\t\t<\/div>\n\t\t\t\t\t<\/div>\n\t\t\t\t<\/div>\n\t\t<div class=\"elementor-element elementor-element-ef2f2f8 e-flex e-con-boxed e-con e-parent\" data-id=\"ef2f2f8\" data-element_type=\"container\" data-e-type=\"container\">\n\t\t\t\t\t<div class=\"e-con-inner\">\n\t\t<div class=\"elementor-element elementor-element-1deea5c e-con-full e-flex e-con e-child\" data-id=\"1deea5c\" data-element_type=\"container\" data-e-type=\"container\">\n\t\t\t\t<div class=\"elementor-element elementor-element-db56617 elementor-widget__width-initial elementor-widget elementor-widget-text-editor\" data-id=\"db56617\" data-element_type=\"widget\" data-e-type=\"widget\" data-widget_type=\"text-editor.default\">\n\t\t\t\t<div class=\"elementor-widget-container\">\n\t\t\t\t\t\t\t\t\t<p data-start=\"1422\" data-end=\"1528\">Wir sind offen f\u00fcr <b>Zusammenarbeit<\/b> und <b>Wissensaustausch<\/b> mit Lehrenden, Innovatoren und Industriepartnern. Egal, ob Sie Einblicke teilen, Partnerschaftsm\u00f6glichkeiten erkunden oder einfach mehr \u00fcber unsere Mission erfahren m\u00f6chten, wir laden Sie ein, sich mit unserem Team in Verbindung zu setzen. Nehmen Sie Kontakt auf oder verfolgen Sie unsere Reise, w\u00e4hrend wir gemeinsam daran arbeiten, die Zukunft der <b>nachhaltigen Bildung und Innovation<\/b> zu gestalten.<\/p><p data-start=\"1911\" data-end=\"1948\"><a class=\"cursor-pointer\" href=\"https:\/\/ecoinnovate.eu\/index.php\/de\/ueber-uns\/kontakt\/\" rel=\"noopener\" data-start=\"1914\" data-end=\"1948\"><strong data-start=\"1915\" data-end=\"1931\">Kontakt aufnehmen<\/strong><\/a><\/p>\t\t\t\t\t\t\t\t<\/div>\n\t\t\t\t<\/div>\n\t\t\t\t<\/div>\n\t\t<div class=\"elementor-element elementor-element-1beabbd e-con-full e-flex e-con e-child\" data-id=\"1beabbd\" data-element_type=\"container\" data-e-type=\"container\">\n\t\t\t\t<div class=\"elementor-element elementor-element-bda0ae0 elementor-widget__width-initial elementor-widget elementor-widget-image\" data-id=\"bda0ae0\" data-element_type=\"widget\" data-e-type=\"widget\" data-widget_type=\"image.default\">\n\t\t\t\t<div class=\"elementor-widget-container\">\n\t\t\t\t\t\t\t\t\t\t\t\t\t\t\t<img decoding=\"async\" width=\"800\" height=\"534\" src=\"https:\/\/ecoinnovate.eu\/wp-content\/uploads\/2025\/05\/rice-field-7890204-1024x683.jpg\" class=\"attachment-large size-large wp-image-40\" alt=\"\" srcset=\"https:\/\/ecoinnovate.eu\/wp-content\/uploads\/2025\/05\/rice-field-7890204-1024x683.jpg 1024w, https:\/\/ecoinnovate.eu\/wp-content\/uploads\/2025\/05\/rice-field-7890204-300x200.jpg 300w, https:\/\/ecoinnovate.eu\/wp-content\/uploads\/2025\/05\/rice-field-7890204-768x512.jpg 768w, https:\/\/ecoinnovate.eu\/wp-content\/uploads\/2025\/05\/rice-field-7890204-1536x1024.jpg 1536w, https:\/\/ecoinnovate.eu\/wp-content\/uploads\/2025\/05\/rice-field-7890204-2048x1365.jpg 2048w\" sizes=\"(max-width: 800px) 100vw, 800px\" \/>\t\t\t\t\t\t\t\t\t\t\t\t\t\t\t<\/div>\n\t\t\t\t<\/div>\n\t\t\t\t<\/div>\n\t\t\t\t\t<\/div>\n\t\t\t\t<\/div>\n\t\t<div class=\"elementor-element elementor-element-d58ff47 e-flex e-con-boxed e-con e-parent\" data-id=\"d58ff47\" data-element_type=\"container\" data-e-type=\"container\">\n\t\t\t\t\t<div class=\"e-con-inner\">\n\t\t\t\t\t<\/div>\n\t\t\t\t<\/div>\n\t\t\t\t<\/div>\n\t\t","protected":false},"excerpt":{"rendered":"<p>Unsere Vision Unser Ziel ist es, die berufliche Aus- und Weiterbildung durch die Integration von Nachhaltigkeitsprinzipien mit k\u00fcnstlicher Intelligenz zu [&hellip;]<\/p>\n","protected":false},"author":3,"featured_media":0,"parent":0,"menu_order":0,"comment_status":"closed","ping_status":"closed","template":"","meta":{"footnotes":""},"class_list":["post-907","page","type-page","status-publish","hentry"],"_links":{"self":[{"href":"https:\/\/ecoinnovate.eu\/index.php\/wp-json\/wp\/v2\/pages\/907","targetHints":{"allow":["GET"]}}],"collection":[{"href":"https:\/\/ecoinnovate.eu\/index.php\/wp-json\/wp\/v2\/pages"}],"about":[{"href":"https:\/\/ecoinnovate.eu\/index.php\/wp-json\/wp\/v2\/types\/page"}],"author":[{"embeddable":true,"href":"https:\/\/ecoinnovate.eu\/index.php\/wp-json\/wp\/v2\/users\/3"}],"replies":[{"embeddable":true,"href":"https:\/\/ecoinnovate.eu\/index.php\/wp-json\/wp\/v2\/comments?post=907"}],"version-history":[{"count":25,"href":"https:\/\/ecoinnovate.eu\/index.php\/wp-json\/wp\/v2\/pages\/907\/revisions"}],"predecessor-version":[{"id":1361,"href":"https:\/\/ecoinnovate.eu\/index.php\/wp-json\/wp\/v2\/pages\/907\/revisions\/1361"}],"wp:attachment":[{"href":"https:\/\/ecoinnovate.eu\/index.php\/wp-json\/wp\/v2\/media?parent=907"}],"curies":[{"name":"wp","href":"https:\/\/api.w.org\/{rel}","templated":true}]}}