{"id":1595,"date":"2025-08-12T19:20:19","date_gmt":"2025-08-12T18:20:19","guid":{"rendered":"https:\/\/ecoinnovate.eu\/?page_id=1595"},"modified":"2026-01-23T10:33:16","modified_gmt":"2026-01-23T09:33:16","slug":"projektas","status":"publish","type":"page","link":"https:\/\/ecoinnovate.eu\/index.php\/lt\/apie-mus\/projektas\/","title":{"rendered":"Projektas"},"content":{"rendered":"\t\t<div data-elementor-type=\"wp-page\" data-elementor-id=\"1595\" class=\"elementor elementor-1595\" data-elementor-post-type=\"page\">\n\t\t\t\t<div class=\"elementor-element elementor-element-ae93b41 e-flex e-con-boxed e-con e-parent\" data-id=\"ae93b41\" data-element_type=\"container\" data-e-type=\"container\">\n\t\t\t\t\t<div class=\"e-con-inner\">\n\t\t\t\t<div class=\"elementor-element elementor-element-b35e149 elementor-widget elementor-widget-text-editor\" data-id=\"b35e149\" data-element_type=\"widget\" data-e-type=\"widget\" data-widget_type=\"text-editor.default\">\n\t\t\t\t<div class=\"elementor-widget-container\">\n\t\t\t\t\t\t\t\t\t<h2><strong>EcoInnovate AI+<\/strong> stiprina profesin\u012f \u0161vietim\u0105, si\u016blydama novatori\u0161kas AI pagr\u012fstas mokymosi priemones ir ekologi\u0161kus verslo modelius.<\/h2><p>M\u016bs\u0173 tikslas \u2013 suteikti profesinio mokymo ir lavinimo dalyviams bei pedagogams ilgalaiki\u0173 \u012fg\u016bd\u017ei\u0173, derinant dirbtin\u012f intelekt\u0105 su tvaraus m\u0105stymo principais, kad b\u016bt\u0173 formuojamos pramon\u0117s \u0161akos, gerbian\u010dios \u017emones, planet\u0105 ir pa\u017eang\u0105.<\/p>\t\t\t\t\t\t\t\t<\/div>\n\t\t\t\t<\/div>\n\t\t\t\t\t<\/div>\n\t\t\t\t<\/div>\n\t\t<div class=\"elementor-element elementor-element-643d0d4 e-flex e-con-boxed e-con e-parent\" data-id=\"643d0d4\" data-element_type=\"container\" data-e-type=\"container\">\n\t\t\t\t\t<div class=\"e-con-inner\">\n\t\t<div class=\"elementor-element elementor-element-8d8e273 e-con-full e-flex e-con e-child\" data-id=\"8d8e273\" data-element_type=\"container\" data-e-type=\"container\">\n\t\t\t\t<div class=\"elementor-element elementor-element-751eed8 elementor-widget__width-initial elementor-widget elementor-widget-image\" data-id=\"751eed8\" data-element_type=\"widget\" data-e-type=\"widget\" data-widget_type=\"image.default\">\n\t\t\t\t<div class=\"elementor-widget-container\">\n\t\t\t\t\t\t\t\t\t\t\t\t\t\t\t<img fetchpriority=\"high\" decoding=\"async\" width=\"800\" height=\"530\" src=\"https:\/\/ecoinnovate.eu\/wp-content\/uploads\/2025\/05\/beekeeping-4232534-1024x678.jpg\" class=\"attachment-large size-large wp-image-19\" alt=\"\" srcset=\"https:\/\/ecoinnovate.eu\/wp-content\/uploads\/2025\/05\/beekeeping-4232534-1024x678.jpg 1024w, https:\/\/ecoinnovate.eu\/wp-content\/uploads\/2025\/05\/beekeeping-4232534-300x199.jpg 300w, https:\/\/ecoinnovate.eu\/wp-content\/uploads\/2025\/05\/beekeeping-4232534-768x509.jpg 768w, https:\/\/ecoinnovate.eu\/wp-content\/uploads\/2025\/05\/beekeeping-4232534-1536x1017.jpg 1536w, https:\/\/ecoinnovate.eu\/wp-content\/uploads\/2025\/05\/beekeeping-4232534-2048x1356.jpg 2048w\" sizes=\"(max-width: 800px) 100vw, 800px\" \/>\t\t\t\t\t\t\t\t\t\t\t\t\t\t\t<\/div>\n\t\t\t\t<\/div>\n\t\t\t\t<\/div>\n\t\t<div class=\"elementor-element elementor-element-3cb123a e-con-full e-flex e-con e-child\" data-id=\"3cb123a\" data-element_type=\"container\" data-e-type=\"container\">\n\t\t\t\t<div class=\"elementor-element elementor-element-3cf26f2 elementor-widget elementor-widget-text-editor\" data-id=\"3cf26f2\" data-element_type=\"widget\" data-e-type=\"widget\" data-widget_type=\"text-editor.default\">\n\t\t\t\t<div class=\"elementor-widget-container\">\n\t\t\t\t\t\t\t\t\t<p>EcoInnovate AI+\u00a0kei\u010dia mokym\u0105si verslo, tvarumo ir inovacij\u0173 srityse, suteikdama mokiniams kontrol\u0119.\u00a0<\/p><p>M\u016bs\u0173 platforma naudoja AI technologijomis pagr\u012fstus <span style=\"font-weight: 400;\"><i>Edubotus<\/i><\/span>, kad imituot\u0173 realaus pasaulio paslaugomis pagr\u012fstus verslo i\u0161\u0161\u016bkius, sud\u0117tingas s\u0105vokas paver\u010diant \u012fdomiomis ir praktin\u0117mis. Mokiniai dirba su dinami\u0161komis atvej\u0173 studijomis, tyrin\u0117ja per\u0117jim\u0105 nuo produkt\u0173 prie paslaug\u0173 ir ugdo kritinio m\u0105stymo \u012fg\u016bd\u017eius, reikalingus \u0161iandienos besikei\u010dian\u010dioje ekonomikoje.\u00a0<\/p><p>Didel\u012f d\u0117mes\u012f skiriant\u00a0tvarumui ir skaitmenin\u0117ms inovacijoms, EcoInnovate AI+ rengia studentus ir pedagogus teigiamoms permainoms pasaulyje.\u00a0<\/p>\t\t\t\t\t\t\t\t<\/div>\n\t\t\t\t<\/div>\n\t\t\t\t<\/div>\n\t\t\t\t\t<\/div>\n\t\t\t\t<\/div>\n\t\t<div class=\"elementor-element elementor-element-6a0c078 e-flex e-con-boxed e-con e-parent\" data-id=\"6a0c078\" data-element_type=\"container\" data-e-type=\"container\">\n\t\t\t\t\t<div class=\"e-con-inner\">\n\t\t\t\t<div class=\"elementor-element elementor-element-c3bf2a7 elementor-widget elementor-widget-text-editor\" data-id=\"c3bf2a7\" data-element_type=\"widget\" data-e-type=\"widget\" data-widget_type=\"text-editor.default\">\n\t\t\t\t<div class=\"elementor-widget-container\">\n\t\t\t\t\t\t\t\t\t<p><span data-start=\"1001\" data-end=\"1023\"><span style=\"background-color: transparent; font-size: 28px;\"><span style=\"color: #7a7a7a;\">K\u0105 mes si\u016blome<\/span><\/span><\/span><\/p>\n<ul>\n<li data-start=\"1001\" data-end=\"1141\"><strong>AI (dirbtiniu intelektu) pagr\u012fstus <i>Edubotus<\/i>&nbsp;<\/strong>\u2013 interaktyv\u016bs mokymosi kompanjonai, kurie padeda mokiniams kurti tvarius&nbsp;\u201eNuo produkto prie paslaugos\u201c&nbsp;(P2S) modelius.<\/li>\n<li data-start=\"1001\" data-end=\"1141\"><strong>Mi\u0161r\u0173 mokym\u0105 pedagogams&nbsp;<\/strong>\u2013 modulin\u0117 programa, kuri profesinio mokymo klas\u0117se pristato <i>P2S<\/i> m\u0105stym\u0105 ir AI \u012frankius.<\/li>\n<li data-start=\"1001\" data-end=\"1141\"><strong>Atvirai prieinamas \u0161vietimo priemones <\/strong>\u2013 nemokami \u012franki\u0173 rinkiniai, \u0161ablonai ir mokymosi moduliai, suderinti su skaitmeniniais ir ekologi\u0161kais \u012fg\u016bd\u017eiais.<\/li>\n<li data-start=\"1001\" data-end=\"1141\"><strong>Realaus pasaulio atvej\u0173 tyrimus <\/strong><span style=\"background-color: transparent; font-family: -apple-system, BlinkMacSystemFont, 'Segoe UI', Roboto, 'Helvetica Neue', Arial, 'Noto Sans', sans-serif, 'Apple Color Emoji', 'Segoe UI Emoji', 'Segoe UI Symbol', 'Noto Color Emoji';\">\u2013 sukurti bendradarbiaujant su mokiniais ir MV\u012e, siekiant parodyti, kaip tvarios verslo id\u0117jos yra pl\u0117tojamos praktikoje.<\/span><\/li>\n<li data-start=\"1001\" data-end=\"1141\"><strong>Virtuali\u0105 praktikos bendruomen\u0119 <\/strong>\u2013 profesinio mokymo specialist\u0173 tinklas, skirtas dalytis \u012frankiais, atsiliepimais ir patirtimi.<\/li>\n<\/ul>\t\t\t\t\t\t\t\t<\/div>\n\t\t\t\t<\/div>\n\t\t\t\t\t<\/div>\n\t\t\t\t<\/div>\n\t\t<div class=\"elementor-element elementor-element-f4b11d6 e-flex e-con-boxed e-con e-parent\" data-id=\"f4b11d6\" data-element_type=\"container\" data-e-type=\"container\">\n\t\t\t\t\t<div class=\"e-con-inner\">\n\t\t\t\t<div class=\"elementor-element elementor-element-ed68884 elementor-widget elementor-widget-spacer\" data-id=\"ed68884\" data-element_type=\"widget\" data-e-type=\"widget\" data-widget_type=\"spacer.default\">\n\t\t\t\t<div class=\"elementor-widget-container\">\n\t\t\t\t\t\t\t<div class=\"elementor-spacer\">\n\t\t\t<div class=\"elementor-spacer-inner\"><\/div>\n\t\t<\/div>\n\t\t\t\t\t\t<\/div>\n\t\t\t\t<\/div>\n\t\t\t\t\t<\/div>\n\t\t\t\t<\/div>\n\t\t<div class=\"elementor-element elementor-element-90386c3 e-con-full e-flex e-con e-parent\" data-id=\"90386c3\" data-element_type=\"container\" data-e-type=\"container\">\n\t\t<div class=\"elementor-element elementor-element-8d3798a e-con-full e-flex e-con e-child\" data-id=\"8d3798a\" data-element_type=\"container\" data-e-type=\"container\">\n\t\t\t\t<div class=\"elementor-element elementor-element-bf0014c elementor-widget elementor-widget-text-editor\" data-id=\"bf0014c\" data-element_type=\"widget\" data-e-type=\"widget\" data-widget_type=\"text-editor.default\">\n\t\t\t\t<div class=\"elementor-widget-container\">\n\t\t\t\t\t\t\t\t\t<p data-start=\"1854\" data-end=\"1881\"><span style=\"background-color: transparent; font-size: 28px;\"><span style=\"color: #7a7a7a;\">Kam tai skirta<\/span><\/span><\/p><ul><li data-start=\"1854\" data-end=\"1881\"><span style=\"font-weight: 400;\">Profesinio mokymo dalyviams<\/span><\/li><li style=\"font-weight: 400;\" aria-level=\"1\"><span style=\"font-weight: 400;\">Profesinio mokymo mokykloms ir institucijoms, siekian\u010dioms modernizuotis<\/span><\/li><li style=\"font-weight: 400;\" aria-level=\"1\"><span style=\"font-weight: 400;\">Ma\u017eoms ir vidutin\u0117ms \u012fmon\u0117ms (MV\u012e), besidomin\u010dios tvarumu ir inovacijomis<\/span><\/li><li style=\"font-weight: 400;\" aria-level=\"1\"><span style=\"font-weight: 400;\">Profesinio<\/span><span style=\"font-weight: 400;\"> mokymo pedagogams ir instruktoriams<\/span><\/li><\/ul>\t\t\t\t\t\t\t\t<\/div>\n\t\t\t\t<\/div>\n\t\t\t\t<\/div>\n\t\t<div class=\"elementor-element elementor-element-2a4b5c6 e-con-full e-flex e-con e-child\" data-id=\"2a4b5c6\" data-element_type=\"container\" data-e-type=\"container\">\n\t\t\t\t<\/div>\n\t\t\t\t<div class=\"elementor-element elementor-element-86192c4 elementor-widget__width-initial elementor-widget elementor-widget-image\" data-id=\"86192c4\" data-element_type=\"widget\" data-e-type=\"widget\" data-widget_type=\"image.default\">\n\t\t\t\t<div class=\"elementor-widget-container\">\n\t\t\t\t\t\t\t\t\t\t\t\t\t\t\t<img decoding=\"async\" width=\"300\" height=\"200\" src=\"https:\/\/ecoinnovate.eu\/wp-content\/uploads\/2025\/05\/notebook-405755-300x200.jpg\" class=\"attachment-medium size-medium wp-image-39\" alt=\"\" srcset=\"https:\/\/ecoinnovate.eu\/wp-content\/uploads\/2025\/05\/notebook-405755-300x200.jpg 300w, https:\/\/ecoinnovate.eu\/wp-content\/uploads\/2025\/05\/notebook-405755-1024x683.jpg 1024w, https:\/\/ecoinnovate.eu\/wp-content\/uploads\/2025\/05\/notebook-405755-768x512.jpg 768w, https:\/\/ecoinnovate.eu\/wp-content\/uploads\/2025\/05\/notebook-405755-1536x1024.jpg 1536w, https:\/\/ecoinnovate.eu\/wp-content\/uploads\/2025\/05\/notebook-405755-2048x1365.jpg 2048w\" sizes=\"(max-width: 300px) 100vw, 300px\" \/>\t\t\t\t\t\t\t\t\t\t\t\t\t\t\t<\/div>\n\t\t\t\t<\/div>\n\t\t\t\t<\/div>\n\t\t<div class=\"elementor-element elementor-element-eb45a0c e-flex e-con-boxed e-con e-parent\" data-id=\"eb45a0c\" data-element_type=\"container\" data-e-type=\"container\">\n\t\t\t\t\t<div class=\"e-con-inner\">\n\t\t\t\t<div class=\"elementor-element elementor-element-b9a51a6 elementor-widget elementor-widget-spacer\" data-id=\"b9a51a6\" data-element_type=\"widget\" data-e-type=\"widget\" data-widget_type=\"spacer.default\">\n\t\t\t\t<div class=\"elementor-widget-container\">\n\t\t\t\t\t\t\t<div class=\"elementor-spacer\">\n\t\t\t<div class=\"elementor-spacer-inner\"><\/div>\n\t\t<\/div>\n\t\t\t\t\t\t<\/div>\n\t\t\t\t<\/div>\n\t\t\t\t\t<\/div>\n\t\t\t\t<\/div>\n\t\t<div class=\"elementor-element elementor-element-5151b0c e-flex e-con-boxed e-con e-parent\" data-id=\"5151b0c\" data-element_type=\"container\" data-e-type=\"container\">\n\t\t\t\t\t<div class=\"e-con-inner\">\n\t\t\t\t<div class=\"elementor-element elementor-element-d3b6276 elementor-widget elementor-widget-heading\" data-id=\"d3b6276\" data-element_type=\"widget\" data-e-type=\"widget\" data-widget_type=\"heading.default\">\n\t\t\t\t<div class=\"elementor-widget-container\">\n\t\t\t\t\t<h2 class=\"elementor-heading-title elementor-size-default\">DUK<\/h2>\t\t\t\t<\/div>\n\t\t\t\t<\/div>\n\t\t\t\t\t<\/div>\n\t\t\t\t<\/div>\n\t\t<div class=\"elementor-element elementor-element-c72ed41 e-flex e-con-boxed e-con e-parent\" data-id=\"c72ed41\" data-element_type=\"container\" data-e-type=\"container\">\n\t\t\t\t\t<div class=\"e-con-inner\">\n\t\t\t\t<div class=\"elementor-element elementor-element-20c2892 elementor-widget elementor-widget-spacer\" data-id=\"20c2892\" data-element_type=\"widget\" data-e-type=\"widget\" data-widget_type=\"spacer.default\">\n\t\t\t\t<div class=\"elementor-widget-container\">\n\t\t\t\t\t\t\t<div class=\"elementor-spacer\">\n\t\t\t<div class=\"elementor-spacer-inner\"><\/div>\n\t\t<\/div>\n\t\t\t\t\t\t<\/div>\n\t\t\t\t<\/div>\n\t\t\t\t\t<\/div>\n\t\t\t\t<\/div>\n\t\t<div class=\"elementor-element elementor-element-4f0c379 e-flex e-con-boxed e-con e-parent\" data-id=\"4f0c379\" data-element_type=\"container\" data-e-type=\"container\">\n\t\t\t\t\t<div class=\"e-con-inner\">\n\t\t\t\t<div class=\"elementor-element elementor-element-848c503 elementor-widget elementor-widget-text-editor\" data-id=\"848c503\" data-element_type=\"widget\" data-e-type=\"widget\" data-widget_type=\"text-editor.default\">\n\t\t\t\t<div class=\"elementor-widget-container\">\n\t\t\t\t\t\t\t\t\t<p data-start=\"2651\" data-end=\"2820\"><b>Kas yr<\/b><strong>a \u201eNuo produkto prie paslaugos\u201c (P2S) modelis?<\/strong><\/p><p data-start=\"2651\" data-end=\"2820\">Modelis, kuris produktus paver\u010dia paslaugomis, akcentuojant\u00a0<span style=\"font-weight: 400;\">\u017eiedin\u0119 <\/span>vert\u0119, klient\u0173 \u012ftraukt\u012f ir tvarum\u0105.<\/p><p data-start=\"2651\" data-end=\"2820\"><strong>Kas yra \u201eEdubotai\u201c ir kaip jie veikia?<\/strong><\/p><p data-start=\"2651\" data-end=\"2820\">Tai dirbtinio intelekto pokalbi\u0173 robotai, kurie bendrauja su besimokan\u010diaisiais ir padeda jiems kurti tvaraus verslo modelius, naudodami realius scenarijus.<\/p><p data-start=\"2651\" data-end=\"2820\"><b>Ar J\u016bs\u0173 \u012frankiai yra nemokami?<\/b><\/p><p data-start=\"2651\" data-end=\"2820\">Taip. Visi <span style=\"font-weight: 400;\"><i>Edubotai<\/i><\/span>, \u0161ablonai ir med\u017eiaga bus i\u0161leisti kaip atvirosios \u0161vietimo priemon\u0117s (OER), kurias galima nemokamai atsisi\u0173sti ir pritaikyti.<\/p><p data-start=\"2651\" data-end=\"2820\"><b>Kaip mano \u012fstaiga ar \u012fmon\u0117 gali prisijungti prie projekto?<\/b><\/p><p data-start=\"2651\" data-end=\"2820\">Susisiekite su mumis per m\u016bs\u0173 kontakt\u0173 puslap\u012f. Ie\u0161kome mokykl\u0173 ir MV\u012e, kurios nor\u0117t\u0173 prisijungti prie bandom\u0173j\u0173 test\u0173 ir bendro k\u016brimo veiklos.<\/p>\t\t\t\t\t\t\t\t<\/div>\n\t\t\t\t<\/div>\n\t\t\t\t\t<\/div>\n\t\t\t\t<\/div>\n\t\t\t\t<\/div>\n\t\t","protected":false},"excerpt":{"rendered":"<p>EcoInnovate AI+ stiprina profesin\u012f \u0161vietim\u0105, si\u016blydama novatori\u0161kas AI pagr\u012fstas mokymosi priemones ir ekologi\u0161kus verslo modelius. M\u016bs\u0173 tikslas \u2013 suteikti profesinio [&hellip;]<\/p>\n","protected":false},"author":4,"featured_media":0,"parent":1534,"menu_order":0,"comment_status":"closed","ping_status":"closed","template":"","meta":{"footnotes":""},"class_list":["post-1595","page","type-page","status-publish","hentry"],"_links":{"self":[{"href":"https:\/\/ecoinnovate.eu\/index.php\/wp-json\/wp\/v2\/pages\/1595","targetHints":{"allow":["GET"]}}],"collection":[{"href":"https:\/\/ecoinnovate.eu\/index.php\/wp-json\/wp\/v2\/pages"}],"about":[{"href":"https:\/\/ecoinnovate.eu\/index.php\/wp-json\/wp\/v2\/types\/page"}],"author":[{"embeddable":true,"href":"https:\/\/ecoinnovate.eu\/index.php\/wp-json\/wp\/v2\/users\/4"}],"replies":[{"embeddable":true,"href":"https:\/\/ecoinnovate.eu\/index.php\/wp-json\/wp\/v2\/comments?post=1595"}],"version-history":[{"count":53,"href":"https:\/\/ecoinnovate.eu\/index.php\/wp-json\/wp\/v2\/pages\/1595\/revisions"}],"predecessor-version":[{"id":3528,"href":"https:\/\/ecoinnovate.eu\/index.php\/wp-json\/wp\/v2\/pages\/1595\/revisions\/3528"}],"up":[{"embeddable":true,"href":"https:\/\/ecoinnovate.eu\/index.php\/wp-json\/wp\/v2\/pages\/1534"}],"wp:attachment":[{"href":"https:\/\/ecoinnovate.eu\/index.php\/wp-json\/wp\/v2\/media?parent=1595"}],"curies":[{"name":"wp","href":"https:\/\/api.w.org\/{rel}","templated":true}]}}