{"id":1581,"date":"2025-08-12T19:11:42","date_gmt":"2025-08-12T18:11:42","guid":{"rendered":"https:\/\/ecoinnovate.eu\/?page_id=1581"},"modified":"2026-01-02T18:23:48","modified_gmt":"2026-01-02T17:23:48","slug":"elementor-1581","status":"publish","type":"page","link":"https:\/\/ecoinnovate.eu\/index.php\/lt\/elementor-1581\/","title":{"rendered":"Impresumas"},"content":{"rendered":"\t\t<div data-elementor-type=\"wp-page\" data-elementor-id=\"1581\" class=\"elementor elementor-1581\" data-elementor-post-type=\"page\">\n\t\t\t\t<div class=\"elementor-element elementor-element-a64e887 e-flex e-con-boxed e-con e-parent\" data-id=\"a64e887\" data-element_type=\"container\" data-e-type=\"container\">\n\t\t\t\t\t<div class=\"e-con-inner\">\n\t\t\t\t<div class=\"elementor-element elementor-element-02e3694 elementor-widget elementor-widget-heading\" data-id=\"02e3694\" data-element_type=\"widget\" data-e-type=\"widget\" data-widget_type=\"heading.default\">\n\t\t\t\t<div class=\"elementor-widget-container\">\n\t\t\t\t\t<h2 class=\"elementor-heading-title elementor-size-default\">Impresumas<\/h2>\t\t\t\t<\/div>\n\t\t\t\t<\/div>\n\t\t\t\t\t<\/div>\n\t\t\t\t<\/div>\n\t\t<div class=\"elementor-element elementor-element-9b12da0 e-flex e-con-boxed e-con e-parent\" data-id=\"9b12da0\" data-element_type=\"container\" data-e-type=\"container\">\n\t\t\t\t\t<div class=\"e-con-inner\">\n\t\t\t\t<div class=\"elementor-element elementor-element-01ec134 elementor-widget elementor-widget-text-editor\" data-id=\"01ec134\" data-element_type=\"widget\" data-e-type=\"widget\" data-widget_type=\"text-editor.default\">\n\t\t\t\t<div class=\"elementor-widget-container\">\n\t\t\t\t\t\t\t\t\t<p><strong>EcoInnovate AI+<\/strong><br>Profesinio mokymo ir tobulinimosi galimybi\u0173 stiprinimas naudojant AI valdomas \u201eproduktas-paslauga\u201c geb\u0117jimus siekiant tvaraus ateities<br>Erasmus+ KA210-VET ma\u017e\u0173 partneryst\u0117s projektas<\/p>\n<p><strong data-start=\"310\" data-end=\"349\">Prane\u0161imas apie dirbtin\u012f intelekt\u0105:<\/strong><br data-start=\"349\" data-end=\"352\">\u0160ioje svetain\u0117je naudojami dirbtiniu intelektu paremti pokalbi\u0173 robotai (EduBotai) ir i\u0161 dalies dirbtiniu intelektu sugeneruotas turinys.<br data-start=\"491\" data-end=\"494\">Dirbtinio intelekto sprendimai naudojami tik mokymosi ir \u0161vietimo tikslais ir nepakei\u010dia profesini\u0173, teisini\u0173 ar darbo srities konsultacij\u0173.<\/p>\n<p><strong>Projekto koordinavimas<\/strong> \/ <em>Turinys<\/em><br><em>Atsakingas asmuo (pagal \u00a75 TMG ir 4 straipsn\u012f DSGVO):<\/em><\/p>\n<p><strong>The Critical<\/strong><br>Vilnius, Lietuva<br>Svetain\u0117: <a href=\"https:\/\/thecritical.lt\/\">https:\/\/thecritical.lt<\/a><br>El. pa\u0161tas: info@thecritical.lt<br>Institucijos kodas: 304562858<br>Direktorius: <em>Zemartas Budrys<\/em><\/p>\n<p><strong>Projekto partneris:<\/strong><br><strong>Hafelekar Unternehmensberatung Schober GmbH<\/strong><br>Eschenbachgasse 14, A-3040 Neulengbach, Austrija<br>Svetain\u0117: <a href=\"http:\/\/www.hafelekar.at\/\">www.hafelekar.at<\/a><br>El. pa\u0161tas: office@hafelekar.at<br>Prekybos registro numeris: 251806d<br>Direktorius: <em>Dr. Paul Schober<\/em><\/p>\n<p><strong>Atsakomyb\u0117s apribojimas:<\/strong><br>\u0160i svetain\u0117 yra Erasmus+ \u0161vietimo iniciatyvos dalis ir skirta tik informaciniais tikslais. Turinys buvo parengtas su did\u017eiausia \u012fmanoma kruop\u0161tumu. Ta\u010diau mes neatsakome u\u017e turinio teisingum\u0105, i\u0161samum\u0105 ar aktualum\u0105. Kaip paslaug\u0173 teik\u0117jas, mes esame atsakingi u\u017e savo turin\u012f \u0161iose puslapiuose pagal bendr\u0105sias teis\u0117s normas.<\/p>\n<p>Nepaisant kruop\u0161\u010dios turinio kontrol\u0117s, mes neprisiimame atsakomyb\u0117s u\u017e i\u0161orini\u0173 nuorod\u0173 turin\u012f. U\u017e nuorod\u0173 puslapi\u0173 turin\u012f atsako tik j\u0173 operatoriai.<\/p>\n<p data-start=\"0\" data-end=\"248\"><strong data-start=\"0\" data-end=\"44\">Autori\u0173 teis\u0117s ir licencijos prane\u0161imas:<\/strong><br data-start=\"44\" data-end=\"47\">Jei nenurodyta kitaip, visas \u0161ioje svetain\u0117je pateikiamas turinys yra licencijuotas pagal <strong data-start=\"137\" data-end=\"183\" data-is-only-node=\"\">Creative Commons licencij\u0105 CC BY-NC-ND 4.0<\/strong> (Priskyrimas \u2013 Nekomercinis naudojimas \u2013 Be i\u0161vestini\u0173 k\u016brini\u0173).<\/p>\n<p data-start=\"250\" data-end=\"449\">Tai rei\u0161kia, kad galite laisvai kopijuoti ir platinti med\u017eiag\u0105 bet kokia forma ar formatu, ta\u010diau <strong data-start=\"348\" data-end=\"404\">negalite jos keisti ar naudoti komerciniais tikslais<\/strong>. B\u016btina tinkamai nurodyti original\u0173 autori\u0173.<\/p>\n<p data-start=\"451\" data-end=\"532\" data-is-last-node=\"\" data-is-only-node=\"\">Daugiau informacijos:<br data-start=\"472\" data-end=\"475\"><a class=\"decorated-link\" href=\"https:\/\/creativecommons.org\/licenses\/by-nc-nd\/4.0\/deed.lt\" target=\"_new\" rel=\"noopener\" data-start=\"475\" data-end=\"532\" data-is-last-node=\"\">https:\/\/creativecommons.org\/licenses\/by-nc-nd\/4.0\/deed.lt<\/a><\/p>\t\t\t\t\t\t\t\t<\/div>\n\t\t\t\t<\/div>\n\t\t\t\t\t<\/div>\n\t\t\t\t<\/div>\n\t\t\t\t<\/div>\n\t\t","protected":false},"excerpt":{"rendered":"<p>Impresumas EcoInnovate AI+Profesinio mokymo ir tobulinimosi galimybi\u0173 stiprinimas naudojant AI valdomas \u201eproduktas-paslauga\u201c geb\u0117jimus siekiant tvaraus ateitiesErasmus+ KA210-VET ma\u017e\u0173 partneryst\u0117s projektas [&hellip;]<\/p>\n","protected":false},"author":4,"featured_media":0,"parent":0,"menu_order":0,"comment_status":"closed","ping_status":"closed","template":"","meta":{"footnotes":""},"class_list":["post-1581","page","type-page","status-publish","hentry"],"_links":{"self":[{"href":"https:\/\/ecoinnovate.eu\/index.php\/wp-json\/wp\/v2\/pages\/1581","targetHints":{"allow":["GET"]}}],"collection":[{"href":"https:\/\/ecoinnovate.eu\/index.php\/wp-json\/wp\/v2\/pages"}],"about":[{"href":"https:\/\/ecoinnovate.eu\/index.php\/wp-json\/wp\/v2\/types\/page"}],"author":[{"embeddable":true,"href":"https:\/\/ecoinnovate.eu\/index.php\/wp-json\/wp\/v2\/users\/4"}],"replies":[{"embeddable":true,"href":"https:\/\/ecoinnovate.eu\/index.php\/wp-json\/wp\/v2\/comments?post=1581"}],"version-history":[{"count":26,"href":"https:\/\/ecoinnovate.eu\/index.php\/wp-json\/wp\/v2\/pages\/1581\/revisions"}],"predecessor-version":[{"id":3147,"href":"https:\/\/ecoinnovate.eu\/index.php\/wp-json\/wp\/v2\/pages\/1581\/revisions\/3147"}],"wp:attachment":[{"href":"https:\/\/ecoinnovate.eu\/index.php\/wp-json\/wp\/v2\/media?parent=1581"}],"curies":[{"name":"wp","href":"https:\/\/api.w.org\/{rel}","templated":true}]}}