{"id":1543,"date":"2025-08-12T18:49:27","date_gmt":"2025-08-12T17:49:27","guid":{"rendered":"https:\/\/ecoinnovate.eu\/?page_id=1543"},"modified":"2026-01-23T10:34:02","modified_gmt":"2026-01-23T09:34:02","slug":"elementor-1543","status":"publish","type":"page","link":"https:\/\/ecoinnovate.eu\/index.php\/lt\/apie-mus\/elementor-1543\/","title":{"rendered":"Kontaktai"},"content":{"rendered":"\t\t<div data-elementor-type=\"wp-page\" data-elementor-id=\"1543\" class=\"elementor elementor-1543\" data-elementor-post-type=\"page\">\n\t\t\t\t<div class=\"elementor-element elementor-element-a93bad4 e-flex e-con-boxed e-con e-parent\" data-id=\"a93bad4\" data-element_type=\"container\" data-e-type=\"container\">\n\t\t\t\t\t<div class=\"e-con-inner\">\n\t\t\t\t<div class=\"elementor-element elementor-element-26b2421 elementor-widget elementor-widget-heading\" data-id=\"26b2421\" data-element_type=\"widget\" data-e-type=\"widget\" data-widget_type=\"heading.default\">\n\t\t\t\t<div class=\"elementor-widget-container\">\n\t\t\t\t\t<h2 class=\"elementor-heading-title elementor-size-default\">Susisiekime<\/h2>\t\t\t\t<\/div>\n\t\t\t\t<\/div>\n\t\t\t\t\t<\/div>\n\t\t\t\t<\/div>\n\t\t<div class=\"elementor-element elementor-element-fc61c8f e-flex e-con-boxed e-con e-parent\" data-id=\"fc61c8f\" data-element_type=\"container\" data-e-type=\"container\">\n\t\t\t\t\t<div class=\"e-con-inner\">\n\t\t\t\t<div class=\"elementor-element elementor-element-814acb0 elementor-widget elementor-widget-text-editor\" data-id=\"814acb0\" data-element_type=\"widget\" data-e-type=\"widget\" data-widget_type=\"text-editor.default\">\n\t\t\t\t<div class=\"elementor-widget-container\">\n\t\t\t\t\t\t\t\t\t<p><b>EcoInnovate AI+<\/b>\u00a0\u012fgyvendinamas bendradarbiaujant dviem organizacijoms i\u0161 Lietuvos ir Austrijos. Kiekvienas partneris prisideda savo unikalia patirtimi tvarumo, \u0161vietimo ir technologij\u0173 srityse, siekdamas remti skaitmenin\u012f ir ekologi\u0161k\u0105 per\u0117jim\u0105 profesinio mokymo ir lavinimo (VET) srityje.<\/p>\t\t\t\t\t\t\t\t<\/div>\n\t\t\t\t<\/div>\n\t\t\t\t\t<\/div>\n\t\t\t\t<\/div>\n\t\t<div class=\"elementor-element elementor-element-ec14fde e-flex e-con-boxed e-con e-child\" data-id=\"ec14fde\" data-element_type=\"container\" data-e-type=\"container\">\n\t\t\t\t\t<div class=\"e-con-inner\">\n\t\t\t\t<div class=\"elementor-element elementor-element-3cc50e9 elementor-widget elementor-widget-spacer\" data-id=\"3cc50e9\" data-element_type=\"widget\" data-e-type=\"widget\" data-widget_type=\"spacer.default\">\n\t\t\t\t<div class=\"elementor-widget-container\">\n\t\t\t\t\t\t\t<div class=\"elementor-spacer\">\n\t\t\t<div class=\"elementor-spacer-inner\"><\/div>\n\t\t<\/div>\n\t\t\t\t\t\t<\/div>\n\t\t\t\t<\/div>\n\t\t\t\t<div class=\"elementor-element elementor-element-0b793fd elementor-widget__width-initial elementor-widget elementor-widget-image\" data-id=\"0b793fd\" data-element_type=\"widget\" data-e-type=\"widget\" data-widget_type=\"image.default\">\n\t\t\t\t<div class=\"elementor-widget-container\">\n\t\t\t\t\t\t\t\t\t\t\t\t<figure class=\"wp-caption\">\n\t\t\t\t\t\t\t\t\t\t<img fetchpriority=\"high\" decoding=\"async\" width=\"800\" height=\"298\" src=\"https:\/\/ecoinnovate.eu\/wp-content\/uploads\/2025\/05\/THECRITICAL_2_BLACK-1024x381.png\" class=\"attachment-large size-large wp-image-58\" alt=\"\" srcset=\"https:\/\/ecoinnovate.eu\/wp-content\/uploads\/2025\/05\/THECRITICAL_2_BLACK-1024x381.png 1024w, https:\/\/ecoinnovate.eu\/wp-content\/uploads\/2025\/05\/THECRITICAL_2_BLACK-300x112.png 300w, https:\/\/ecoinnovate.eu\/wp-content\/uploads\/2025\/05\/THECRITICAL_2_BLACK-768x286.png 768w, https:\/\/ecoinnovate.eu\/wp-content\/uploads\/2025\/05\/THECRITICAL_2_BLACK-1536x572.png 1536w, https:\/\/ecoinnovate.eu\/wp-content\/uploads\/2025\/05\/THECRITICAL_2_BLACK-2048x762.png 2048w\" sizes=\"(max-width: 800px) 100vw, 800px\" \/>\t\t\t\t\t\t\t\t\t\t\t<figcaption class=\"widget-image-caption wp-caption-text\"><\/figcaption>\n\t\t\t\t\t\t\t\t\t\t<\/figure>\n\t\t\t\t\t\t\t\t\t<\/div>\n\t\t\t\t<\/div>\n\t\t\t\t<div class=\"elementor-element elementor-element-b80d42b elementor-widget elementor-widget-text-editor\" data-id=\"b80d42b\" data-element_type=\"widget\" data-e-type=\"widget\" data-widget_type=\"text-editor.default\">\n\t\t\t\t<div class=\"elementor-widget-container\">\n\t\t\t\t\t\t\t\t\t<p data-start=\"604\" data-end=\"633\"><b>Vaidmuo: projekto koordinatorius<\/b><\/p><p data-start=\"604\" data-end=\"633\"><b>UAB, The Critical<\/b>\u00a0yra dizaino ir tyrim\u0173 agent\u016bra, \u012fsik\u016brusi Vilniuje, Lietuvoje, kuri specializuojasi \u017eiedin\u0117s ekonomikos strategijose, paslaug\u0173 dizaino ir \u0161vietimo inovacijose. Organizacija turi didel\u0119 patirt\u012f dalyvaujamojo mokymosi ir tvarumo orientuoto verslo modeliavimo srityse.<\/p><p data-start=\"604\" data-end=\"633\">EcoInnovate AI+ projekte Theoria vadovauja pedagogin\u0117s sistemos k\u016brimui, turinio bendram k\u016brimui ir projekto valdymui, u\u017etikrindama, kad sukurti \u012frankiai ir mokymo med\u017eiaga b\u016bt\u0173 aktual\u016bs, prieinami ir atitikt\u0173 besikei\u010dian\u010dius profesinio mokymo sektoriaus poreikius.\u00a0<\/p><p data-start=\"604\" data-end=\"633\">\u00a0<\/p>\t\t\t\t\t\t\t\t<\/div>\n\t\t\t\t<\/div>\n\t\t\t\t\t<\/div>\n\t\t\t\t<\/div>\n\t\t<div class=\"elementor-element elementor-element-a5ead3b e-flex e-con-boxed e-con e-parent\" data-id=\"a5ead3b\" data-element_type=\"container\" data-e-type=\"container\">\n\t\t\t\t\t<div class=\"e-con-inner\">\n\t\t\t\t\t<\/div>\n\t\t\t\t<\/div>\n\t\t<div class=\"elementor-element elementor-element-8f6946e e-flex e-con-boxed e-con e-parent\" data-id=\"8f6946e\" data-element_type=\"container\" data-e-type=\"container\">\n\t\t\t\t\t<div class=\"e-con-inner\">\n\t\t\t\t<div class=\"elementor-element elementor-element-cb8ae53 elementor-widget-divider--view-line elementor-widget elementor-widget-divider\" data-id=\"cb8ae53\" data-element_type=\"widget\" data-e-type=\"widget\" data-widget_type=\"divider.default\">\n\t\t\t\t<div class=\"elementor-widget-container\">\n\t\t\t\t\t\t\t<div class=\"elementor-divider\">\n\t\t\t<span class=\"elementor-divider-separator\">\n\t\t\t\t\t\t<\/span>\n\t\t<\/div>\n\t\t\t\t\t\t<\/div>\n\t\t\t\t<\/div>\n\t\t\t\t\t<\/div>\n\t\t\t\t<\/div>\n\t\t<div class=\"elementor-element elementor-element-206c475 e-flex e-con-boxed e-con e-child\" data-id=\"206c475\" data-element_type=\"container\" data-e-type=\"container\">\n\t\t\t\t\t<div class=\"e-con-inner\">\n\t\t\t\t<div class=\"elementor-element elementor-element-9538c5f elementor-widget__width-initial elementor-widget elementor-widget-image\" data-id=\"9538c5f\" data-element_type=\"widget\" data-e-type=\"widget\" data-widget_type=\"image.default\">\n\t\t\t\t<div class=\"elementor-widget-container\">\n\t\t\t\t\t\t\t\t\t\t\t\t\t\t\t<img decoding=\"async\" width=\"591\" height=\"105\" src=\"https:\/\/ecoinnovate.eu\/wp-content\/uploads\/2025\/05\/HAFELEKAR_RGB.jpg\" class=\"attachment-large size-large wp-image-57\" alt=\"\" srcset=\"https:\/\/ecoinnovate.eu\/wp-content\/uploads\/2025\/05\/HAFELEKAR_RGB.jpg 591w, https:\/\/ecoinnovate.eu\/wp-content\/uploads\/2025\/05\/HAFELEKAR_RGB-300x53.jpg 300w\" sizes=\"(max-width: 591px) 100vw, 591px\" \/>\t\t\t\t\t\t\t\t\t\t\t\t\t\t\t<\/div>\n\t\t\t\t<\/div>\n\t\t\t\t<div class=\"elementor-element elementor-element-490b841 elementor-widget elementor-widget-text-editor\" data-id=\"490b841\" data-element_type=\"widget\" data-e-type=\"widget\" data-widget_type=\"text-editor.default\">\n\t\t\t\t<div class=\"elementor-widget-container\">\n\t\t\t\t\t\t\t\t\t<p data-start=\"1312\" data-end=\"1355\"><b>Vaidmuo: technikos ir AI pl\u0117tros vadovas<\/b><\/p><p data-start=\"1312\" data-end=\"1355\"><b>Hafelekar <\/b>yra konsultacin\u0117 ir taikom\u0173j\u0173 mokslini\u0173 tyrim\u0173 \u012fmon\u0117, \u012fsik\u016brusi Neulengbacho mieste, Austrijoje. Ji turi didel\u0119 patirt\u012f profesinio mokymo, skaitmenini\u0173 mokymosi aplink\u0173 ir AI technologijomis papildyt\u0173 mokymo sistem\u0173 srityse.<\/p><p data-start=\"1312\" data-end=\"1355\">EcoInnovate AI+ projekte Hafelekar yra atsakinga u\u017e dirbtinio intelekto pagr\u012fst\u0173 <i>Edubot\u0173<\/i> k\u016brim\u0105 ir remia skaitmenini\u0173 \u012franki\u0173 bei mi\u0161riojo mokymosi moduli\u0173 projektavim\u0105. Jos vaidmuo u\u017etikrina technin\u012f patikimum\u0105, naudojimo patogum\u0105 ir inovacijas visame projekte.<\/p><p data-start=\"1830\" data-end=\"1901\">\u00a0<\/p>\t\t\t\t\t\t\t\t<\/div>\n\t\t\t\t<\/div>\n\t\t\t\t\t<\/div>\n\t\t\t\t<\/div>\n\t\t<div class=\"elementor-element elementor-element-9ba84e1 e-flex e-con-boxed e-con e-parent\" data-id=\"9ba84e1\" data-element_type=\"container\" data-e-type=\"container\">\n\t\t\t\t\t<div class=\"e-con-inner\">\n\t\t<div class=\"elementor-element elementor-element-16815ad e-con-full e-flex e-con e-child\" data-id=\"16815ad\" data-element_type=\"container\" data-e-type=\"container\">\n\t\t\t\t<div class=\"elementor-element elementor-element-0a8da7a elementor-widget__width-initial elementor-widget elementor-widget-text-editor\" data-id=\"0a8da7a\" data-element_type=\"widget\" data-e-type=\"widget\" data-widget_type=\"text-editor.default\">\n\t\t\t\t<div class=\"elementor-widget-container\">\n\t\t\t\t\t\t\t\t\t<p data-start=\"338\" data-end=\"493\"><img decoding=\"async\" class=\"wp-image-49 size-medium alignleft\" src=\"https:\/\/ecoinnovate.eu\/wp-content\/uploads\/2025\/05\/mailbox-55464-300x218.jpg\" alt=\"\" width=\"300\" height=\"218\" srcset=\"https:\/\/ecoinnovate.eu\/wp-content\/uploads\/2025\/05\/mailbox-55464-300x218.jpg 300w, https:\/\/ecoinnovate.eu\/wp-content\/uploads\/2025\/05\/mailbox-55464-1024x743.jpg 1024w, https:\/\/ecoinnovate.eu\/wp-content\/uploads\/2025\/05\/mailbox-55464-768x557.jpg 768w, https:\/\/ecoinnovate.eu\/wp-content\/uploads\/2025\/05\/mailbox-55464-1536x1114.jpg 1536w, https:\/\/ecoinnovate.eu\/wp-content\/uploads\/2025\/05\/mailbox-55464-2048x1486.jpg 2048w\" sizes=\"(max-width: 300px) 100vw, 300px\" \/><\/p>\t\t\t\t\t\t\t\t<\/div>\n\t\t\t\t<\/div>\n\t\t\t\t<\/div>\n\t\t<div class=\"elementor-element elementor-element-43b0239 e-con-full e-flex e-con e-child\" data-id=\"43b0239\" data-element_type=\"container\" data-e-type=\"container\">\n\t\t\t\t<div class=\"elementor-element elementor-element-890b7d2 elementor-widget elementor-widget-text-editor\" data-id=\"890b7d2\" data-element_type=\"widget\" data-e-type=\"widget\" data-widget_type=\"text-editor.default\">\n\t\t\t\t<div class=\"elementor-widget-container\">\n\t\t\t\t\t\t\t\t\t<p>D\u017eiaugsim\u0117s sulauk\u0119 klausim\u0173, bendradarbiavimo pasi\u016blym\u0173, \u017einiasklaidos u\u017eklaus\u0173 ir id\u0117j\u0173 i\u0161 vis\u0173 profesinio mokymo, tvarumo ir AI inovacij\u0173 sri\u010di\u0173 suinteresuot\u0173j\u0173 \u0161ali\u0173.<\/p>\n<p>Nesvarbu, ar esate:<\/p>\n<ul>\n<li>profesinio mokymo pedagogas, norintis integruoti AI ir tvarum\u0105 \u012f savo mokymo program\u0105,<\/li>\n<li>mokinys ar sta\u017euotojas, ie\u0161kantis praktin\u0117s inovacij\u0173 patirties,<\/li>\n<li>\u012fmon\u0117, suinteresuota <i>P2S<\/i> bendradarbiavimu,<\/li>\n<li>arba politikas, formuojantis ekologi\u0161kas \u0161vietimo strategijas \u2014<\/li>\n<li>mes norime i\u0161girsti J\u016bs\u0173 nuomon\u0119.<\/li>\n<\/ul>\t\t\t\t\t\t\t\t<\/div>\n\t\t\t\t<\/div>\n\t\t\t\t<\/div>\n\t\t\t\t\t<\/div>\n\t\t\t\t<\/div>\n\t\t<div class=\"elementor-element elementor-element-2d0ee40 e-flex e-con-boxed e-con e-parent\" data-id=\"2d0ee40\" data-element_type=\"container\" data-e-type=\"container\">\n\t\t\t\t\t<div class=\"e-con-inner\">\n\t\t\t\t<div class=\"elementor-element elementor-element-67a38f6 elementor-widget elementor-widget-heading\" data-id=\"67a38f6\" data-element_type=\"widget\" data-e-type=\"widget\" data-widget_type=\"heading.default\">\n\t\t\t\t<div class=\"elementor-widget-container\">\n\t\t\t\t\t<h2 class=\"elementor-heading-title elementor-size-default\">Projekto kontaktai<\/h2>\t\t\t\t<\/div>\n\t\t\t\t<\/div>\n\t\t\t\t\t<\/div>\n\t\t\t\t<\/div>\n\t\t<div class=\"elementor-element elementor-element-653cba5 e-flex e-con-boxed e-con e-parent\" data-id=\"653cba5\" data-element_type=\"container\" data-e-type=\"container\">\n\t\t\t\t\t<div class=\"e-con-inner\">\n\t\t<div class=\"elementor-element elementor-element-d14f6da e-con-full e-flex e-con e-child\" data-id=\"d14f6da\" data-element_type=\"container\" data-e-type=\"container\">\n\t\t\t\t<div class=\"elementor-element elementor-element-ed4ccda elementor-widget__width-initial elementor-widget elementor-widget-text-editor\" data-id=\"ed4ccda\" data-element_type=\"widget\" data-e-type=\"widget\" data-widget_type=\"text-editor.default\">\n\t\t\t\t<div class=\"elementor-widget-container\">\n\t\t\t\t\t\t\t\t\t<p><strong>Projekto vadovas \u2013 Lietuva<\/strong><br \/>UAB, The Critical<br \/>Vilnius, Lietuva<\/p><p data-start=\"604\" data-end=\"633\"><b>El. pa\u0161tas<\/b>: <a href=\"mailto:info@thecritical.lt\">info@thecritical.lt<\/a><\/p><p data-start=\"604\" data-end=\"633\"><strong style=\"font-family: -apple-system, BlinkMacSystemFont, 'Segoe UI', Roboto, 'Helvetica Neue', Arial, 'Noto Sans', sans-serif, 'Apple Color Emoji', 'Segoe UI Emoji', 'Segoe UI Symbol', 'Noto Color Emoji'; font-size: 1rem;\">Web:<\/strong> <a style=\"background-color: #ffffff; font-family: -apple-system, BlinkMacSystemFont, 'Segoe UI', Roboto, 'Helvetica Neue', Arial, 'Noto Sans', sans-serif, 'Apple Color Emoji', 'Segoe UI Emoji', 'Segoe UI Symbol', 'Noto Color Emoji'; font-size: 1rem;\" href=\"https:\/\/thecritical.lt\" target=\"_new\" rel=\"noopener\" data-start=\"1201\" data-end=\"1248\">https:\/\/thecritical.lt<\/a><\/p>\t\t\t\t\t\t\t\t<\/div>\n\t\t\t\t<\/div>\n\t\t\t\t<\/div>\n\t\t<div class=\"elementor-element elementor-element-ec3270b e-con-full e-flex e-con e-child\" data-id=\"ec3270b\" data-element_type=\"container\" data-e-type=\"container\">\n\t\t\t\t<div class=\"elementor-element elementor-element-904c428 elementor-widget elementor-widget-text-editor\" data-id=\"904c428\" data-element_type=\"widget\" data-e-type=\"widget\" data-widget_type=\"text-editor.default\">\n\t\t\t\t<div class=\"elementor-widget-container\">\n\t\t\t\t\t\t\t\t\t<p><strong>Partneris \u2013 Austrija<\/strong><br \/>HAFELEKAR Unternehmensberatung GmbH<br \/>Neulengbach, Austrija<\/p><p><b>El. pa\u0161tas<\/b>: <a href=\"mailto:office@hafelekar.at\">office@hafelekar.at<\/a><\/p><p><a class=\"\" href=\"http:\/\/www.hafelekar.at\" target=\"_new\" rel=\"noopener\" data-start=\"1124\" data-end=\"1167\"><strong style=\"font-family: -apple-system, BlinkMacSystemFont, 'Segoe UI', Roboto, 'Helvetica Neue', Arial, 'Noto Sans', sans-serif, 'Apple Color Emoji', 'Segoe UI Emoji', 'Segoe UI Symbol', 'Noto Color Emoji'; font-size: 1rem;\">Web:<\/strong>\u00a0 www.hafelekar.at<\/a><\/p>\t\t\t\t\t\t\t\t<\/div>\n\t\t\t\t<\/div>\n\t\t\t\t<\/div>\n\t\t\t\t\t<\/div>\n\t\t\t\t<\/div>\n\t\t<div class=\"elementor-element elementor-element-6442c8b e-flex e-con-boxed e-con e-parent\" data-id=\"6442c8b\" data-element_type=\"container\" data-e-type=\"container\">\n\t\t\t\t\t<div class=\"e-con-inner\">\n\t\t\t\t<div class=\"elementor-element elementor-element-508887b elementor-widget elementor-widget-spacer\" data-id=\"508887b\" data-element_type=\"widget\" data-e-type=\"widget\" data-widget_type=\"spacer.default\">\n\t\t\t\t<div class=\"elementor-widget-container\">\n\t\t\t\t\t\t\t<div class=\"elementor-spacer\">\n\t\t\t<div class=\"elementor-spacer-inner\"><\/div>\n\t\t<\/div>\n\t\t\t\t\t\t<\/div>\n\t\t\t\t<\/div>\n\t\t\t\t\t<\/div>\n\t\t\t\t<\/div>\n\t\t<div class=\"elementor-element elementor-element-050811a e-flex e-con-boxed e-con e-parent\" data-id=\"050811a\" data-element_type=\"container\" data-e-type=\"container\">\n\t\t\t\t\t<div class=\"e-con-inner\">\n\t\t\t\t<div class=\"elementor-element elementor-element-d796074 elementor-widget elementor-widget-heading\" data-id=\"d796074\" data-element_type=\"widget\" data-e-type=\"widget\" data-widget_type=\"heading.default\">\n\t\t\t\t<div class=\"elementor-widget-container\">\n\t\t\t\t\t<h2 class=\"elementor-heading-title elementor-size-default\">B\u016bkime ry\u0161yje<\/h2>\t\t\t\t<\/div>\n\t\t\t\t<\/div>\n\t\t\t\t\t<\/div>\n\t\t\t\t<\/div>\n\t\t<div class=\"elementor-element elementor-element-72cfcc5 e-flex e-con-boxed e-con e-parent\" data-id=\"72cfcc5\" data-element_type=\"container\" data-e-type=\"container\">\n\t\t\t\t\t<div class=\"e-con-inner\">\n\t\t<div class=\"elementor-element elementor-element-9d2554a e-con-full e-flex e-con e-child\" data-id=\"9d2554a\" data-element_type=\"container\" data-e-type=\"container\">\n\t\t\t\t<div class=\"elementor-element elementor-element-8b26123 elementor-widget elementor-widget-text-editor\" data-id=\"8b26123\" data-element_type=\"widget\" data-e-type=\"widget\" data-widget_type=\"text-editor.default\">\n\t\t\t\t<div class=\"elementor-widget-container\">\n\t\t\t\t\t\t\t\t\t<p>Dalinsim\u0117s naujienomis, i\u0161tekliais ir galimyb\u0117mis per:<\/p>\n<p>Virtuali\u0105 profesinio mokymo praktikos bendruomen\u0119 (netrukus)<\/p>\n<p>Atsisiun\u010diam\u0105 mokymosi med\u017eiag\u0105 ir <i>Edubotus<\/i><\/p>\n<p><span style=\"font-family: -apple-system, BlinkMacSystemFont, 'Segoe UI', Roboto, 'Helvetica Neue', Arial, 'Noto Sans', sans-serif, 'Apple Color Emoji', 'Segoe UI Emoji', 'Segoe UI Symbol', 'Noto Color Emoji'; font-size: 1rem;\"><b>Kartu kurkime profesinio mokymo ateit\u012f.<\/b><\/span><\/p>\t\t\t\t\t\t\t\t<\/div>\n\t\t\t\t<\/div>\n\t\t\t\t<\/div>\n\t\t<div class=\"elementor-element elementor-element-61dc4d1 e-con-full e-flex e-con e-child\" data-id=\"61dc4d1\" data-element_type=\"container\" data-e-type=\"container\">\n\t\t\t\t<div class=\"elementor-element elementor-element-b57e300 elementor-widget elementor-widget-image\" data-id=\"b57e300\" data-element_type=\"widget\" data-e-type=\"widget\" data-widget_type=\"image.default\">\n\t\t\t\t<div class=\"elementor-widget-container\">\n\t\t\t\t\t\t\t\t\t\t\t\t\t\t\t<img loading=\"lazy\" decoding=\"async\" width=\"768\" height=\"512\" src=\"https:\/\/ecoinnovate.eu\/wp-content\/uploads\/2025\/05\/chain-218900_1920-768x512.jpg\" class=\"attachment-medium_large size-medium_large wp-image-21\" alt=\"\" srcset=\"https:\/\/ecoinnovate.eu\/wp-content\/uploads\/2025\/05\/chain-218900_1920-768x512.jpg 768w, https:\/\/ecoinnovate.eu\/wp-content\/uploads\/2025\/05\/chain-218900_1920-300x200.jpg 300w, https:\/\/ecoinnovate.eu\/wp-content\/uploads\/2025\/05\/chain-218900_1920-1024x683.jpg 1024w, https:\/\/ecoinnovate.eu\/wp-content\/uploads\/2025\/05\/chain-218900_1920-1536x1025.jpg 1536w, https:\/\/ecoinnovate.eu\/wp-content\/uploads\/2025\/05\/chain-218900_1920.jpg 1920w\" sizes=\"(max-width: 768px) 100vw, 768px\" \/>\t\t\t\t\t\t\t\t\t\t\t\t\t\t\t<\/div>\n\t\t\t\t<\/div>\n\t\t\t\t<\/div>\n\t\t\t\t\t<\/div>\n\t\t\t\t<\/div>\n\t\t<div class=\"elementor-element elementor-element-b5bc5e7 e-flex e-con-boxed e-con e-parent\" data-id=\"b5bc5e7\" data-element_type=\"container\" data-e-type=\"container\">\n\t\t\t\t\t<div class=\"e-con-inner\">\n\t\t\t\t\t<\/div>\n\t\t\t\t<\/div>\n\t\t\t\t<\/div>\n\t\t","protected":false},"excerpt":{"rendered":"<p>Susisiekime EcoInnovate AI+\u00a0\u012fgyvendinamas bendradarbiaujant dviem organizacijoms i\u0161 Lietuvos ir Austrijos. Kiekvienas partneris prisideda savo unikalia patirtimi tvarumo, \u0161vietimo ir technologij\u0173 [&hellip;]<\/p>\n","protected":false},"author":4,"featured_media":49,"parent":1534,"menu_order":0,"comment_status":"closed","ping_status":"closed","template":"","meta":{"footnotes":""},"class_list":["post-1543","page","type-page","status-publish","has-post-thumbnail","hentry"],"_links":{"self":[{"href":"https:\/\/ecoinnovate.eu\/index.php\/wp-json\/wp\/v2\/pages\/1543","targetHints":{"allow":["GET"]}}],"collection":[{"href":"https:\/\/ecoinnovate.eu\/index.php\/wp-json\/wp\/v2\/pages"}],"about":[{"href":"https:\/\/ecoinnovate.eu\/index.php\/wp-json\/wp\/v2\/types\/page"}],"author":[{"embeddable":true,"href":"https:\/\/ecoinnovate.eu\/index.php\/wp-json\/wp\/v2\/users\/4"}],"replies":[{"embeddable":true,"href":"https:\/\/ecoinnovate.eu\/index.php\/wp-json\/wp\/v2\/comments?post=1543"}],"version-history":[{"count":33,"href":"https:\/\/ecoinnovate.eu\/index.php\/wp-json\/wp\/v2\/pages\/1543\/revisions"}],"predecessor-version":[{"id":3531,"href":"https:\/\/ecoinnovate.eu\/index.php\/wp-json\/wp\/v2\/pages\/1543\/revisions\/3531"}],"up":[{"embeddable":true,"href":"https:\/\/ecoinnovate.eu\/index.php\/wp-json\/wp\/v2\/pages\/1534"}],"wp:featuredmedia":[{"embeddable":true,"href":"https:\/\/ecoinnovate.eu\/index.php\/wp-json\/wp\/v2\/media\/49"}],"wp:attachment":[{"href":"https:\/\/ecoinnovate.eu\/index.php\/wp-json\/wp\/v2\/media?parent=1543"}],"curies":[{"name":"wp","href":"https:\/\/api.w.org\/{rel}","templated":true}]}}