{"id":1503,"date":"2025-08-12T18:21:08","date_gmt":"2025-08-12T17:21:08","guid":{"rendered":"https:\/\/ecoinnovate.eu\/?page_id=1503"},"modified":"2026-01-23T12:15:41","modified_gmt":"2026-01-23T11:15:41","slug":"02-circularity-coach-lithuanian","status":"publish","type":"page","link":"https:\/\/ecoinnovate.eu\/index.php\/lt\/02-circularity-coach-lithuanian\/","title":{"rendered":"02 \u017diedi\u0161kumo treneris"},"content":{"rendered":"<h2>\u017diedi\u0161kumo treneris<\/h2>\n<p><img fetchpriority=\"high\" decoding=\"async\" src=\"https:\/\/ecoinnovate.eu\/wp-content\/uploads\/2026\/01\/EduBot-2.png\" sizes=\"(max-width: 800px) 100vw, 800px\" srcset=\"https:\/\/ecoinnovate.eu\/wp-content\/uploads\/2026\/01\/EduBot-2.png 1024w, https:\/\/ecoinnovate.eu\/wp-content\/uploads\/2026\/01\/EduBot-2-300x270.png 300w, https:\/\/ecoinnovate.eu\/wp-content\/uploads\/2026\/01\/EduBot-2-768x690.png 768w\" alt=\"\" width=\"800\" height=\"719\" \/><\/p>\n<p data-start=\"87\" data-end=\"283\"><b>\u201e\u017diedi\u0161kumo treneris\u201c<\/b> parodo, kaip protingiau dirbti su med\u017eiagomis, \u012frankiais ir i\u0161tekliais. Remiantis \u017eiedin\u0117s ekonomikos principais, jis padeda suma\u017einti atliek\u0173 kiek\u012f ir prailginti produkt\u0173 bei med\u017eiag\u0173 naudojimo laik\u0105.<\/p>\n<p data-start=\"87\" data-end=\"283\">\u010cia pateikiami <b>3 pagrindiniai principai<\/b> ir <b>10 praktini\u0173 R-veiksm\u0173<\/b>, kuriuos galima taikyti savo kasdieniame darbe. &#8220;\u017diedi\u0161kumo treneris&#8221; pad\u0117s tavo id\u0117joms tapti tvaresn\u0117mis, o profesijai \u2013 labiau pasirengusiai atei\u010diai.<\/p>\n<ul>\n<li><b>1 principas: protinga gamyba ir naudojimas<br \/>\n<\/b>Pagalvok prie\u0161 naudojant.<br \/>\nVenk nereikaling\u0173 med\u017eiag\u0173, planuok protingai ir projektuok efektyviai.<\/li>\n<li><b>2 principas: produkto gyvavimo trukm\u0117s prat\u0119simas<br \/>\n<\/b>Suteik daiktams antr\u0105 gyvenim\u0105.<br \/>\nRemontuok, atnaujink arba transformuoki produktus, o ne keisk juos naujais.<\/li>\n<li data-start=\"420\" data-end=\"466\"><b>3 principas: perdirbimas ir atgavimas<br \/>\n<\/b>I\u0161mintingai naudok tai, kas liko.<br \/>\nKai niekas kitas nepadeda, saugiai perdirbk arba atgauki energij\u0105.<\/li>\n<\/ul>\n<p>    <div class=\"aipkit_chat_container aipkit-theme-custom   aipkit-sidebar-state-closed aipkit-voice-input-enabled  \" id=\"aipkit_chat_container_1955\" data-bot-id=\"1955\" data-config='{&quot;botId&quot;:1955,&quot;ajaxUrl&quot;:&quot;https:\\\/\\\/ecoinnovate.eu\\\/wp-admin\\\/admin-ajax.php&quot;,&quot;nonce&quot;:&quot;0b8ec68c6d&quot;,&quot;postId&quot;:0,&quot;theme&quot;:&quot;custom&quot;,&quot;popupEnabled&quot;:false,&quot;popupPosition&quot;:&quot;bottom-right&quot;,&quot;popupDelay&quot;:1,&quot;popupIconType&quot;:&quot;default&quot;,&quot;popupIconStyle&quot;:&quot;circle&quot;,&quot;popupIconValue&quot;:&quot;chat-bubble&quot;,&quot;popupIconSize&quot;:&quot;medium&quot;,&quot;customThemePresetKey&quot;:&quot;lagoon&quot;,&quot;popupLabelEnabled&quot;:false,&quot;popupLabelText&quot;:&quot;&quot;,&quot;popupLabelMode&quot;:&quot;on_delay&quot;,&quot;popupLabelDelaySeconds&quot;:2,&quot;popupLabelAutoHideSeconds&quot;:0,&quot;popupLabelDismissible&quot;:true,&quot;popupLabelFrequency&quot;:&quot;once_per_visitor&quot;,&quot;popupLabelShowOnMobile&quot;:true,&quot;popupLabelShowOnDesktop&quot;:true,&quot;popupLabelVersion&quot;:&quot;&quot;,&quot;popupLabelSize&quot;:&quot;medium&quot;,&quot;streamEnabled&quot;:true,&quot;footerText&quot;:&quot;&quot;,&quot;headerAvatarType&quot;:&quot;default&quot;,&quot;headerAvatarValue&quot;:&quot;spark&quot;,&quot;headerAvatarUrl&quot;:&quot;&quot;,&quot;headerOnlineText&quot;:&quot;Online&quot;,&quot;enableFullscreen&quot;:true,&quot;enableDownload&quot;:true,&quot;enableCopyButton&quot;:true,&quot;enableFeedback&quot;:true,&quot;enableSidebar&quot;:false,&quot;pdfDownloadActive&quot;:false,&quot;headerName&quot;:&quot;021_LT_ECO_Circularity_Coach&quot;,&quot;enableStarters&quot;:true,&quot;starters&quot;:[&quot;P r a d \u0117 t i !&quot;],&quot;requireConsentCompliance&quot;:false,&quot;ttsEnabled&quot;:false,&quot;ttsAutoPlay&quot;:false,&quot;ttsProvider&quot;:&quot;Google&quot;,&quot;ttsVoiceId&quot;:&quot;&quot;,&quot;ttsOpenAIModelId&quot;:&quot;tts-1&quot;,&quot;ttsElevenLabsModelId&quot;:&quot;&quot;,&quot;enableVoiceInputUI&quot;:true,&quot;enableRealtimeVoiceUI&quot;:false,&quot;directVoiceMode&quot;:false,&quot;realtimeModel&quot;:&quot;gpt-4o-realtime-preview&quot;,&quot;sttProvider&quot;:&quot;OpenAI&quot;,&quot;imageTriggers&quot;:&quot;\\\/image,\\\/generate&quot;,&quot;fileUploadEnabledUI&quot;:false,&quot;imageUploadEnabledUI&quot;:false,&quot;inputActionButtonEnabled&quot;:false,&quot;provider&quot;:&quot;OpenAI&quot;,&quot;vectorStoreProvider&quot;:&quot;openai&quot;,&quot;enableOpenAIConversationState&quot;:false,&quot;allowWebSearchTool&quot;:false,&quot;webToggleDefaultOn&quot;:false,&quot;showSources&quot;:true,&quot;allowGoogleSearchGrounding&quot;:false,&quot;googleGroundingMode&quot;:&quot;DEFAULT_MODE&quot;,&quot;googleGroundingDynamicThreshold&quot;:0.3,&quot;customThemeSettings&quot;:{&quot;primary_color&quot;:&quot;#0F766E&quot;,&quot;secondary_color&quot;:&quot;#ECFEFF&quot;,&quot;auto_text_contrast&quot;:&quot;1&quot;,&quot;font_family&quot;:&quot;inherit&quot;,&quot;bubble_border_radius&quot;:18,&quot;container_border_radius&quot;:10,&quot;container_text_color&quot;:&quot;#2d3748&quot;,&quot;container_border_color&quot;:&quot;#1f4129&quot;,&quot;header_text_color&quot;:&quot;#718096&quot;,&quot;header_border_color&quot;:&quot;#e1e7ef&quot;,&quot;messages_bg_color&quot;:&quot;#f7f9fc&quot;,&quot;bot_bubble_bg_color&quot;:&quot;#e9ecef&quot;,&quot;bot_bubble_text_color&quot;:&quot;#2d3748&quot;,&quot;user_bubble_bg_color&quot;:&quot;#4a6fa5&quot;,&quot;input_wrapper_bg_color&quot;:&quot;#d6dfd9&quot;,&quot;input_wrapper_border_color&quot;:&quot;#193f24&quot;,&quot;input_text_color&quot;:&quot;#2d3748&quot;,&quot;send_button_bg_color&quot;:&quot;#4a6fa5&quot;,&quot;action_button_color&quot;:&quot;#718096&quot;,&quot;action_button_border_color&quot;:&quot;#d1d5db&quot;,&quot;action_button_hover_bg_color&quot;:&quot;#f0f4f8&quot;,&quot;action_button_hover_color&quot;:&quot;#2d3748&quot;,&quot;footer_text_color&quot;:&quot;#718096&quot;,&quot;footer_border_color&quot;:&quot;#e1e7ef&quot;,&quot;sidebar_bg_color&quot;:&quot;#ffffff&quot;,&quot;sidebar_text_color&quot;:&quot;#718096&quot;,&quot;sidebar_border_color&quot;:&quot;#e1e7ef&quot;,&quot;sidebar_active_bg_color&quot;:&quot;#edf2f7&quot;,&quot;sidebar_active_text_color&quot;:&quot;#4a6fa5&quot;,&quot;container_max_width&quot;:650,&quot;popup_width&quot;:400,&quot;container_height&quot;:450,&quot;container_max_height&quot;:70,&quot;container_min_height&quot;:250,&quot;popup_height&quot;:680,&quot;popup_min_height&quot;:320,&quot;popup_max_height&quot;:90},&quot;text&quot;:{&quot;sendMessage&quot;:&quot;Send Message&quot;,&quot;sending&quot;:&quot;Sending...&quot;,&quot;typeMessage&quot;:&quot;\u012eveskite savo \u017einut\u0119...&quot;,&quot;thinking&quot;:&quot;Thinking&quot;,&quot;streaming&quot;:&quot;Streaming...&quot;,&quot;statusThinking&quot;:&quot;Thinking...&quot;,&quot;statusProcessing&quot;:&quot;Processing...&quot;,&quot;statusSearchingWeb&quot;:&quot;Searching web...&quot;,&quot;statusRetrievingContext&quot;:&quot;&quot;,&quot;statusCallingTool&quot;:&quot;Calling tool...&quot;,&quot;errorPrefix&quot;:&quot;Error:&quot;,&quot;userPrefix&quot;:&quot;User&quot;,&quot;sources&quot;:&quot;Sources&quot;,&quot;source&quot;:&quot;Source&quot;,&quot;clearChat&quot;:&quot;Clear Chat&quot;,&quot;fullscreen&quot;:&quot;Fullscreen&quot;,&quot;exitFullscreen&quot;:&quot;Exit Fullscreen&quot;,&quot;download&quot;:&quot;Download Transcript&quot;,&quot;downloadTxt&quot;:&quot;Download TXT&quot;,&quot;downloadPdf&quot;:&quot;Download PDF&quot;,&quot;downloadEmpty&quot;:&quot;Nothing to download.&quot;,&quot;pdfError&quot;:&quot;Could not generate PDF. jsPDF library might be missing.&quot;,&quot;streamError&quot;:&quot;Stream error. Please try again.&quot;,&quot;connError&quot;:&quot;Connection error. Please try again.&quot;,&quot;initialGreeting&quot;:&quot;Sveiki! A\u0161 esu \u201eCircularity Coach\u201c!&quot;,&quot;initialSubgreeting&quot;:&quot;Spustel\u0117kite \u201ePrad\u0117ti\u201c ir smagiai praleiskite laik\u0105!&quot;,&quot;sidebarToggle&quot;:&quot;Toggle Conversation Sidebar&quot;,&quot;newChat&quot;:&quot;New Chat&quot;,&quot;conversations&quot;:&quot;Conversations&quot;,&quot;historyGuests&quot;:&quot;History unavailable for guests.&quot;,&quot;historyEmpty&quot;:&quot;No past conversations.&quot;,&quot;feedbackLikeLabel&quot;:&quot;Like response&quot;,&quot;feedbackDislikeLabel&quot;:&quot;Dislike response&quot;,&quot;feedbackSubmitted&quot;:&quot;Feedback submitted&quot;,&quot;copyActionLabel&quot;:&quot;Copy response&quot;,&quot;copyCodeLabel&quot;:&quot;Copy code&quot;,&quot;consentTitle&quot;:&quot;Consent Required&quot;,&quot;consentMessage&quot;:&quot;Before starting the conversation, please agree to our Terms of Service and Privacy Policy.&quot;,&quot;consentButton&quot;:&quot;I Agree&quot;,&quot;playActionLabel&quot;:&quot;Play audio&quot;,&quot;imageCommandEmptyPrompt&quot;:&quot;Please provide a description after the image command (e.g., \\\/image a cat playing with a ball).&quot;,&quot;pauseActionLabel&quot;:&quot;Pause audio&quot;,&quot;webSearchToggle&quot;:&quot;Toggle Web Search&quot;,&quot;webSearchActive&quot;:&quot;Web Search Active&quot;,&quot;webSearchInactive&quot;:&quot;Web Search Inactive&quot;,&quot;googleSearchGroundingToggle&quot;:&quot;Toggle Google Search Grounding&quot;,&quot;googleSearchGroundingActive&quot;:&quot;Google Search Grounding Active&quot;,&quot;googleSearchGroundingInactive&quot;:&quot;Google Search Grounding Inactive&quot;,&quot;dismissHint&quot;:&quot;Dismiss&quot;},&quot;customTypingText&quot;:&quot;M\u0105stoma ...&quot;}' data-custom-theme='{&quot;primary_color&quot;:&quot;#0F766E&quot;,&quot;secondary_color&quot;:&quot;#ECFEFF&quot;,&quot;auto_text_contrast&quot;:&quot;1&quot;,&quot;font_family&quot;:&quot;inherit&quot;,&quot;bubble_border_radius&quot;:18,&quot;container_border_radius&quot;:10,&quot;container_text_color&quot;:&quot;#2d3748&quot;,&quot;container_border_color&quot;:&quot;#1f4129&quot;,&quot;header_text_color&quot;:&quot;#718096&quot;,&quot;header_border_color&quot;:&quot;#e1e7ef&quot;,&quot;messages_bg_color&quot;:&quot;#f7f9fc&quot;,&quot;bot_bubble_bg_color&quot;:&quot;#e9ecef&quot;,&quot;bot_bubble_text_color&quot;:&quot;#2d3748&quot;,&quot;user_bubble_bg_color&quot;:&quot;#4a6fa5&quot;,&quot;input_wrapper_bg_color&quot;:&quot;#d6dfd9&quot;,&quot;input_wrapper_border_color&quot;:&quot;#193f24&quot;,&quot;input_text_color&quot;:&quot;#2d3748&quot;,&quot;send_button_bg_color&quot;:&quot;#4a6fa5&quot;,&quot;action_button_color&quot;:&quot;#718096&quot;,&quot;action_button_border_color&quot;:&quot;#d1d5db&quot;,&quot;action_button_hover_bg_color&quot;:&quot;#f0f4f8&quot;,&quot;action_button_hover_color&quot;:&quot;#2d3748&quot;,&quot;footer_text_color&quot;:&quot;#718096&quot;,&quot;footer_border_color&quot;:&quot;#e1e7ef&quot;,&quot;sidebar_bg_color&quot;:&quot;#ffffff&quot;,&quot;sidebar_text_color&quot;:&quot;#718096&quot;,&quot;sidebar_border_color&quot;:&quot;#e1e7ef&quot;,&quot;sidebar_active_bg_color&quot;:&quot;#edf2f7&quot;,&quot;sidebar_active_text_color&quot;:&quot;#4a6fa5&quot;,&quot;container_max_width&quot;:650,&quot;popup_width&quot;:400,&quot;container_height&quot;:450,&quot;container_max_height&quot;:70,&quot;container_min_height&quot;:250,&quot;popup_height&quot;:680,&quot;popup_min_height&quot;:320,&quot;popup_max_height&quot;:90}' >\n                <div class=\"aipkit_chat_main\">\n                                 <div class=\"aipkit_chat_header\">\n        <div class=\"aipkit_header_info\">\n                                <\/div>\n        <div class=\"aipkit_header_actions\">\n                            <button type=\"button\" class=\"aipkit_header_btn aipkit_fullscreen_btn\" title=\"Fullscreen\" aria-label=\"Fullscreen\" aria-expanded=\"false\">\n                    <svg  xmlns=\"http:\/\/www.w3.org\/2000\/svg\"  width=\"24\"  height=\"24\"  viewBox=\"0 0 24 24\"  fill=\"none\"  stroke=\"currentColor\"  stroke-width=\"2\"  stroke-linecap=\"round\"  stroke-linejoin=\"round\"  class=\"icon icon-tabler icons-tabler-outline icon-tabler-arrows-maximize\"><path stroke=\"none\" d=\"M0 0h24v24H0z\" fill=\"none\"\/><path d=\"M16 4l4 0l0 4\" \/><path d=\"M14 10l6 -6\" \/><path d=\"M8 20l-4 0l0 -4\" \/><path d=\"M4 20l6 -6\" \/><path d=\"M16 20l4 0l0 -4\" \/><path d=\"M14 14l6 6\" \/><path d=\"M8 4l-4 0l0 4\" \/><path d=\"M4 4l6 6\" \/><\/svg>                <\/button>\n                                        <div class=\"aipkit_download_wrapper\">\n                    <button type=\"button\" class=\"aipkit_header_btn aipkit_download_btn\" title=\"Download Transcript\" aria-label=\"Download Transcript\" aria-haspopup=\"menu\" aria-expanded=\"false\" aria-controls=\"aipkit_download_menu_1\">\n                        <svg  xmlns=\"http:\/\/www.w3.org\/2000\/svg\"  width=\"24\"  height=\"24\"  viewBox=\"0 0 24 24\"  fill=\"none\"  stroke=\"currentColor\"  stroke-width=\"2\"  stroke-linecap=\"round\"  stroke-linejoin=\"round\"  class=\"icon icon-tabler icons-tabler-outline icon-tabler-download\"><path stroke=\"none\" d=\"M0 0h24v24H0z\" fill=\"none\"\/><path d=\"M4 17v2a2 2 0 0 0 2 2h12a2 2 0 0 0 2 -2v-2\" \/><path d=\"M7 11l5 5l5 -5\" \/><path d=\"M12 4l0 12\" \/><\/svg>                    <\/button>\n                                            <div class=\"aipkit_download_menu\" id=\"aipkit_download_menu_1\" role=\"menu\" aria-hidden=\"true\">\n                            <button type=\"button\" class=\"aipkit_download_menu_item\" role=\"menuitem\" data-format=\"txt\">Download TXT<\/button>\n                        <\/div>\n                                    <\/div>\n                                <\/div>\n    <\/div>\n                             <div class=\"aipkit_chat_messages\"><\/div>\n                             <div class=\"aipkit_conversation_starters\"><\/div>\n                             <div class=\"aipkit_chat_input\">\n        <div class=\"aipkit_chat_input_wrapper\">\n            <textarea\n                id=\"aipkit_chat_input_field_1955\"\n                name=\"aipkit_chat_message_1955\"\n                class=\"aipkit_chat_input_field\"\n                placeholder=\"\u012eveskite savo \u017einut\u0119...\"\n                aria-label=\"Chat message input\"\n                rows=\"1\"\n            ><\/textarea>\n             <div class=\"aipkit_chat_input_actions_bar\">\n                <div class=\"aipkit_chat_input_actions_left\">\n                    <button\n                        type=\"button\"\n                        class=\"aipkit_input_action_btn aipkit_input_action_toggle\"\n                        aria-label=\"Attach files or use tools\"\n                        role=\"button\"\n                                                    aria-haspopup=\"true\"\n                            aria-controls=\"\"\n                            aria-expanded=\"false\"\n                                                hidden                    >\n                        <svg xmlns=\"http:\/\/www.w3.org\/2000\/svg\" width=\"24\" height=\"24\" viewBox=\"0 0 24 24\" fill=\"none\" stroke=\"currentColor\" stroke-width=\"2\" stroke-linecap=\"round\" stroke-linejoin=\"round\" class=\"icon icon-tabler icons-tabler-outline icon-tabler-paperclip\"><path stroke=\"none\" d=\"M0 0h24v24H0z\" fill=\"none\"\/><path d=\"M15 7l-6.5 6.5a1.5 1.5 0 0 0 3 3l6.5 -6.5a3 3 0 0 0 -6 -6l-6.5 6.5a4.5 4.5 0 0 0 9 9l6.5 -6.5\" \/><\/svg>                    <\/button>\n                                                         <\/div>\n                <div class=\"aipkit_chat_input_actions_right\">\n                    <button\n                        class=\"aipkit_input_action_btn aipkit_realtime_voice_agent_btn\"\n                        aria-label=\"Start Voice Conversation\"\n                        title=\"Start Voice Conversation\"\n                        type=\"button\"\n                        hidden                    >\n                        <svg xmlns=\"http:\/\/www.w3.org\/2000\/svg\" width=\"24\" height=\"24\" viewBox=\"0 0 24 24\" fill=\"none\" stroke=\"currentColor\" stroke-width=\"2\" stroke-linecap=\"round\" stroke-linejoin=\"round\" class=\"icon icon-tabler icons-tabler-outline icon-tabler-volume\"><path stroke=\"none\" d=\"M0 0h24v24H0z\" fill=\"none\"\/><path d=\"M15 8a5 5 0 0 1 0 8\" \/><path d=\"M17.7 5a9 9 0 0 1 0 14\" \/><path d=\"M6 15h-2a1 1 0 0 1 -1 -1v-4a1 1 0 0 1 1 -1h2l3.5 -4.5a.8 .8 0 0 1 1.5 .5v14a.8 .8 0 0 1 -1.5 .5l-3.5 -4.5\" \/><\/svg>                    <\/button>\n                    <button\n                        class=\"aipkit_input_action_btn aipkit_voice_input_btn\"\n                        aria-label=\"Voice input\"\n                        title=\"Voice input\"\n                        type=\"button\"\n                                            >\n                        <svg xmlns=\"http:\/\/www.w3.org\/2000\/svg\" width=\"24\" height=\"24\" viewBox=\"0 0 24 24\" fill=\"none\" stroke=\"currentColor\" stroke-width=\"2\" stroke-linecap=\"round\" stroke-linejoin=\"round\" class=\"icon icon-tabler icons-tabler-outline icon-tabler-microphone\"><path stroke=\"none\" d=\"M0 0h24v24H0z\" fill=\"none\"\/><path d=\"M9 2m0 3a3 3 0 0 1 3 -3h0a3 3 0 0 1 3 3v5a3 3 0 0 1 -3 3h0a3 3 0 0 1 -3 -3z\" \/><path d=\"M5 10a7 7 0 0 0 14 0\" \/><path d=\"M8 21l8 0\" \/><path d=\"M12 17l0 4\" \/><\/svg>                    <\/button>\n                    <button\n                        class=\"aipkit_input_action_btn aipkit_chat_action_btn aipkit_send_btn\"\n                        aria-label=\"Send Message\"\n                        title=\"Send Message\"\n                        type=\"button\"\n                    >\n                        <svg xmlns=\"http:\/\/www.w3.org\/2000\/svg\" width=\"24\" height=\"24\" viewBox=\"0 0 24 24\" fill=\"none\" stroke=\"currentColor\" stroke-width=\"2\" stroke-linecap=\"round\" stroke-linejoin=\"round\" class=\"icon icon-tabler icons-tabler-outline icon-tabler-arrow-up aipkit_send_icon\"><path stroke=\"none\" d=\"M0 0h24v24H0z\" fill=\"none\"\/><path d=\"M12 5l0 14\" \/><path d=\"M18 11l-6 -6\" \/><path d=\"M6 11l6 -6\" \/><\/svg>                        <svg xmlns=\"http:\/\/www.w3.org\/2000\/svg\" width=\"24\" height=\"24\" viewBox=\"0 0 24 24\" fill=\"none\" stroke=\"currentColor\" stroke-width=\"2\" stroke-linecap=\"round\" stroke-linejoin=\"round\" class=\"icon icon-tabler icons-tabler-outline icon-tabler-eraser aipkit_clear_icon\" hidden><path stroke=\"none\" d=\"M0 0h24v24H0z\" fill=\"none\"\/><path d=\"M19 20h-10.5l-4.21 -4.3a1 1 0 0 1 0 -1.41l10 -10a1 1 0 0 1 1.41 0l5 5a1 1 0 0 1 0 1.41l-9.2 9.3\" \/><path d=\"M18 13.3l-6.3 -6.3\" \/><\/svg>                        <span class=\"aipkit_spinner\" hidden><\/span>\n                    <\/button>\n                <\/div>\n            <\/div>\n        <\/div>\n            <\/div>\n                        <\/div>\n    <\/div>\n    <br \/>\n<a href=\"https:\/\/docs.google.com\/forms\/d\/1NlMo5Apiq9bUls1npYJ_t6bDRA8TgRAsDx13YRKUzjA\/preview\" target=\"_blank\" rel=\"noopener\"><br \/>\nPateiki mums atsiliepimus<br \/>\n<\/a><br \/>\n<a href=\"https:\/\/chatgpt.com\/g\/g-685eca803c708191824b3e7d7ce9ffc2-02-ecoinnovate-circularity-coach\" target=\"_blank\" rel=\"noopener\"><br \/>\nKeisti nar\u0161ykl\u0119 \u012f \u201eOpen AI\u201d<br \/>\n<\/a><br \/>\n<a href=\"https:\/\/ecoinnovate.eu\/index.php\/lt\/edu-bots-lithuanian\/\" target=\"_blank\" rel=\"noopener\"><\/p>\n<p>I\u0161bandyki kitus Edubotus<br \/>\n<\/a><\/p>\n","protected":false},"excerpt":{"rendered":"<p>\u017diedi\u0161kumo treneris \u201e\u017diedi\u0161kumo treneris\u201c parodo, kaip protingiau dirbti su med\u017eiagomis, \u012frankiais ir i\u0161tekliais. Remiantis \u017eiedin\u0117s ekonomikos principais, jis padeda suma\u017einti [&hellip;]<\/p>\n","protected":false},"author":4,"featured_media":0,"parent":0,"menu_order":0,"comment_status":"closed","ping_status":"closed","template":"","meta":{"footnotes":""},"class_list":["post-1503","page","type-page","status-publish","hentry"],"_links":{"self":[{"href":"https:\/\/ecoinnovate.eu\/index.php\/wp-json\/wp\/v2\/pages\/1503","targetHints":{"allow":["GET"]}}],"collection":[{"href":"https:\/\/ecoinnovate.eu\/index.php\/wp-json\/wp\/v2\/pages"}],"about":[{"href":"https:\/\/ecoinnovate.eu\/index.php\/wp-json\/wp\/v2\/types\/page"}],"author":[{"embeddable":true,"href":"https:\/\/ecoinnovate.eu\/index.php\/wp-json\/wp\/v2\/users\/4"}],"replies":[{"embeddable":true,"href":"https:\/\/ecoinnovate.eu\/index.php\/wp-json\/wp\/v2\/comments?post=1503"}],"version-history":[{"count":36,"href":"https:\/\/ecoinnovate.eu\/index.php\/wp-json\/wp\/v2\/pages\/1503\/revisions"}],"predecessor-version":[{"id":3577,"href":"https:\/\/ecoinnovate.eu\/index.php\/wp-json\/wp\/v2\/pages\/1503\/revisions\/3577"}],"wp:attachment":[{"href":"https:\/\/ecoinnovate.eu\/index.php\/wp-json\/wp\/v2\/media?parent=1503"}],"curies":[{"name":"wp","href":"https:\/\/api.w.org\/{rel}","templated":true}]}}