{"id":1494,"date":"2025-08-12T18:17:38","date_gmt":"2025-08-12T17:17:38","guid":{"rendered":"https:\/\/ecoinnovate.eu\/?page_id=1494"},"modified":"2026-01-23T12:17:06","modified_gmt":"2026-01-23T11:17:06","slug":"01-change-explorer1-lithuanian","status":"publish","type":"page","link":"https:\/\/ecoinnovate.eu\/index.php\/lt\/01-change-explorer1-lithuanian\/","title":{"rendered":"01 Poky\u010di\u0173 tyr\u0117jas"},"content":{"rendered":"\t\t<div data-elementor-type=\"wp-page\" data-elementor-id=\"1494\" class=\"elementor elementor-1494\" data-elementor-post-type=\"page\">\n\t\t\t\t<div class=\"elementor-element elementor-element-2b537a3 e-flex e-con-boxed e-con e-parent\" data-id=\"2b537a3\" data-element_type=\"container\" data-e-type=\"container\">\n\t\t\t\t\t<div class=\"e-con-inner\">\n\t\t\t\t<div class=\"elementor-element elementor-element-70d7f13 elementor-widget elementor-widget-heading\" data-id=\"70d7f13\" data-element_type=\"widget\" data-e-type=\"widget\" data-widget_type=\"heading.default\">\n\t\t\t\t<div class=\"elementor-widget-container\">\n\t\t\t\t\t<h2 class=\"elementor-heading-title elementor-size-default\"><h2>Poky\u010di\u0173 tyr\u0117jas<span><\/span><\/h2><\/h2>\t\t\t\t<\/div>\n\t\t\t\t<\/div>\n\t\t\t\t\t<\/div>\n\t\t\t\t<\/div>\n\t\t<div class=\"elementor-element elementor-element-681df09 e-flex e-con-boxed e-con e-parent\" data-id=\"681df09\" data-element_type=\"container\" data-e-type=\"container\">\n\t\t\t\t\t<div class=\"e-con-inner\">\n\t\t<div class=\"elementor-element elementor-element-b2ecd58 e-con-full e-flex e-con e-child\" data-id=\"b2ecd58\" data-element_type=\"container\" data-e-type=\"container\">\n\t\t\t\t<div class=\"elementor-element elementor-element-e664147 elementor-widget elementor-widget-image\" data-id=\"e664147\" data-element_type=\"widget\" data-e-type=\"widget\" data-widget_type=\"image.default\">\n\t\t\t\t<div class=\"elementor-widget-container\">\n\t\t\t\t\t\t\t\t\t\t\t\t\t\t\t<img fetchpriority=\"high\" decoding=\"async\" width=\"535\" height=\"410\" src=\"https:\/\/ecoinnovate.eu\/wp-content\/uploads\/2026\/01\/EduBot-1.png\" class=\"attachment-1536x1536 size-1536x1536 wp-image-3395\" alt=\"\" srcset=\"https:\/\/ecoinnovate.eu\/wp-content\/uploads\/2026\/01\/EduBot-1.png 535w, https:\/\/ecoinnovate.eu\/wp-content\/uploads\/2026\/01\/EduBot-1-300x230.png 300w\" sizes=\"(max-width: 535px) 100vw, 535px\" \/>\t\t\t\t\t\t\t\t\t\t\t\t\t\t\t<\/div>\n\t\t\t\t<\/div>\n\t\t\t\t<\/div>\n\t\t<div class=\"elementor-element elementor-element-45ff113 e-con-full e-flex e-con e-child\" data-id=\"45ff113\" data-element_type=\"container\" data-e-type=\"container\">\n\t\t\t\t<div class=\"elementor-element elementor-element-09e2abf elementor-widget elementor-widget-text-editor\" data-id=\"09e2abf\" data-element_type=\"widget\" data-e-type=\"widget\" data-widget_type=\"text-editor.default\">\n\t\t\t\t<div class=\"elementor-widget-container\">\n\t\t\t\t\t\t\t\t\t<p>Atraskite, kaip j\u016bs\u0173 profesija gali pad\u0117ti kurti tvaresn\u0119 ateit\u012f. \u0160is interaktyvus <i>Edubotas<\/i> pad\u0117s jums i\u0161siai\u0161kinti poky\u010di\u0173 j\u016bs\u0173 pramon\u0117s \u0161akoje prie\u017eastis, susieti savo kasdien\u012f darb\u0105 su pasauliniais tvarumo i\u0161\u0161\u016bkiais ir pristatys naujus vert\u0117s suvokimo b\u016bdus, pavyzd\u017eiui, <strong>produkt\u0173 pavertim\u0105 paslaugomis<\/strong>.<\/p><p>Prad\u0117kite savo kelion\u0119 \u010dia ir pamatykite, kaip nedideli poky\u010diai \u0161iandien gali sukurti dideles galimybes rytoj.\u00a0<\/p><p>\u00a0<\/p><ul><li><strong>Susieti su pasauliniais tikslais<\/strong><br \/>Kasdienio darbo suderinimas su tvaraus vystymosi tikslais<\/li><li><strong>Per\u0117jimas prie paslaug\u0173<\/strong><br \/>Per\u0117jimas nuo produkt\u0173 prie paslaug\u0173 modeli\u0173<\/li><li><strong>Mokytis ir apm\u0105styti<\/strong><br \/>Dalyvavimas mokymosi procese, siekiant suprasti poky\u010dius<\/li><\/ul>\t\t\t\t\t\t\t\t<\/div>\n\t\t\t\t<\/div>\n\t\t\t\t<\/div>\n\t\t\t\t\t<\/div>\n\t\t\t\t<\/div>\n\t\t<div class=\"elementor-element elementor-element-daa663d e-flex e-con-boxed e-con e-parent\" data-id=\"daa663d\" data-element_type=\"container\" data-e-type=\"container\">\n\t\t\t\t\t<div class=\"e-con-inner\">\n\t\t\t\t<div class=\"elementor-element elementor-element-770b908 elementor-widget elementor-widget-shortcode\" data-id=\"770b908\" data-element_type=\"widget\" data-e-type=\"widget\" data-widget_type=\"shortcode.default\">\n\t\t\t\t<div class=\"elementor-widget-container\">\n\t\t\t\t\t\t\t<div class=\"elementor-shortcode\">    <div class=\"aipkit_chat_container aipkit-theme-custom   aipkit-sidebar-state-closed aipkit-voice-input-enabled  \" id=\"aipkit_chat_container_1951\" data-bot-id=\"1951\" data-config='{&quot;botId&quot;:1951,&quot;ajaxUrl&quot;:&quot;https:\\\/\\\/ecoinnovate.eu\\\/wp-admin\\\/admin-ajax.php&quot;,&quot;nonce&quot;:&quot;0b8ec68c6d&quot;,&quot;postId&quot;:0,&quot;theme&quot;:&quot;custom&quot;,&quot;popupEnabled&quot;:false,&quot;popupPosition&quot;:&quot;bottom-right&quot;,&quot;popupDelay&quot;:1,&quot;popupIconType&quot;:&quot;default&quot;,&quot;popupIconStyle&quot;:&quot;circle&quot;,&quot;popupIconValue&quot;:&quot;chat-bubble&quot;,&quot;popupIconSize&quot;:&quot;medium&quot;,&quot;customThemePresetKey&quot;:&quot;lagoon&quot;,&quot;popupLabelEnabled&quot;:false,&quot;popupLabelText&quot;:&quot;&quot;,&quot;popupLabelMode&quot;:&quot;on_delay&quot;,&quot;popupLabelDelaySeconds&quot;:2,&quot;popupLabelAutoHideSeconds&quot;:0,&quot;popupLabelDismissible&quot;:true,&quot;popupLabelFrequency&quot;:&quot;once_per_visitor&quot;,&quot;popupLabelShowOnMobile&quot;:true,&quot;popupLabelShowOnDesktop&quot;:true,&quot;popupLabelVersion&quot;:&quot;&quot;,&quot;popupLabelSize&quot;:&quot;medium&quot;,&quot;streamEnabled&quot;:true,&quot;footerText&quot;:&quot;&quot;,&quot;headerAvatarType&quot;:&quot;default&quot;,&quot;headerAvatarValue&quot;:&quot;spark&quot;,&quot;headerAvatarUrl&quot;:&quot;&quot;,&quot;headerOnlineText&quot;:&quot;Online&quot;,&quot;enableFullscreen&quot;:true,&quot;enableDownload&quot;:true,&quot;enableCopyButton&quot;:true,&quot;enableFeedback&quot;:true,&quot;enableSidebar&quot;:false,&quot;pdfDownloadActive&quot;:false,&quot;headerName&quot;:&quot;011_LT_ECO_Change_Explorer&quot;,&quot;enableStarters&quot;:true,&quot;starters&quot;:[&quot;P r a d \u0117 t i !&quot;],&quot;requireConsentCompliance&quot;:false,&quot;ttsEnabled&quot;:false,&quot;ttsAutoPlay&quot;:false,&quot;ttsProvider&quot;:&quot;Google&quot;,&quot;ttsVoiceId&quot;:&quot;&quot;,&quot;ttsOpenAIModelId&quot;:&quot;tts-1&quot;,&quot;ttsElevenLabsModelId&quot;:&quot;&quot;,&quot;enableVoiceInputUI&quot;:true,&quot;enableRealtimeVoiceUI&quot;:false,&quot;directVoiceMode&quot;:false,&quot;realtimeModel&quot;:&quot;gpt-4o-realtime-preview&quot;,&quot;sttProvider&quot;:&quot;OpenAI&quot;,&quot;imageTriggers&quot;:&quot;\\\/image,\\\/generate&quot;,&quot;fileUploadEnabledUI&quot;:false,&quot;imageUploadEnabledUI&quot;:false,&quot;inputActionButtonEnabled&quot;:false,&quot;provider&quot;:&quot;OpenAI&quot;,&quot;vectorStoreProvider&quot;:&quot;openai&quot;,&quot;enableOpenAIConversationState&quot;:false,&quot;allowWebSearchTool&quot;:false,&quot;webToggleDefaultOn&quot;:false,&quot;showSources&quot;:true,&quot;allowGoogleSearchGrounding&quot;:false,&quot;googleGroundingMode&quot;:&quot;DEFAULT_MODE&quot;,&quot;googleGroundingDynamicThreshold&quot;:0.3,&quot;customThemeSettings&quot;:{&quot;primary_color&quot;:&quot;#0F766E&quot;,&quot;secondary_color&quot;:&quot;#ECFEFF&quot;,&quot;auto_text_contrast&quot;:&quot;1&quot;,&quot;font_family&quot;:&quot;inherit&quot;,&quot;bubble_border_radius&quot;:18,&quot;container_border_radius&quot;:10,&quot;container_text_color&quot;:&quot;#2d3748&quot;,&quot;container_border_color&quot;:&quot;#1f4129&quot;,&quot;header_text_color&quot;:&quot;#718096&quot;,&quot;header_border_color&quot;:&quot;#e1e7ef&quot;,&quot;messages_bg_color&quot;:&quot;#f7f9fc&quot;,&quot;bot_bubble_bg_color&quot;:&quot;#e9ecef&quot;,&quot;bot_bubble_text_color&quot;:&quot;#2d3748&quot;,&quot;user_bubble_bg_color&quot;:&quot;#4a6fa5&quot;,&quot;input_wrapper_bg_color&quot;:&quot;#d6dfd9&quot;,&quot;input_wrapper_border_color&quot;:&quot;#193f24&quot;,&quot;input_text_color&quot;:&quot;#2d3748&quot;,&quot;send_button_bg_color&quot;:&quot;#4a6fa5&quot;,&quot;action_button_color&quot;:&quot;#718096&quot;,&quot;action_button_border_color&quot;:&quot;#d1d5db&quot;,&quot;action_button_hover_bg_color&quot;:&quot;#f0f4f8&quot;,&quot;action_button_hover_color&quot;:&quot;#2d3748&quot;,&quot;footer_text_color&quot;:&quot;#718096&quot;,&quot;footer_border_color&quot;:&quot;#e1e7ef&quot;,&quot;sidebar_bg_color&quot;:&quot;#ffffff&quot;,&quot;sidebar_text_color&quot;:&quot;#718096&quot;,&quot;sidebar_border_color&quot;:&quot;#e1e7ef&quot;,&quot;sidebar_active_bg_color&quot;:&quot;#edf2f7&quot;,&quot;sidebar_active_text_color&quot;:&quot;#4a6fa5&quot;,&quot;container_max_width&quot;:650,&quot;popup_width&quot;:400,&quot;container_height&quot;:450,&quot;container_max_height&quot;:70,&quot;container_min_height&quot;:250,&quot;popup_height&quot;:680,&quot;popup_min_height&quot;:320,&quot;popup_max_height&quot;:90},&quot;text&quot;:{&quot;sendMessage&quot;:&quot;Send Message&quot;,&quot;sending&quot;:&quot;Sending...&quot;,&quot;typeMessage&quot;:&quot;\u012eveskite savo \u017einut\u0119...&quot;,&quot;thinking&quot;:&quot;Thinking&quot;,&quot;streaming&quot;:&quot;Streaming...&quot;,&quot;statusThinking&quot;:&quot;Thinking...&quot;,&quot;statusProcessing&quot;:&quot;Processing...&quot;,&quot;statusSearchingWeb&quot;:&quot;Searching web...&quot;,&quot;statusRetrievingContext&quot;:&quot;&quot;,&quot;statusCallingTool&quot;:&quot;Calling tool...&quot;,&quot;errorPrefix&quot;:&quot;Error:&quot;,&quot;userPrefix&quot;:&quot;User&quot;,&quot;sources&quot;:&quot;Sources&quot;,&quot;source&quot;:&quot;Source&quot;,&quot;clearChat&quot;:&quot;Clear Chat&quot;,&quot;fullscreen&quot;:&quot;Fullscreen&quot;,&quot;exitFullscreen&quot;:&quot;Exit Fullscreen&quot;,&quot;download&quot;:&quot;Download Transcript&quot;,&quot;downloadTxt&quot;:&quot;Download TXT&quot;,&quot;downloadPdf&quot;:&quot;Download PDF&quot;,&quot;downloadEmpty&quot;:&quot;Nothing to download.&quot;,&quot;pdfError&quot;:&quot;Could not generate PDF. jsPDF library might be missing.&quot;,&quot;streamError&quot;:&quot;Stream error. Please try again.&quot;,&quot;connError&quot;:&quot;Connection error. Please try again.&quot;,&quot;initialGreeting&quot;:&quot;Sveiki! A\u0161 esu \u201eChange Explorer\u201c!&quot;,&quot;initialSubgreeting&quot;:&quot;Spustel\u0117kite \u201ePrad\u0117ti\u201c ir smagiai praleiskite laik\u0105!&quot;,&quot;sidebarToggle&quot;:&quot;Toggle Conversation Sidebar&quot;,&quot;newChat&quot;:&quot;New Chat&quot;,&quot;conversations&quot;:&quot;Conversations&quot;,&quot;historyGuests&quot;:&quot;History unavailable for guests.&quot;,&quot;historyEmpty&quot;:&quot;No past conversations.&quot;,&quot;feedbackLikeLabel&quot;:&quot;Like response&quot;,&quot;feedbackDislikeLabel&quot;:&quot;Dislike response&quot;,&quot;feedbackSubmitted&quot;:&quot;Feedback submitted&quot;,&quot;copyActionLabel&quot;:&quot;Copy response&quot;,&quot;copyCodeLabel&quot;:&quot;Copy code&quot;,&quot;consentTitle&quot;:&quot;Consent Required&quot;,&quot;consentMessage&quot;:&quot;Before starting the conversation, please agree to our Terms of Service and Privacy Policy.&quot;,&quot;consentButton&quot;:&quot;I Agree&quot;,&quot;playActionLabel&quot;:&quot;Play audio&quot;,&quot;imageCommandEmptyPrompt&quot;:&quot;Please provide a description after the image command (e.g., \\\/image a cat playing with a ball).&quot;,&quot;pauseActionLabel&quot;:&quot;Pause audio&quot;,&quot;webSearchToggle&quot;:&quot;Toggle Web Search&quot;,&quot;webSearchActive&quot;:&quot;Web Search Active&quot;,&quot;webSearchInactive&quot;:&quot;Web Search Inactive&quot;,&quot;googleSearchGroundingToggle&quot;:&quot;Toggle Google Search Grounding&quot;,&quot;googleSearchGroundingActive&quot;:&quot;Google Search Grounding Active&quot;,&quot;googleSearchGroundingInactive&quot;:&quot;Google Search Grounding Inactive&quot;,&quot;dismissHint&quot;:&quot;Dismiss&quot;},&quot;customTypingText&quot;:&quot;M\u0105stoma ...&quot;}' data-custom-theme='{&quot;primary_color&quot;:&quot;#0F766E&quot;,&quot;secondary_color&quot;:&quot;#ECFEFF&quot;,&quot;auto_text_contrast&quot;:&quot;1&quot;,&quot;font_family&quot;:&quot;inherit&quot;,&quot;bubble_border_radius&quot;:18,&quot;container_border_radius&quot;:10,&quot;container_text_color&quot;:&quot;#2d3748&quot;,&quot;container_border_color&quot;:&quot;#1f4129&quot;,&quot;header_text_color&quot;:&quot;#718096&quot;,&quot;header_border_color&quot;:&quot;#e1e7ef&quot;,&quot;messages_bg_color&quot;:&quot;#f7f9fc&quot;,&quot;bot_bubble_bg_color&quot;:&quot;#e9ecef&quot;,&quot;bot_bubble_text_color&quot;:&quot;#2d3748&quot;,&quot;user_bubble_bg_color&quot;:&quot;#4a6fa5&quot;,&quot;input_wrapper_bg_color&quot;:&quot;#d6dfd9&quot;,&quot;input_wrapper_border_color&quot;:&quot;#193f24&quot;,&quot;input_text_color&quot;:&quot;#2d3748&quot;,&quot;send_button_bg_color&quot;:&quot;#4a6fa5&quot;,&quot;action_button_color&quot;:&quot;#718096&quot;,&quot;action_button_border_color&quot;:&quot;#d1d5db&quot;,&quot;action_button_hover_bg_color&quot;:&quot;#f0f4f8&quot;,&quot;action_button_hover_color&quot;:&quot;#2d3748&quot;,&quot;footer_text_color&quot;:&quot;#718096&quot;,&quot;footer_border_color&quot;:&quot;#e1e7ef&quot;,&quot;sidebar_bg_color&quot;:&quot;#ffffff&quot;,&quot;sidebar_text_color&quot;:&quot;#718096&quot;,&quot;sidebar_border_color&quot;:&quot;#e1e7ef&quot;,&quot;sidebar_active_bg_color&quot;:&quot;#edf2f7&quot;,&quot;sidebar_active_text_color&quot;:&quot;#4a6fa5&quot;,&quot;container_max_width&quot;:650,&quot;popup_width&quot;:400,&quot;container_height&quot;:450,&quot;container_max_height&quot;:70,&quot;container_min_height&quot;:250,&quot;popup_height&quot;:680,&quot;popup_min_height&quot;:320,&quot;popup_max_height&quot;:90}' >\n                <div class=\"aipkit_chat_main\">\n                                 <div class=\"aipkit_chat_header\">\n        <div class=\"aipkit_header_info\">\n                                <\/div>\n        <div class=\"aipkit_header_actions\">\n                            <button type=\"button\" class=\"aipkit_header_btn aipkit_fullscreen_btn\" title=\"Fullscreen\" aria-label=\"Fullscreen\" aria-expanded=\"false\">\n                    <svg  xmlns=\"http:\/\/www.w3.org\/2000\/svg\"  width=\"24\"  height=\"24\"  viewBox=\"0 0 24 24\"  fill=\"none\"  stroke=\"currentColor\"  stroke-width=\"2\"  stroke-linecap=\"round\"  stroke-linejoin=\"round\"  class=\"icon icon-tabler icons-tabler-outline icon-tabler-arrows-maximize\"><path stroke=\"none\" d=\"M0 0h24v24H0z\" fill=\"none\"\/><path d=\"M16 4l4 0l0 4\" \/><path d=\"M14 10l6 -6\" \/><path d=\"M8 20l-4 0l0 -4\" \/><path d=\"M4 20l6 -6\" \/><path d=\"M16 20l4 0l0 -4\" \/><path d=\"M14 14l6 6\" \/><path d=\"M8 4l-4 0l0 4\" \/><path d=\"M4 4l6 6\" \/><\/svg>                <\/button>\n                                        <div class=\"aipkit_download_wrapper\">\n                    <button type=\"button\" class=\"aipkit_header_btn aipkit_download_btn\" title=\"Download Transcript\" aria-label=\"Download Transcript\" aria-haspopup=\"menu\" aria-expanded=\"false\" aria-controls=\"aipkit_download_menu_1\">\n                        <svg  xmlns=\"http:\/\/www.w3.org\/2000\/svg\"  width=\"24\"  height=\"24\"  viewBox=\"0 0 24 24\"  fill=\"none\"  stroke=\"currentColor\"  stroke-width=\"2\"  stroke-linecap=\"round\"  stroke-linejoin=\"round\"  class=\"icon icon-tabler icons-tabler-outline icon-tabler-download\"><path stroke=\"none\" d=\"M0 0h24v24H0z\" fill=\"none\"\/><path d=\"M4 17v2a2 2 0 0 0 2 2h12a2 2 0 0 0 2 -2v-2\" \/><path d=\"M7 11l5 5l5 -5\" \/><path d=\"M12 4l0 12\" \/><\/svg>                    <\/button>\n                                            <div class=\"aipkit_download_menu\" id=\"aipkit_download_menu_1\" role=\"menu\" aria-hidden=\"true\">\n                            <button type=\"button\" class=\"aipkit_download_menu_item\" role=\"menuitem\" data-format=\"txt\">Download TXT<\/button>\n                        <\/div>\n                                    <\/div>\n                                <\/div>\n    <\/div>\n                             <div class=\"aipkit_chat_messages\"><\/div>\n                             <div class=\"aipkit_conversation_starters\"><\/div>\n                             <div class=\"aipkit_chat_input\">\n        <div class=\"aipkit_chat_input_wrapper\">\n            <textarea\n                id=\"aipkit_chat_input_field_1951\"\n                name=\"aipkit_chat_message_1951\"\n                class=\"aipkit_chat_input_field\"\n                placeholder=\"\u012eveskite savo \u017einut\u0119...\"\n                aria-label=\"Chat message input\"\n                rows=\"1\"\n            ><\/textarea>\n             <div class=\"aipkit_chat_input_actions_bar\">\n                <div class=\"aipkit_chat_input_actions_left\">\n                    <button\n                        type=\"button\"\n                        class=\"aipkit_input_action_btn aipkit_input_action_toggle\"\n                        aria-label=\"Attach files or use tools\"\n                        role=\"button\"\n                                                    aria-haspopup=\"true\"\n                            aria-controls=\"\"\n                            aria-expanded=\"false\"\n                                                hidden                    >\n                        <svg xmlns=\"http:\/\/www.w3.org\/2000\/svg\" width=\"24\" height=\"24\" viewBox=\"0 0 24 24\" fill=\"none\" stroke=\"currentColor\" stroke-width=\"2\" stroke-linecap=\"round\" stroke-linejoin=\"round\" class=\"icon icon-tabler icons-tabler-outline icon-tabler-paperclip\"><path stroke=\"none\" d=\"M0 0h24v24H0z\" fill=\"none\"\/><path d=\"M15 7l-6.5 6.5a1.5 1.5 0 0 0 3 3l6.5 -6.5a3 3 0 0 0 -6 -6l-6.5 6.5a4.5 4.5 0 0 0 9 9l6.5 -6.5\" \/><\/svg>                    <\/button>\n                                                         <\/div>\n                <div class=\"aipkit_chat_input_actions_right\">\n                    <button\n                        class=\"aipkit_input_action_btn aipkit_realtime_voice_agent_btn\"\n                        aria-label=\"Start Voice Conversation\"\n                        title=\"Start Voice Conversation\"\n                        type=\"button\"\n                        hidden                    >\n                        <svg xmlns=\"http:\/\/www.w3.org\/2000\/svg\" width=\"24\" height=\"24\" viewBox=\"0 0 24 24\" fill=\"none\" stroke=\"currentColor\" stroke-width=\"2\" stroke-linecap=\"round\" stroke-linejoin=\"round\" class=\"icon icon-tabler icons-tabler-outline icon-tabler-volume\"><path stroke=\"none\" d=\"M0 0h24v24H0z\" fill=\"none\"\/><path d=\"M15 8a5 5 0 0 1 0 8\" \/><path d=\"M17.7 5a9 9 0 0 1 0 14\" \/><path d=\"M6 15h-2a1 1 0 0 1 -1 -1v-4a1 1 0 0 1 1 -1h2l3.5 -4.5a.8 .8 0 0 1 1.5 .5v14a.8 .8 0 0 1 -1.5 .5l-3.5 -4.5\" \/><\/svg>                    <\/button>\n                    <button\n                        class=\"aipkit_input_action_btn aipkit_voice_input_btn\"\n                        aria-label=\"Voice input\"\n                        title=\"Voice input\"\n                        type=\"button\"\n                                            >\n                        <svg xmlns=\"http:\/\/www.w3.org\/2000\/svg\" width=\"24\" height=\"24\" viewBox=\"0 0 24 24\" fill=\"none\" stroke=\"currentColor\" stroke-width=\"2\" stroke-linecap=\"round\" stroke-linejoin=\"round\" class=\"icon icon-tabler icons-tabler-outline icon-tabler-microphone\"><path stroke=\"none\" d=\"M0 0h24v24H0z\" fill=\"none\"\/><path d=\"M9 2m0 3a3 3 0 0 1 3 -3h0a3 3 0 0 1 3 3v5a3 3 0 0 1 -3 3h0a3 3 0 0 1 -3 -3z\" \/><path d=\"M5 10a7 7 0 0 0 14 0\" \/><path d=\"M8 21l8 0\" \/><path d=\"M12 17l0 4\" \/><\/svg>                    <\/button>\n                    <button\n                        class=\"aipkit_input_action_btn aipkit_chat_action_btn aipkit_send_btn\"\n                        aria-label=\"Send Message\"\n                        title=\"Send Message\"\n                        type=\"button\"\n                    >\n                        <svg xmlns=\"http:\/\/www.w3.org\/2000\/svg\" width=\"24\" height=\"24\" viewBox=\"0 0 24 24\" fill=\"none\" stroke=\"currentColor\" stroke-width=\"2\" stroke-linecap=\"round\" stroke-linejoin=\"round\" class=\"icon icon-tabler icons-tabler-outline icon-tabler-arrow-up aipkit_send_icon\"><path stroke=\"none\" d=\"M0 0h24v24H0z\" fill=\"none\"\/><path d=\"M12 5l0 14\" \/><path d=\"M18 11l-6 -6\" \/><path d=\"M6 11l6 -6\" \/><\/svg>                        <svg xmlns=\"http:\/\/www.w3.org\/2000\/svg\" width=\"24\" height=\"24\" viewBox=\"0 0 24 24\" fill=\"none\" stroke=\"currentColor\" stroke-width=\"2\" stroke-linecap=\"round\" stroke-linejoin=\"round\" class=\"icon icon-tabler icons-tabler-outline icon-tabler-eraser aipkit_clear_icon\" hidden><path stroke=\"none\" d=\"M0 0h24v24H0z\" fill=\"none\"\/><path d=\"M19 20h-10.5l-4.21 -4.3a1 1 0 0 1 0 -1.41l10 -10a1 1 0 0 1 1.41 0l5 5a1 1 0 0 1 0 1.41l-9.2 9.3\" \/><path d=\"M18 13.3l-6.3 -6.3\" \/><\/svg>                        <span class=\"aipkit_spinner\" hidden><\/span>\n                    <\/button>\n                <\/div>\n            <\/div>\n        <\/div>\n            <\/div>\n                        <\/div>\n    <\/div>\n    <\/div>\n\t\t\t\t\t\t<\/div>\n\t\t\t\t<\/div>\n\t\t\t\t\t<\/div>\n\t\t\t\t<\/div>\n\t\t<div class=\"elementor-element elementor-element-965cd73 e-grid e-con-full e-con e-parent\" data-id=\"965cd73\" data-element_type=\"container\" data-e-type=\"container\">\n\t\t\t\t<div class=\"elementor-element elementor-element-1b4a2e4 elementor-align-center elementor-widget elementor-widget-button\" data-id=\"1b4a2e4\" data-element_type=\"widget\" data-e-type=\"widget\" data-widget_type=\"button.default\">\n\t\t\t\t<div class=\"elementor-widget-container\">\n\t\t\t\t\t\t\t\t\t<div class=\"elementor-button-wrapper\">\n\t\t\t\t\t<a class=\"elementor-button elementor-button-link elementor-size-sm\" href=\"https:\/\/docs.google.com\/forms\/d\/1JfWkx4SFmjBJj4kZvo5c2Ma5-98NkzMFRzKuky_GeAQ\/preview\" target=\"_blank\">\n\t\t\t\t\t\t<span class=\"elementor-button-content-wrapper\">\n\t\t\t\t\t\t\t\t\t<span class=\"elementor-button-text\">Pateikite mums atsiliepimus<\/span>\n\t\t\t\t\t<\/span>\n\t\t\t\t\t<\/a>\n\t\t\t\t<\/div>\n\t\t\t\t\t\t\t\t<\/div>\n\t\t\t\t<\/div>\n\t\t\t\t<div class=\"elementor-element elementor-element-6e735e7 elementor-align-center elementor-widget elementor-widget-button\" data-id=\"6e735e7\" data-element_type=\"widget\" data-e-type=\"widget\" data-widget_type=\"button.default\">\n\t\t\t\t<div class=\"elementor-widget-container\">\n\t\t\t\t\t\t\t\t\t<div class=\"elementor-button-wrapper\">\n\t\t\t\t\t<a class=\"elementor-button elementor-button-link elementor-size-sm\" href=\"https:\/\/chatgpt.com\/g\/g-685fb82b12a4819191b6123a715aaeda-change-explorer\" target=\"_blank\">\n\t\t\t\t\t\t<span class=\"elementor-button-content-wrapper\">\n\t\t\t\t\t\t\t\t\t<span class=\"elementor-button-text\">Keisti nar\u0161ykl\u0119 \u201eOpen AI\u201c<\/span>\n\t\t\t\t\t<\/span>\n\t\t\t\t\t<\/a>\n\t\t\t\t<\/div>\n\t\t\t\t\t\t\t\t<\/div>\n\t\t\t\t<\/div>\n\t\t\t\t<\/div>\n\t\t<div class=\"elementor-element elementor-element-09cca8f e-flex e-con-boxed e-con e-parent\" data-id=\"09cca8f\" data-element_type=\"container\" data-e-type=\"container\">\n\t\t\t\t\t<div class=\"e-con-inner\">\n\t\t\t\t<div class=\"elementor-element elementor-element-5c2fe50 elementor-widget elementor-widget-spacer\" data-id=\"5c2fe50\" data-element_type=\"widget\" data-e-type=\"widget\" data-widget_type=\"spacer.default\">\n\t\t\t\t<div class=\"elementor-widget-container\">\n\t\t\t\t\t\t\t<div class=\"elementor-spacer\">\n\t\t\t<div class=\"elementor-spacer-inner\"><\/div>\n\t\t<\/div>\n\t\t\t\t\t\t<\/div>\n\t\t\t\t<\/div>\n\t\t\t\t\t<\/div>\n\t\t\t\t<\/div>\n\t\t<div class=\"elementor-element elementor-element-1c3da89 e-flex e-con-boxed e-con e-parent\" data-id=\"1c3da89\" data-element_type=\"container\" data-e-type=\"container\">\n\t\t\t\t\t<div class=\"e-con-inner\">\n\t\t\t\t<div class=\"elementor-element elementor-element-5fcc971 elementor-align-justify elementor-widget elementor-widget-button\" data-id=\"5fcc971\" data-element_type=\"widget\" data-e-type=\"widget\" data-widget_type=\"button.default\">\n\t\t\t\t<div class=\"elementor-widget-container\">\n\t\t\t\t\t\t\t\t\t<div class=\"elementor-button-wrapper\">\n\t\t\t\t\t<a class=\"elementor-button elementor-button-link elementor-size-sm\" href=\"https:\/\/ecoinnovate.eu\/index.php\/lt\/edu-bots-lithuanian\/\" target=\"_blank\">\n\t\t\t\t\t\t<span class=\"elementor-button-content-wrapper\">\n\t\t\t\t\t\t<span class=\"elementor-button-icon\">\n\t\t\t\t<svg aria-hidden=\"true\" class=\"e-font-icon-svg e-fas-robot\" viewBox=\"0 0 640 512\" xmlns=\"http:\/\/www.w3.org\/2000\/svg\"><path d=\"M32,224H64V416H32A31.96166,31.96166,0,0,1,0,384V256A31.96166,31.96166,0,0,1,32,224Zm512-48V448a64.06328,64.06328,0,0,1-64,64H160a64.06328,64.06328,0,0,1-64-64V176a79.974,79.974,0,0,1,80-80H288V32a32,32,0,0,1,64,0V96H464A79.974,79.974,0,0,1,544,176ZM264,256a40,40,0,1,0-40,40A39.997,39.997,0,0,0,264,256Zm-8,128H192v32h64Zm96,0H288v32h64ZM456,256a40,40,0,1,0-40,40A39.997,39.997,0,0,0,456,256Zm-8,128H384v32h64ZM640,256V384a31.96166,31.96166,0,0,1-32,32H576V224h32A31.96166,31.96166,0,0,1,640,256Z\"><\/path><\/svg>\t\t\t<\/span>\n\t\t\t\t\t\t\t\t\t<span class=\"elementor-button-text\">I\u0161bandykite kitus Edubotus<\/span>\n\t\t\t\t\t<\/span>\n\t\t\t\t\t<\/a>\n\t\t\t\t<\/div>\n\t\t\t\t\t\t\t\t<\/div>\n\t\t\t\t<\/div>\n\t\t\t\t\t<\/div>\n\t\t\t\t<\/div>\n\t\t\t\t<\/div>\n\t\t","protected":false},"excerpt":{"rendered":"<p>Poky\u010di\u0173 tyr\u0117jas Atrask, kaip tavo\u00a0profesija gali pad\u0117ti kurti tvaresn\u0119 ateit\u012f. \u0160is interaktyvus Edubotas pad\u0117s i\u0161siai\u0161kinti poky\u010di\u0173 tavo pramon\u0117s \u0161akoje prie\u017eastis, [&hellip;]<\/p>\n","protected":false},"author":4,"featured_media":0,"parent":0,"menu_order":0,"comment_status":"closed","ping_status":"closed","template":"","meta":{"footnotes":""},"class_list":["post-1494","page","type-page","status-publish","hentry"],"_links":{"self":[{"href":"https:\/\/ecoinnovate.eu\/index.php\/wp-json\/wp\/v2\/pages\/1494","targetHints":{"allow":["GET"]}}],"collection":[{"href":"https:\/\/ecoinnovate.eu\/index.php\/wp-json\/wp\/v2\/pages"}],"about":[{"href":"https:\/\/ecoinnovate.eu\/index.php\/wp-json\/wp\/v2\/types\/page"}],"author":[{"embeddable":true,"href":"https:\/\/ecoinnovate.eu\/index.php\/wp-json\/wp\/v2\/users\/4"}],"replies":[{"embeddable":true,"href":"https:\/\/ecoinnovate.eu\/index.php\/wp-json\/wp\/v2\/comments?post=1494"}],"version-history":[{"count":43,"href":"https:\/\/ecoinnovate.eu\/index.php\/wp-json\/wp\/v2\/pages\/1494\/revisions"}],"predecessor-version":[{"id":3579,"href":"https:\/\/ecoinnovate.eu\/index.php\/wp-json\/wp\/v2\/pages\/1494\/revisions\/3579"}],"wp:attachment":[{"href":"https:\/\/ecoinnovate.eu\/index.php\/wp-json\/wp\/v2\/media?parent=1494"}],"curies":[{"name":"wp","href":"https:\/\/api.w.org\/{rel}","templated":true}]}}