{"id":1326,"date":"2025-07-04T10:12:44","date_gmt":"2025-07-04T09:12:44","guid":{"rendered":"https:\/\/ecoinnovate.eu\/?page_id=1326"},"modified":"2026-01-02T18:17:58","modified_gmt":"2026-01-02T17:17:58","slug":"datenschutzerklarung","status":"publish","type":"page","link":"https:\/\/ecoinnovate.eu\/index.php\/de\/datenschutzerklarung\/","title":{"rendered":"Datenschutzerkl\u00e4rung"},"content":{"rendered":"\t\t<div data-elementor-type=\"wp-page\" data-elementor-id=\"1326\" class=\"elementor elementor-1326\" data-elementor-post-type=\"page\">\n\t\t\t\t<div class=\"elementor-element elementor-element-a390d63 e-flex e-con-boxed e-con e-parent\" data-id=\"a390d63\" data-element_type=\"container\" data-e-type=\"container\">\n\t\t\t\t\t<div class=\"e-con-inner\">\n\t\t\t\t<div class=\"elementor-element elementor-element-37554c9 elementor-widget elementor-widget-text-editor\" data-id=\"37554c9\" data-element_type=\"widget\" data-e-type=\"widget\" data-widget_type=\"text-editor.default\">\n\t\t\t\t<div class=\"elementor-widget-container\">\n\t\t\t\t\t\t\t\t\t<ol><li><strong>EINLEITUNG<\/strong><\/li><\/ol><p>In dieser Datenschutzerkl\u00e4rung wird erl\u00e4utert, wie wir Ihre personenbezogenen Daten erheben, verwenden und sch\u00fctzen, wenn Sie unsere Website\u00a0<a href=\"https:\/\/ecoinnovate.eu\/index.php\/de\/home-2\/\">https:\/\/ecoinnovate.eu<\/a>\u00a0(die &#8220;Website&#8221;) besuchen und sich an unseren Projektaktivit\u00e4ten beteiligen, einschlie\u00dflich Kontaktformularen, Newsletter-Anmeldungen, EduBot-Nutzung, Veranstaltungsanmeldungen oder Interaktionen mit der EcoInnovate AI+-Plattform.<\/p><p>Durch die Nutzung dieser Website best\u00e4tigen Sie, dass Sie \u00fcber 13 Jahre alt sind. Wenn Sie unter 18 Jahre alt sind, stellen Sie bitte sicher, dass Sie die Erlaubnis eines Elternteils oder Erziehungsberechtigten einholen, bevor Sie personenbezogene Daten \u00fcbermitteln.<\/p><p><strong>EcoInnovate AI+<\/strong>\u00a0ist ein Partnerschaftsprojekt, das mitkoordiniert wird von:<\/p><ul><li><strong>The Critical<\/strong>, Vilnius, Litauen (Projektkoordinator)<\/li><li><strong>Hafelekar Unternehmensberatung GmbH<\/strong>, Neulengbach, \u00d6sterreich<\/li><\/ul><p>Diese Organisationen fungieren als gemeinsame Datenverantwortliche f\u00fcr alle Daten, die \u00fcber diese Website oder projektbezogene Aktivit\u00e4ten erhoben werden.<\/p><p><strong>Kontaktdaten:<\/strong><br \/>\u00a0 \u00a0E-Mail:\u00a0<a href=\"mailto:info@thecritical.lt\">info@thecritical.lt<\/a><br \/>\u00a0 \u00a0UAB, The Critical: Vilnius, Litauen<br \/>\u00a0 \u00a0Hafelekar: Neulengbach, \u00d6sterreich<\/p><p>Wenn Sie Bedenken hinsichtlich Ihrer Daten haben, k\u00f6nnen Sie sich an Ihre nationale Datenschutzbeh\u00f6rde wenden. Wir empfehlen Ihnen jedoch, sich zuerst mit uns in Verbindung zu setzen, um Probleme zu l\u00f6sen.<\/p><ol start=\"2\"><li><strong>WELCHE DATEN WIR SAMMELN<\/strong><\/li><\/ol><p>Wir k\u00f6nnen die folgenden Kategorien personenbezogener Daten erheben und verarbeiten:<\/p><ul><li><strong>Identit\u00e4t und Kontaktdaten<\/strong>: Name, E-Mail-Adresse, Organisation, Berufsbezeichnung (z. B. bei der Nutzung eines Kontaktformulars oder bei der Anmeldung zu Veranstaltungen).<\/li><li><strong>Nutzungsdaten<\/strong>: Wie Sie die Website nutzen, einschlie\u00dflich Seitenbesuche und Interaktionen mit EduBots.<\/li><li><strong>Technische Daten<\/strong>: Browsertyp, Betriebssystem, IP-Adresse und \u00e4hnliche technische Informationen.<\/li><li><strong>Kommunikationspr\u00e4ferenzen<\/strong>: Ihre Entscheidungen in Bezug auf Newsletter oder Bildungsupdates.<\/li><\/ul><p>Wir sammeln keine sensiblen Daten (z. B. gesundheitliche, religi\u00f6se oder politische Ansichten) und sammeln nicht absichtlich Daten von Nutzern unter 13 Jahren.<\/p><ol start=\"3\"><li><strong>WIE WIR DATEN SAMMELN<\/strong><\/li><\/ol><p>Wir erheben Ihre Daten durch:<\/p><ul><li><strong>Direkte Eingabe<\/strong>: \u00fcber Formulare, Umfragen, Chatbot-Interaktionen, Newsletter-Anmeldungen oder wenn Sie uns kontaktieren.<\/li><li><strong>Automatisiertes Tracking<\/strong>: durch Cookies und Analysetools, um zu verstehen, wie unsere Website und EduBots verwendet werden.<\/li><li><strong>Dienste von Drittanbietern<\/strong>: wie z. B. Google Analytics, nur zu Zwecken der Website-Optimierung.<\/li><\/ul><ol start=\"4\"><li><strong>WIE WIR IHRE DATEN VERWENDEN<\/strong><\/li><\/ol><p>Ihre personenbezogenen Daten werden verwendet, um:<\/p><ul><li>Beantworten Sie Ihre Anfragen oder Supportanfragen<\/li><li>Senden von Projektaktualisierungen, Einladungen zu Veranstaltungen oder Schulungsmaterialien (falls abonniert)<\/li><li>Verbesserung unserer Inhalte, EduBots und Benutzererfahrung<\/li><li>Meldung anonymisierter Nutzungsdaten an Erasmus+-Evaluatoren (nur aggregiert)<\/li><\/ul><p>Dabei st\u00fctzen wir uns auf folgende Rechtsgrundlagen:<\/p><ul><li><strong>Berechtigtes Interesse<\/strong>\u00a0(z.B. Verbesserung der Website, F\u00f6rderung von Projektergebnissen)<\/li><li><strong>Einwilligung<\/strong>\u00a0(f\u00fcr Newsletter und Outreach-Kommunikation)<\/li><li><strong>Gesetzliche Verpflichtung<\/strong>\u00a0(Erasmus+ Projektberichterstattung)<\/li><\/ul><p>Sie k\u00f6nnen Ihre Einwilligung jederzeit per E-Mail an\u00a0<a href=\"mailto:info@thecritical.lt\">info@thecritical.lt<\/a>\u00a0widerrufen.<\/p><ol start=\"5\"><li><strong>WEITERGABE VON DATEN<\/strong><\/li><\/ol><p>Wir\u00a0<strong>verkaufen<\/strong>\u00a0oder handeln nicht mit Ihren Daten.<\/p><p>Wir k\u00f6nnen Ihre Daten weitergeben an:<\/p><ul><li>Unsere Projektpartner (UAB, The Critical und Hafelekar)<\/li><li>IT- und Hosting-Anbieter, die unsere Website unterst\u00fctzen<\/li><li>Nationale Erasmus+-Agenturen oder Evaluatoren der Europ\u00e4ischen Kommission (anonymisiert, sofern f\u00fcr die Pr\u00fcfung nichts anderes erforderlich ist)<\/li><\/ul><p>Alle Dritten sind verpflichtet, Ihre Daten in \u00dcbereinstimmung mit den EU-Vorschriften zu respektieren und sicher zu verarbeiten.<\/p><ol start=\"6\"><li><strong>INTERNATIONALE DATEN\u00dcBERMITTLUNGEN<\/strong><\/li><\/ol><p>Wenn Daten au\u00dferhalb des Europ\u00e4ischen Wirtschaftsraums (EWR) \u00fcbermittelt werden, stellen wir sicher, dass dies unter angemessenen Garantien erfolgt, wie z. B. Standardvertragsklauseln oder EU-Angemessenheitsbeschl\u00fcssen.<\/p><ol start=\"7\"><li><strong>DATENSICHERHEIT<\/strong><\/li><\/ol><p>Wir wenden strenge Sicherheitsprotokolle an, einschlie\u00dflich Verschl\u00fcsselung, eingeschr\u00e4nktem Zugriff und sicheren Backups, um Ihre Daten zu sch\u00fctzen. Nur autorisiertes Personal aus unserem Projektteam oder vertrauensw\u00fcrdigen Anbietern kann auf personenbezogene Daten zugreifen, und das auch nur bei Bedarf.<\/p><ol start=\"8\"><li><strong>DATENSPEICHERUNG<\/strong><\/li><\/ol><p>Wir bewahren personenbezogene Daten nur so lange auf, wie es f\u00fcr die Projektabwicklung, die Einhaltung gesetzlicher Vorschriften und die Berichterstattung erforderlich ist \u2013 in der Regel bis zum Ende des Projekts oder sechs Jahre nach dem Projekt zu Pr\u00fcfungszwecken. Sie k\u00f6nnen eine fr\u00fchere L\u00f6schung verlangen, vorbehaltlich der gesetzlichen Anforderungen.<\/p><ol start=\"9\"><li><strong>IHRE RECHTE<\/strong><\/li><\/ol><p>Sie haben das Recht auf:<\/p><ul><li>Greifen Sie auf Ihre personenbezogenen Daten zu<\/li><li>Korrigieren Sie ungenaue oder veraltete Daten<\/li><li>L\u00f6schung beantragen (Recht auf Vergessenwerden)<\/li><li>Widerspruch gegen bestimmte Verarbeitungen einlegen<\/li><li>Einwilligung jederzeit widerrufen k\u00f6nnen<\/li><\/ul><p>Um Ihre Rechte auszu\u00fcben, wenden Sie sich bitte an:\u00a0<a href=\"mailto:info@thecritical.lt\"><strong>info@thecritical.lt<\/strong><\/a><\/p><p>Wir werden innerhalb von 30 Tagen antworten.<\/p><ol start=\"10\"><li><strong>LINKS VON DRITTANBIETERN<\/strong><\/li><\/ol><p>Unsere Website kann Links zu Websites von Bildungs- oder Projektpartnern enthalten. Wir sind nicht verantwortlich f\u00fcr die Datenschutzpraktiken dieser externen Websites. Bitte lesen Sie deren Datenschutzrichtlinien, bevor Sie Daten \u00fcbermitteln.<\/p><ol start=\"11\"><li><strong>Cookies<\/strong><\/li><\/ol><p>Wir verwenden Cookies, um Ihre Erfahrung zu optimieren und Nutzungsmuster zu verstehen. Sie k\u00f6nnen Cookies \u00fcber Ihre Browsereinstellungen ablehnen. Einige Funktionen (z. B. EduBots) funktionieren m\u00f6glicherweise nicht richtig, wenn Cookies deaktiviert sind.<\/p><hr \/><p><em>Letzte Aktualisierung: April 2025<\/em><\/p>\t\t\t\t\t\t\t\t<\/div>\n\t\t\t\t<\/div>\n\t\t\t\t\t<\/div>\n\t\t\t\t<\/div>\n\t\t\t\t<\/div>\n\t\t","protected":false},"excerpt":{"rendered":"<p>EINLEITUNG In dieser Datenschutzerkl\u00e4rung wird erl\u00e4utert, wie wir Ihre personenbezogenen Daten erheben, verwenden und sch\u00fctzen, wenn Sie unsere Website\u00a0https:\/\/ecoinnovate.eu\u00a0(die &#8220;Website&#8221;) [&hellip;]<\/p>\n","protected":false},"author":1,"featured_media":0,"parent":0,"menu_order":0,"comment_status":"closed","ping_status":"closed","template":"","meta":{"footnotes":""},"class_list":["post-1326","page","type-page","status-publish","hentry"],"_links":{"self":[{"href":"https:\/\/ecoinnovate.eu\/index.php\/wp-json\/wp\/v2\/pages\/1326","targetHints":{"allow":["GET"]}}],"collection":[{"href":"https:\/\/ecoinnovate.eu\/index.php\/wp-json\/wp\/v2\/pages"}],"about":[{"href":"https:\/\/ecoinnovate.eu\/index.php\/wp-json\/wp\/v2\/types\/page"}],"author":[{"embeddable":true,"href":"https:\/\/ecoinnovate.eu\/index.php\/wp-json\/wp\/v2\/users\/1"}],"replies":[{"embeddable":true,"href":"https:\/\/ecoinnovate.eu\/index.php\/wp-json\/wp\/v2\/comments?post=1326"}],"version-history":[{"count":25,"href":"https:\/\/ecoinnovate.eu\/index.php\/wp-json\/wp\/v2\/pages\/1326\/revisions"}],"predecessor-version":[{"id":3129,"href":"https:\/\/ecoinnovate.eu\/index.php\/wp-json\/wp\/v2\/pages\/1326\/revisions\/3129"}],"wp:attachment":[{"href":"https:\/\/ecoinnovate.eu\/index.php\/wp-json\/wp\/v2\/media?parent=1326"}],"curies":[{"name":"wp","href":"https:\/\/api.w.org\/{rel}","templated":true}]}}